{"id":1496,"date":"2021-08-05T13:21:10","date_gmt":"2021-08-05T13:21:10","guid":{"rendered":"https:\/\/dearmee.com\/?page_id=1496"},"modified":"2021-08-06T11:35:28","modified_gmt":"2021-08-06T11:35:28","slug":"terminos-y-condiciones-2","status":"publish","type":"page","link":"https:\/\/dearmee.com\/es\/terminos-y-condiciones-2\/","title":{"rendered":"T\u00e9rminos y condiciones"},"content":{"rendered":"\n<p>El idioma de interpretaci\u00f3n del presente acuerdo ser\u00e1 el espa\u00f1ol y la traducci\u00f3n al&nbsp;ingl\u00e9s&nbsp;ofrecida en el sitio web. Cualquier otra traducci\u00f3n que pueda ofrecerle, entre otros, su navegador,&nbsp;carecer\u00e1 de validez y no ser\u00e1 tenida en cuenta.<\/p>\n\n\n\n<h2 class=\"wp-block-heading\"><strong>Condiciones de servicio del programa de afiliados de Dear mee<\/strong><\/h2>\n\n\n\n<p>Paula Santolalla de Pedro (el titular \/ dearmee.com\/ Dearmee\/ nosotros)<\/p>\n\n\n\n<p>Nombre Comercial \/ Marca: DEAR MEE<\/p>\n\n\n\n<p>NIF: 47592988P<\/p>\n\n\n\n<p>Email: hello@dearmee.com<\/p>\n\n\n\n<p>Sitio web: dearmee.com&nbsp;&nbsp;&nbsp;&nbsp;&nbsp;&nbsp;&nbsp;&nbsp;&nbsp;&nbsp;&nbsp;&nbsp;&nbsp;&nbsp;&nbsp;&nbsp;&nbsp;&nbsp;&nbsp;&nbsp;&nbsp;&nbsp;&nbsp;&nbsp;&nbsp;&nbsp;&nbsp;&nbsp;&nbsp;&nbsp;&nbsp;&nbsp;&nbsp;&nbsp;&nbsp;&nbsp;&nbsp;&nbsp;&nbsp;<\/p>\n\n\n\n<h2 class=\"wp-block-heading\"><strong>Convenio<\/strong><\/h2>\n\n\n\n<p>Al registrarse para ser un Afiliado en el Programa de Afiliados de Dear mee (&#8220;Programa&#8221;), usted acepta estar sujeto a los siguientes t\u00e9rminos y condiciones (&#8220;T\u00e9rminos de servicio&#8221;).<\/p>\n\n\n\n<p><strong>Dear mee se<\/strong>&nbsp;reserva el derecho de actualizar y cambiar los T\u00e9rminos de servicio de vez en cuando sin previo aviso.&nbsp;Cualquier caracter\u00edstica nueva que aumente o mejore el Programa actual, incluido el lanzamiento de nuevas herramientas y recursos, estar\u00e1 sujeta a los T\u00e9rminos de servicio.&nbsp;El uso continuado del Programa despu\u00e9s de dichos cambios constituir\u00e1 su consentimiento para dichos cambios.<\/p>\n\n\n\n<p>La violaci\u00f3n de cualquiera de los t\u00e9rminos a continuaci\u00f3n resultar\u00e1 en la cancelaci\u00f3n de su Cuenta y la p\u00e9rdida de cualquier pago de comisi\u00f3n de afiliado pendiente ganado durante la violaci\u00f3n.&nbsp;Acepta utilizar el Programa de afiliados bajo su propio riesgo.<\/p>\n\n\n\n<h2 class=\"wp-block-heading\"><strong>T\u00e9rminos de la cuenta<\/strong><\/h2>\n\n\n\n<ul class=\"wp-block-list\"><li>Debe tener 18 a\u00f1os o m\u00e1s para ser parte de este programa.<\/li><li>Debes ser un humano.&nbsp;No se permiten cuentas registradas por &#8220;bots&#8221; u otros m\u00e9todos automatizados.<\/li><li>Debe proporcionar su nombre legal completo, una direcci\u00f3n de correo electr\u00f3nico v\u00e1lida y cualquier otra informaci\u00f3n solicitada para completar el proceso de registro.<\/li><li>Su inicio de sesi\u00f3n solo puede ser utilizado por una persona; no se permite un solo inicio de sesi\u00f3n compartido por varias personas.<\/li><li>Usted es responsable de mantener la seguridad de su cuenta y contrase\u00f1a.&nbsp;<strong>Dear mee<\/strong>no puede y no ser\u00e1 responsable por ninguna p\u00e9rdida o da\u00f1o por su incumplimiento de esta obligaci\u00f3n de seguridad.<\/li><li>Usted es responsable de todo el Contenido publicado y la actividad que se produzca en su cuenta.<\/li><li>Una persona o entidad legal no puede mantener m\u00e1s de una cuenta.<\/li><li>No puede utilizar el Programa de afiliados para ning\u00fan prop\u00f3sito ilegal o no autorizado. No debe, en el uso del Servicio, violar ninguna ley en su jurisdicci\u00f3n (incluidas, entre otras, las leyes de derechos de autor).<\/li><li>No puede utilizar el Programa de afiliados para ganar dinero en sus propias cuentas de productos&nbsp;<strong>Dear mee<\/strong>&nbsp;<\/li><\/ul>\n\n\n\n<h2 class=\"wp-block-heading\">Enlaces \/ gr\u00e1ficos en su sitio, en sus correos electr\u00f3nicos u otras comunicaciones<\/h2>\n\n\n\n<p>Una vez que se haya registrado en el Programa de afiliados, se le asignar\u00e1 un C\u00f3digo de afiliado \u00fanico.&nbsp;Se le permite colocar enlaces, pancartas u otros gr\u00e1ficos que proporcionamos con su C\u00f3digo de afiliado en su sitio, en sus correos electr\u00f3nicos o en otras comunicaciones.&nbsp;Le proporcionaremos pautas, estilos de enlaces e ilustraciones gr\u00e1ficas para usar en los enlaces a&nbsp;<strong>Dear mee<\/strong>&nbsp;.&nbsp;Podemos cambiar el dise\u00f1o de la obra de arte en cualquier momento sin previo aviso, pero no cambiaremos las dimensiones de las im\u00e1genes sin previo aviso.<\/p>\n\n\n\n<p>Para permitir el seguimiento preciso, los informes y la acumulaci\u00f3n de tarifas de referencia, le proporcionaremos formatos de enlace especiales que se utilizar\u00e1n en todos los enlaces entre su sitio y&nbsp;<strong>Dear mee<\/strong>&nbsp;.&nbsp;Debe asegurarse de que cada uno de los enlaces entre su sitio y&nbsp;<strong>Dear mee<\/strong>&nbsp;utilice correctamente estos formatos de enlace especiales.&nbsp;Los enlaces a&nbsp;<strong>Dear mee<\/strong>&nbsp;colocados en su sitio de conformidad con este Acuerdo y que utilizan correctamente dichos formatos de enlace especiales se denominan &#8220;Enlaces especiales&#8221;.&nbsp;Obtendr\u00e1 tarifas de referencia solo con respecto a las ventas en un&nbsp;<strong>Dear mee<\/strong>producto que se produce directamente a trav\u00e9s de enlaces especiales;&nbsp;no seremos responsables ante usted con respecto a cualquier falla suya o de alguien a quien usted refiera en el uso de V\u00ednculos especiales o ingrese incorrectamente su C\u00f3digo de afiliado, incluso en la medida en que dicha falla pueda resultar en una reducci\u00f3n de los montos que de otro modo se le pagar\u00edan a usted de conformidad con este Acuerdo.<\/p>\n\n\n\n<p>Los enlaces de afiliados deben apuntar a la p\u00e1gina del producto que se promociona.<\/p>\n\n\n\n<h2 class=\"wp-block-heading\">Tarifas \/ comisiones de referencia y pago<\/h2>\n\n\n\n<p>Para que la venta de un Producto sea elegible para ganar una tarifa de referencia, el cliente debe hacer clic en un Enlace especial desde su sitio, correo electr\u00f3nico u otras comunicaciones a&nbsp;<strong>https:\/\/dearmee.com<\/strong>&nbsp;y completar un pedido de un producto durante esa sesi\u00f3n.<\/p>\n\n\n\n<p>Solo pagaremos comisiones por los enlaces que nuestros sistemas rastrean e informan autom\u00e1ticamente.&nbsp;No pagaremos comisiones si alguien dice que compr\u00f3 o alguien dice que ingres\u00f3 un c\u00f3digo de referencia si nuestro sistema no lo rastre\u00f3.&nbsp;Solo podemos pagar comisiones por negocios generados a trav\u00e9s de enlaces especiales con el formato adecuado que fueron rastreados autom\u00e1ticamente por nuestros sistemas.<\/p>\n\n\n\n<p>Nos reservamos el derecho de descalificar las comisiones ganadas a trav\u00e9s de m\u00e9todos de marketing o ventas fraudulentos, ilegales o demasiado agresivos y cuestionables.<\/p>\n\n\n\n<p>Los pagos solo comienzan una vez que haya ganado m\u00e1s de&nbsp;<strong>50\u20ac<\/strong>&nbsp;en ingresos de afiliados.&nbsp;Si su cuenta de afiliado nunca cruza el&nbsp;umbral&nbsp;<strong>de 50\u20ac<\/strong>, sus comisiones no se realizar\u00e1n ni se pagar\u00e1n.&nbsp;Solo somos responsables de pagar las cuentas que hayan cruzado el&nbsp;umbral&nbsp;<strong>de 50\u20ac<\/strong>.<\/p>\n\n\n\n<p>Usted se har\u00e1 cargo de los costes de cambio de moneda y transacci\u00f3n.<\/p>\n\n\n\n<h2 class=\"wp-block-heading\">Identificarse como un afiliado de Dear Mee<\/h2>\n\n\n\n<p>No puede emitir ning\u00fan comunicado de prensa con respecto a este Acuerdo o su participaci\u00f3n en el Programa;&nbsp;tal acci\u00f3n puede resultar en su terminaci\u00f3n del Programa.&nbsp;Adem\u00e1s, no puede de ninguna manera tergiversar o embellecer la relaci\u00f3n entre nosotros y usted, decir que desarrolla nuestros productos, decir que es parte de&nbsp;<strong>Dear mee<\/strong>&nbsp;o expresar o insinuar cualquier relaci\u00f3n o afiliaci\u00f3n entre nosotros y usted o cualquier otra persona o entidad. Excepto seg\u00fan lo permitido expresamente por este Acuerdo (incluso al expresar o implicar que apoyamos, patrocinamos, respaldamos o contribuimos con dinero a cualquier organizaci\u00f3n ben\u00e9fica u otra causa).<\/p>\n\n\n\n<p>No puede comprar productos a trav\u00e9s de sus enlaces de afiliados para su propio uso.&nbsp;Dichas compras pueden resultar (a nuestro exclusivo criterio) en la retenci\u00f3n de las tarifas de referencia y \/ o la terminaci\u00f3n de este Acuerdo.<\/p>\n\n\n\n<h2 class=\"wp-block-heading\">Calendario de pago<\/h2>\n\n\n\n<p>Siempre que sus ganancias de afiliado actual sean superiores a&nbsp;<strong>50\u20ac<\/strong>, se le pagar\u00e1 cada mes.&nbsp;Si no ha ganado&nbsp;<strong>50\u20ac<\/strong>&nbsp;desde su \u00faltimo pago, le pagaremos el mes siguiente despu\u00e9s de que haya cruzado el umbral.<\/p>\n\n\n\n<h2 class=\"wp-block-heading\">Definici\u00f3n de cliente<\/h2>\n\n\n\n<p>Los clientes que compren productos a trav\u00e9s de este Programa se considerar\u00e1n nuestros clientes.&nbsp;En consecuencia, todas nuestras reglas, pol\u00edticas y procedimientos operativos relacionados con los pedidos de los clientes, el servicio al cliente y la venta de productos se aplicar\u00e1n a esos clientes.&nbsp;Podemos cambiar nuestras pol\u00edticas y procedimientos operativos en cualquier momento.&nbsp;Por ejemplo, determinaremos los precios que se cobrar\u00e1n por los productos vendidos bajo este Programa de acuerdo con nuestras propias pol\u00edticas de precios.&nbsp;Los precios y la disponibilidad de los productos pueden variar de vez en cuando.&nbsp;Debido a que los cambios de precio pueden afectar los Productos que ha incluido en su sitio, no debe mostrar los precios de los productos en su sitio.&nbsp;Haremos todos los esfuerzos comercialmente razonables para presentar informaci\u00f3n precisa, pero no podemos garantizar la disponibilidad o el precio de ning\u00fan producto en particular.<\/p>\n\n\n\n<h2 class=\"wp-block-heading\"><strong>Tus responsabilidades<\/strong><\/h2>\n\n\n\n<p>Usted ser\u00e1 el \u00fanico responsable del desarrollo, funcionamiento y mantenimiento de su sitio y de todos los materiales que aparecen en su sitio.&nbsp;Por ejemplo, usted ser\u00e1 el \u00fanico responsable de:<\/p>\n\n\n\n<p>&#8211; El funcionamiento t\u00e9cnico de su sitio y todo el equipo relacionado<br>&#8211; Garantizar que la visualizaci\u00f3n de enlaces especiales en su sitio no viola ning\u00fan acuerdo entre usted y un tercero (incluidas, entre otras, las restricciones o requisitos que le imponga un tercero que aloje su sitio)<br>: la precisi\u00f3n, la veracidad y la idoneidad de los materiales publicados en su sitio (incluidos, entre otras cosas, todos los materiales relacionados con el producto y cualquier informaci\u00f3n que incluya o se asocie con los enlaces especiales)<br>: garantizar que los materiales publicados en su sitio no violar o infringir los derechos de terceros (incluidos, por ejemplo, derechos de autor, marcas comerciales, privacidad u otros derechos personales o de propiedad)<br>&#8211; Asegurarse de que los materiales publicados en su sitio no sean difamatorios o ilegales<br>&#8211; Asegurarse de que su sitio divulgue de manera precisa y adecuada, ya sea a trav\u00e9s de una pol\u00edtica de privacidad o de otra manera, c\u00f3mo recopila, usa, almacena y divulga los datos recopilados de los visitantes, incluido, d\u00f3nde aplicable, que terceros (incluidos los anunciantes) pueden ofrecer contenido y \/ o anuncios y recopilar informaci\u00f3n directamente de los visitantes y pueden colocar o reconocer cookies en los navegadores de los visitantes.<\/p>\n\n\n\n<h2 class=\"wp-block-heading\"><strong>De acuerdo con las leyes<\/strong><\/h2>\n\n\n\n<p>Como condici\u00f3n para su participaci\u00f3n en el Programa, usted acepta que mientras sea un participante del Programa, cumplir\u00e1 con todas las leyes, ordenanzas, reglas, regulaciones, \u00f3rdenes, licencias, permisos, sentencias, decisiones u otros requisitos de cualquier autoridad gubernamental que tenga jurisdicci\u00f3n sobre usted, ya sea que esas leyes, etc. est\u00e9n vigentes o entren en vigencia m\u00e1s adelante durante el tiempo que sea participante del Programa.&nbsp;Sin limitar la obligaci\u00f3n anterior, usted acepta que, como condici\u00f3n para su participaci\u00f3n en el Programa, cumplir\u00e1 con todas las leyes aplicables (federales, estatales o de otro tipo) que rigen el correo electr\u00f3nico de marketing y todas las otras leyes anti-spam.<\/p>\n\n\n\n<h2 class=\"wp-block-heading\"><strong>Duraci\u00f3n del acuerdo y programa<\/strong><\/h2>\n\n\n\n<p>La vigencia de este Acuerdo comenzar\u00e1 con nuestra aceptaci\u00f3n de su solicitud de Programa y terminar\u00e1 cuando cualquiera de las partes lo rescinda.&nbsp;<strong>Dear Mee<\/strong> se reserva el derecho de aceptar o desestimar una solicitud de afiliaci\u00f3n sin necesidad de justificaci\u00f3n alguna. Usted o nosotros podemos rescindir este Acuerdo en cualquier momento, con o sin causa, notificando por escrito a la otra parte de la rescisi\u00f3n.&nbsp;Tras la terminaci\u00f3n de este Acuerdo por cualquier motivo, dejar\u00e1 de usar y eliminar\u00e1 de su sitio de inmediato todos los enlaces a&nbsp;<strong>https:\/\/dearmee.com<\/strong>&nbsp;y todas nuestras marcas comerciales, imagen comercial y logotipos, y todos los dem\u00e1s materiales proporcionados por nosotros o en nuestro nombre de conformidad con el presente o en relaci\u00f3n con el Programa.&nbsp;<strong>Dear mee se<\/strong>&nbsp;reserva el derecho de finalizar el Programa en cualquier momento.&nbsp;Al finalizar el programa,&nbsp;<strong>Dear mee<\/strong>&nbsp;pagar\u00e1 las ganancias pendientes acumuladas que superen los&nbsp;<strong>50\u20ac<\/strong>&nbsp;.<\/p>\n\n\n\n<h2 class=\"wp-block-heading\"><strong>Terminaci\u00f3n<\/strong><\/h2>\n\n\n\n<p><strong>Dear mee<\/strong>&nbsp;, a su entera discreci\u00f3n, tiene el derecho de suspender o cancelar su cuenta y rechazar cualquier uso actual o futuro del Programa, o cualquier otro&nbsp;servicio de&nbsp;<strong>Dear mee<\/strong>&nbsp;, por cualquier motivo y en cualquier momento.&nbsp;Dicha terminaci\u00f3n del Servicio resultar\u00e1 en la desactivaci\u00f3n o eliminaci\u00f3n de su Cuenta o su acceso a su Cuenta, y la p\u00e9rdida y renuncia de todas las comisiones potenciales o por pagar en su Cuenta si se obtuvieron de manera fraudulenta, ilegal o m\u00e9todos de marketing o ventas demasiado agresivos y cuestionables.&nbsp;<strong>Dear mee se<\/strong>&nbsp;reserva el derecho de rechazar el servicio a cualquier persona por cualquier motivo y en cualquier momento.<\/p>\n\n\n\n<h2 class=\"wp-block-heading\"><strong>Relaci\u00f3n de las partes<\/strong><\/h2>\n\n\n\n<p>Usted y nosotros somos contratistas independientes, y nada en este Acuerdo crear\u00e1 ninguna sociedad, empresa conjunta, agencia, franquicia, representante de ventas o relaci\u00f3n laboral entre las partes.&nbsp;No tendr\u00e1 autoridad para hacer o aceptar ofertas o representaciones en nuestro nombre.&nbsp;No har\u00e1 ninguna declaraci\u00f3n, ya sea en su sitio o de otro modo, que pueda contradecir razonablemente algo de esta Secci\u00f3n.<\/p>\n\n\n\n<h2 class=\"wp-block-heading\"><strong>Limitaciones de responsabilidad<\/strong><\/h2>\n\n\n\n<p>No seremos responsables por da\u00f1os indirectos, especiales o consecuentes (o cualquier p\u00e9rdida de ingresos, ganancias o datos) que surjan en relaci\u00f3n con este Acuerdo o el Programa, incluso si se nos ha informado de la posibilidad de tales da\u00f1os.&nbsp;Adem\u00e1s, nuestra responsabilidad total que surja con respecto a este Acuerdo y el Programa no exceder\u00e1 las tarifas totales de referencia pagadas o pagaderas a usted en virtud de este Acuerdo.<\/p>\n\n\n\n<h2 class=\"wp-block-heading\"><strong>Descargos de responsabilidad<\/strong><\/h2>\n\n\n\n<p>No ofrecemos garant\u00edas ni representaciones expl\u00edcitas o impl\u00edcitas con respecto al Programa o cualquier producto vendido a trav\u00e9s del Programa (incluidas, entre otras, las garant\u00edas de idoneidad, comerciabilidad, no infracci\u00f3n o cualquier garant\u00eda impl\u00edcita que surja de un curso de desempe\u00f1o, negociaci\u00f3n o uso comercial).&nbsp;Adem\u00e1s, no&nbsp;garantizamos&nbsp;que el funcionamiento de&nbsp;<strong>Dear mee<\/strong>&nbsp;sea \u200b\u200bininterrumpido o libre de errores, y no seremos responsables de las consecuencias de cualquier interrupci\u00f3n, modificaci\u00f3n o error.<\/p>\n\n\n\n<h2 class=\"wp-block-heading\"><strong>Investigaci\u00f3n independiente<\/strong><\/h2>\n\n\n\n<p>USTED RECONOCE QUE HA LE\u00cdDO ESTE ACUERDO Y EST\u00c1 DE ACUERDO CON TODOS SUS T\u00c9RMINOS Y CONDICIONES.&nbsp;USTED ENTIENDE QUE EN CUALQUIER MOMENTO (DIRECTA O INDIRECTAMENTE) PODEMOS SOLICITAR REFERENCIAS DEL CLIENTE EN T\u00c9RMINOS QUE PUEDEN DIFERIR DE LOS CONTENIDOS EN ESTE ACUERDO U OPERAR SITIOS WEB SIMILARES A SU SITIO WEB O COMPETIR CON SU SITIO WEB.&nbsp;USTED HA EVALUADO INDEPENDIENTEMENTE EL DESEO DE PARTICIPAR EN EL PROGRAMA Y NO SE CONFIAN EN NINGUNA REPRESENTACI\u00d3N, GARANT\u00cdA O DECLARACI\u00d3N DIFERENTE A LO ESTABLECIDO EN ESTE ACUERDO.<\/p>\n\n\n\n<h2 class=\"wp-block-heading\"><strong>Fuero y legislaci\u00f3n aplicable<\/strong><\/h2>\n\n\n\n<p>Si se produjese cualquier diferencia entre las partes en lo que se refiere a la interpretaci\u00f3n, cumplimiento y efectos de este acuerdo, siempre que no se llegue a una&nbsp; resoluci\u00f3n&nbsp; de la controversia aceptada por ambas partes, las mismas se someten a la legislaci\u00f3n espa\u00f1ola y a los juzgados y tribunales del domicilio del afiliado. En el caso de que el afiliado tenga su domicilio fuera de Espa\u00f1a<strong>, <\/strong>el titular del sitio dearmee.com y el afiliado, se someten, con renuncia expresa a cualquier otro fuero, a los juzgados y tribunales del domicilio del titular. &nbsp;<\/p>\n\n\n\n<h2 class=\"wp-block-heading\"><strong>Diverso<\/strong><\/h2>\n\n\n\n<p>No puede ceder este Acuerdo, por aplicaci\u00f3n de la ley o de otro modo, sin nuestro consentimiento previo por escrito.&nbsp;Sujeto a esa restricci\u00f3n, este Acuerdo ser\u00e1 vinculante, redundar\u00e1 en beneficio de y ser\u00e1 ejecutable contra las partes y sus respectivos sucesores y cesionarios.&nbsp;Nuestra incapacidad para hacer cumplir su estricto cumplimiento de cualquier disposici\u00f3n de este Acuerdo no constituir\u00e1 una renuncia a nuestro derecho de hacer cumplir posteriormente dicha disposici\u00f3n o cualquier otra disposici\u00f3n de este Acuerdo.<\/p>\n\n\n\n<p>El hecho de que&nbsp;<strong>Dear mee no<\/strong>&nbsp;ejerza o haga cumplir cualquier derecho o disposici\u00f3n de los T\u00e9rminos de servicio no constituir\u00e1 una renuncia a dicho derecho o disposici\u00f3n.&nbsp;Los T\u00e9rminos de servicio constituyen el acuerdo completo entre usted y&nbsp;<strong>Dear mee<\/strong>&nbsp;y rigen su uso del Servicio, reemplazando cualquier acuerdo anterior entre usted y&nbsp;<strong>Dear mee<\/strong>&nbsp;(incluidas, entre otras, las versiones anteriores de los T\u00e9rminos de servicio).<\/p>\n\n\n\n<p>Si desea m\u00e1s informaci\u00f3n sobre el funcionamiento del sitio web puede consultar el&nbsp;<a href=\"https:\/\/dearmee.com\/es\/aviso-legal\/\"><u>aviso legal<\/u><\/a>&nbsp;,&nbsp;la&nbsp;<a href=\"https:\/\/dearmee.com\/es\/politica-privacidad\/\"><u>pol\u00edtica de privacidad<\/u><\/a>,&nbsp;&nbsp;la&nbsp;<a href=\"https:\/\/dearmee.com\/es\/politica-de-cookies\/\"><u>pol\u00edtica de cookies<\/u><\/a>&nbsp;y las <a href=\"https:\/\/dearmee.com\/es\/como-funciona\/\"><u>preguntas frecuentes<\/u><\/a>.<\/p>\n","protected":false},"excerpt":{"rendered":"<p>El idioma de interpretaci\u00f3n del presente acuerdo ser\u00e1 el espa\u00f1ol y la traducci\u00f3n al&nbsp;ingl\u00e9s&nbsp;ofrecida en el sitio web. Cualquier otra traducci\u00f3n que pueda ofrecerle, entre otros, su navegador,&nbsp;carecer\u00e1 de validez y no ser\u00e1 tenida en cuenta. Condiciones de servicio del programa de afiliados de Dear mee Paula Santolalla de Pedro (el titular \/ dearmee.com\/ Dearmee\/ [&hellip;]<\/p>\n","protected":false},"author":24,"featured_media":0,"parent":0,"menu_order":0,"comment_status":"closed","ping_status":"closed","template":"","meta":{"footnotes":""},"class_list":["post-1496","page","type-page","status-publish","hentry"],"yoast_head":"<!-- This site is optimized with the Yoast SEO plugin v16.1.1 - https:\/\/yoast.com\/wordpress\/plugins\/seo\/ -->\n<title>T\u00e9rminos y condiciones - Dear mee<\/title>\n<link rel=\"canonical\" href=\"https:\/\/dearmee.com\/es\/terminos-y-condiciones-2\/\" \/>\n<meta property=\"og:locale\" content=\"es_ES\" \/>\n<meta property=\"og:type\" content=\"article\" \/>\n<meta property=\"og:title\" content=\"T\u00e9rminos y condiciones - Dear mee\" \/>\n<meta property=\"og:description\" content=\"El idioma de interpretaci\u00f3n del presente acuerdo ser\u00e1 el espa\u00f1ol y la traducci\u00f3n al&nbsp;ingl\u00e9s&nbsp;ofrecida en el sitio web. Cualquier otra traducci\u00f3n que pueda ofrecerle, entre otros, su navegador,&nbsp;carecer\u00e1 de validez y no ser\u00e1 tenida en cuenta. Condiciones de servicio del programa de afiliados de Dear mee Paula Santolalla de Pedro (el titular \/ dearmee.com\/ Dearmee\/ [&hellip;]\" \/>\n<meta property=\"og:url\" content=\"https:\/\/dearmee.com\/es\/terminos-y-condiciones-2\/\" \/>\n<meta property=\"og:site_name\" content=\"Dear mee\" \/>\n<meta property=\"article:modified_time\" content=\"2021-08-06T11:35:28+00:00\" \/>\n<meta name=\"twitter:card\" content=\"summary_large_image\" \/>\n<meta name=\"twitter:label1\" content=\"Tiempo de lectura\">\n\t<meta name=\"twitter:data1\" content=\"11 minutos\">\n<script type=\"application\/ld+json\" class=\"yoast-schema-graph\">{\"@context\":\"https:\/\/schema.org\",\"@graph\":[{\"@type\":\"WebSite\",\"@id\":\"https:\/\/dearmee.com\/#website\",\"url\":\"https:\/\/dearmee.com\/\",\"name\":\"Dear mee\",\"description\":\"Otro sitio realizado con WordPress\",\"potentialAction\":[{\"@type\":\"SearchAction\",\"target\":\"https:\/\/dearmee.com\/?s={search_term_string}\",\"query-input\":\"required name=search_term_string\"}],\"inLanguage\":\"es\"},{\"@type\":\"WebPage\",\"@id\":\"https:\/\/dearmee.com\/es\/terminos-y-condiciones-2\/#webpage\",\"url\":\"https:\/\/dearmee.com\/es\/terminos-y-condiciones-2\/\",\"name\":\"T\\u00e9rminos y condiciones - Dear mee\",\"isPartOf\":{\"@id\":\"https:\/\/dearmee.com\/#website\"},\"datePublished\":\"2021-08-05T13:21:10+00:00\",\"dateModified\":\"2021-08-06T11:35:28+00:00\",\"breadcrumb\":{\"@id\":\"https:\/\/dearmee.com\/es\/terminos-y-condiciones-2\/#breadcrumb\"},\"inLanguage\":\"es\",\"potentialAction\":[{\"@type\":\"ReadAction\",\"target\":[\"https:\/\/dearmee.com\/es\/terminos-y-condiciones-2\/\"]}]},{\"@type\":\"BreadcrumbList\",\"@id\":\"https:\/\/dearmee.com\/es\/terminos-y-condiciones-2\/#breadcrumb\",\"itemListElement\":[{\"@type\":\"ListItem\",\"position\":1,\"item\":{\"@type\":\"WebPage\",\"@id\":\"https:\/\/dearmee.com\/es\/terminos-y-condiciones-2\/\",\"url\":\"https:\/\/dearmee.com\/es\/terminos-y-condiciones-2\/\",\"name\":\"T\\u00e9rminos y condiciones\"}}]}]}<\/script>\n<!-- \/ Yoast SEO plugin. -->","_links":{"self":[{"href":"https:\/\/dearmee.com\/es\/wp-json\/wp\/v2\/pages\/1496","targetHints":{"allow":["GET"]}}],"collection":[{"href":"https:\/\/dearmee.com\/es\/wp-json\/wp\/v2\/pages"}],"about":[{"href":"https:\/\/dearmee.com\/es\/wp-json\/wp\/v2\/types\/page"}],"author":[{"embeddable":true,"href":"https:\/\/dearmee.com\/es\/wp-json\/wp\/v2\/users\/24"}],"replies":[{"embeddable":true,"href":"https:\/\/dearmee.com\/es\/wp-json\/wp\/v2\/comments?post=1496"}],"version-history":[{"count":5,"href":"https:\/\/dearmee.com\/es\/wp-json\/wp\/v2\/pages\/1496\/revisions"}],"predecessor-version":[{"id":1531,"href":"https:\/\/dearmee.com\/es\/wp-json\/wp\/v2\/pages\/1496\/revisions\/1531"}],"wp:attachment":[{"href":"https:\/\/dearmee.com\/es\/wp-json\/wp\/v2\/media?parent=1496"}],"curies":[{"name":"wp","href":"https:\/\/api.w.org\/{rel}","templated":true}]}}