{"id":706,"date":"2021-04-21T17:11:05","date_gmt":"2021-04-21T17:11:05","guid":{"rendered":"https:\/\/dearmee.com\/about\/"},"modified":"2021-11-17T19:49:14","modified_gmt":"2021-11-17T18:49:14","slug":"sobre-nosotros","status":"publish","type":"page","link":"https:\/\/dearmee.com\/es\/sobre-nosotros\/","title":{"rendered":"Sobre nosotros"},"content":{"rendered":"<div class=\"container about-floating-img-wrapper\"><img decoding=\"async\" class=\"about-floating-img\" src=\"https:\/\/dearmee.com\/wp-content\/uploads\/2021\/05\/gif-arc-ocells.gif\" alt=\"\" width=\"200\"><\/div>\n<div class=\"container\">\n<h2 class=\"caveat-font big-title\">Tiempos de cambio han llegado<\/h2>\n<p><strong>1. Necesitamos cuidar de<\/strong> nosotros mismos, de nuestros seres queridos y <strong>vivir vidas plenas.<\/strong><\/p>\n<p>Creemos que mandar mensajes al futuro, ya sea a ti mismo, a familiares, a amigos\u2026 es un buen inicio. Es un gesto que te puede hacer recordar aquellos sue\u00f1os, experiencias, relaciones\u2026 que un d\u00eda te hicieron sentir vivo.<br \/>\n\u00a1Deseamos que con este recordatorio hagas todo lo posible para que no sean en vano!<br \/>\nNo hablamos de otra cosa que de un peque\u00f1o acto de cuidado personal y de amor hacia los dem\u00e1s.<br \/>\nF\u00edjate en este v\u00eddeo que amigos nos compartieron.<\/p>\n<p><iframe loading=\"lazy\" title=\"Marca Per\u00fa: Campa\u00f1a de Lanzamiento Internacional 2012 (Castellano, Espa\u00f1a)\" width=\"640\" height=\"360\" src=\"https:\/\/www.youtube.com\/embed\/42AXjcP-B2U?feature=oembed\" frameborder=\"0\" allow=\"accelerometer; autoplay; clipboard-write; encrypted-media; gyroscope; picture-in-picture; web-share\" referrerpolicy=\"strict-origin-when-cross-origin\" allowfullscreen><\/iframe><\/p>\n<p><strong>2.<\/strong> Necesitamos cuidar de personas en situaciones desventajosas y al planeta en el que vivimos. \u00a1El reloj clim\u00e1tico se ha activado!<\/p>\n<p>Apostamos por plantar \u00e1rboles en h\u00e1bitats salvajes para reducir las emisiones de CO<sub>2<\/sub>, prevenir deforestaciones y ayudar a comunidades locales a tener trabajo.<\/p>\n<p>Por cada paquete de mensajes al futuro, una persona de una comunidad local planta tu \u00e1rbol.<\/p>\n<\/div>\n<div class=\"page-banner about\" style=\"background-color: #c6f2f7; text-align: center; font-style: italic;\">\n<div class=\"container\">Nuestra responsabilidad es llevar una vida m\u00e1s consciente y dejar de da\u00f1ar nuestro planeta. <strong>Inspiremos la acci\u00f3n conjunta<\/strong> enviando mensajes al futuro y plantando \u00e1rboles en nuestro bosque. Nunca antes ha sido tan f\u00e1cil. Todos lo podemos hacer ahora mandando un email al futuro.<br \/>\n&#8211; Paula Santolalla <strong>Fundadora<\/strong>&#8211;<\/div>\n<div class=\"container about-floating-img-wrapper\"><img decoding=\"async\" class=\"paula-floating-img\" src=\"https:\/\/dev.dearmee.com\/wp-content\/uploads\/2021\/06\/paula-about.png\" alt=\"\" width=\"200\"><\/div>\n<\/div>\n<div class=\"container\">\n<h2 class=\"caveat-font big-title\">Por qu\u00e9 plantar \u00e1rboles<\/h2>\n<p>Aunque pueda parecer una acci\u00f3n peque\u00f1a, plantar un \u00e1rbol tiene un gran impacto en el mundo en que vivimos. Con el ritmo acelerado de crecimiento poblacional, necesitamos ser tambi\u00e9n m\u00e1s conscientes de que necesitamos cuidar de la Tierra.<\/p>\n<p><strong>Por cada paquete de cartas, un \u00e1rbol es plantado en el mundo. Permitimos:<\/strong><\/p>\n<ol>\n<li><strong>Reducir emisiones de C0<sub>2<\/sub><\/strong><\/li>\n<li><strong>Dar trabajo a comunidades locales que lo necesitan<\/strong><\/li>\n<li><strong>Hacer crecer la conciencia social para que tambi\u00e9n se sumen al cambio<\/strong><\/li>\n<\/ol>\n<p><img decoding=\"async\" class=\"planet-floating-img\" src=\"https:\/\/dearmee.com\/wp-content\/uploads\/2021\/04\/planeta-dear-mee.png\" alt=\"\" width=\"250\"><\/p>\n<h2 class=\"caveat-font big-title\">\u00bfC\u00f3mo lo hacemos?<br \/>\nNuestra colaboraci\u00f3n<br \/>\npara reforestar el mundo<\/h2>\n<p>Dear Mee piensa que uniendo fuerzas con otros proyectos inspiradores y responsables con nuestro entorno podemos conseguir mucho m\u00e1s. Es por este motivo, que de entre todas las iniciativas que existen, hemos colaborado con Tree Nation: una organizaci\u00f3n que combate el cambio clim\u00e1tico plantando \u00e1rboles.<\/p>\n<p><strong>\u00bfSab\u00edas que la reforestaci\u00f3n produce el 17% de emisiones de CO<sub>2<\/sub>?<\/strong><br \/>\nLa deforestaci\u00f3n no solo afecta a nuestra flora y fauna sino tambi\u00e9n la vida humana: contaminaci\u00f3n, especies en extinci\u00f3n, escasez de alimentos, pobreza, migraciones son problemas causados por la deforestaci\u00f3n.<\/p>\n<div class=\"has-text-centered\"><img loading=\"lazy\" decoding=\"async\" class=\"alignnone wp-image-249 size-medium\" src=\"https:\/\/dearmee.com\/wp-content\/uploads\/2021\/04\/logo-dear-mee-300x57.png\" alt=\"\" width=\"300\" height=\"57\" srcset=\"https:\/\/dearmee.com\/wp-content\/uploads\/2021\/04\/logo-dear-mee-300x57.png 300w, https:\/\/dearmee.com\/wp-content\/uploads\/2021\/04\/logo-dear-mee.png 311w\" sizes=\"auto, (max-width: 300px) 100vw, 300px\" \/><img loading=\"lazy\" decoding=\"async\" class=\"alignnone wp-image-364 size-medium\" src=\"https:\/\/dearmee.com\/wp-content\/uploads\/2021\/04\/tree-nutriton-300x57.png\" alt=\"\" width=\"300\" height=\"57\" srcset=\"https:\/\/dearmee.com\/wp-content\/uploads\/2021\/04\/tree-nutriton-300x57.png 300w, https:\/\/dearmee.com\/wp-content\/uploads\/2021\/04\/tree-nutriton.png 428w\" sizes=\"auto, (max-width: 300px) 100vw, 300px\" \/><\/div>\n<h2 class=\"caveat-font big-title\">Pero\u2026 \u00a1Tenemos buenas noticias!<\/h2>\n<p>JUNTOS PODEMOS CAMBIARLO. Todos los usuarios Dear Mee al comprar un paquete de cartas, est\u00e1n plantando un \u00e1rbol. Y nuestro bosque no deja de crecer. M\u00edralo y sigue el crecimiento de tu \u00e1rbol!<\/p>\n<div class=\"has-text-centered\"><a class=\"dearme-btn\" style=\"background-color: #c6f2f7; align-items: center; width: 100%; display: inline-flex; justify-content: center; font-weight: bold; height: 50px; max-width: 280px;\" href=\"https:\/\/tree-nation.com\/profile\/dear-mee\" target=\"_blank\" rel=\"noopener\">Visita el bosque de Dear Mee<\/a><\/div>\n<div class=\"mt-6\"><img decoding=\"async\" class=\"palmtree-floating-img\" src=\"https:\/\/dearmee.com\/wp-content\/uploads\/2021\/04\/gif-1-dear-mee.png\" alt=\"\" width=\"350\"><\/p>\n<h2 class=\"caveat-font big-title\">Sobre Tree Nation<\/h2>\n<p>Tree-Nation une y coordina esfuerzos para combatir el cambio clim\u00e1tico en una \u00fanica plataforma,<br \/>\ninvitando a cada ciudadano y compa\u00f1\u00eda a tomar acci\u00f3n.<\/p>\n<p><iframe loading=\"lazy\" title=\"Welcome to Tree-Nation\" width=\"640\" height=\"360\" src=\"https:\/\/www.youtube.com\/embed\/_fzBfDBv3kA?feature=oembed\" frameborder=\"0\" allow=\"accelerometer; autoplay; clipboard-write; encrypted-media; gyroscope; picture-in-picture; web-share\" referrerpolicy=\"strict-origin-when-cross-origin\" allowfullscreen><\/iframe><\/p>\n<\/div>\n<div class=\"big-text has-text-centered mt-6\">Como Eduardo Galeano dijo una vez:<br \/>\nMucha gente peque\u00f1a, en lugares peque\u00f1os, haciendo cosas peque\u00f1as\u2026 Pueden cambiar el mundo.<br \/>\nGracias a todos Dear Meers alrededor del mundo por convertirnos en agentes de cambio.<\/div>\n<\/div>\n","protected":false},"excerpt":{"rendered":"<p>Tiempos de cambio han llegado 1. Necesitamos cuidar de nosotros mismos, de nuestros seres queridos y vivir vidas plenas. Creemos que mandar mensajes al futuro, ya sea a ti mismo, a familiares, a amigos\u2026 es un buen inicio. Es un gesto que te puede hacer recordar aquellos sue\u00f1os, experiencias, relaciones\u2026 que un d\u00eda te hicieron [&hellip;]<\/p>\n","protected":false},"author":1,"featured_media":0,"parent":0,"menu_order":0,"comment_status":"closed","ping_status":"closed","template":"page-full.php","meta":{"footnotes":""},"class_list":["post-706","page","type-page","status-publish","hentry"],"yoast_head":"<!-- This site is optimized with the Yoast SEO plugin v16.1.1 - https:\/\/yoast.com\/wordpress\/plugins\/seo\/ -->\n<title>Dear Mee | Env\u00eda una carta a tu yo del futuro | Nuestra historia<\/title>\n<meta name=\"description\" content=\"Dear Mee nace para demostrar que una acci\u00f3n peque\u00f1a pero significativa puede ser revolucionaria. Env\u00eda tu carta y ayuda a reforestar un bosque.\" \/>\n<link rel=\"canonical\" href=\"https:\/\/dearmee.com\/es\/sobre-nosotros\/\" \/>\n<meta property=\"og:locale\" content=\"es_ES\" \/>\n<meta property=\"og:type\" content=\"article\" \/>\n<meta property=\"og:title\" content=\"Dear Mee | Env\u00eda una carta a tu yo del futuro | Nuestra historia\" \/>\n<meta property=\"og:description\" content=\"Dear Mee nace para demostrar que una acci\u00f3n peque\u00f1a pero significativa puede ser revolucionaria. Env\u00eda tu carta y ayuda a reforestar un bosque.\" \/>\n<meta property=\"og:url\" content=\"https:\/\/dearmee.com\/es\/sobre-nosotros\/\" \/>\n<meta property=\"og:site_name\" content=\"Dear mee\" \/>\n<meta property=\"article:modified_time\" content=\"2021-11-17T18:49:14+00:00\" \/>\n<meta property=\"og:image\" content=\"https:\/\/dearmee.com\/wp-content\/uploads\/2021\/05\/gif-arc-ocells.gif\" \/>\n<meta name=\"twitter:card\" content=\"summary_large_image\" \/>\n<meta name=\"twitter:label1\" content=\"Tiempo de lectura\">\n\t<meta name=\"twitter:data1\" content=\"4 minutos\">\n<script type=\"application\/ld+json\" class=\"yoast-schema-graph\">{\"@context\":\"https:\/\/schema.org\",\"@graph\":[{\"@type\":\"WebSite\",\"@id\":\"https:\/\/dearmee.com\/#website\",\"url\":\"https:\/\/dearmee.com\/\",\"name\":\"Dear mee\",\"description\":\"Otro sitio realizado con WordPress\",\"potentialAction\":[{\"@type\":\"SearchAction\",\"target\":\"https:\/\/dearmee.com\/?s={search_term_string}\",\"query-input\":\"required name=search_term_string\"}],\"inLanguage\":\"es\"},{\"@type\":\"ImageObject\",\"@id\":\"https:\/\/dearmee.com\/es\/sobre-nosotros\/#primaryimage\",\"inLanguage\":\"es\",\"url\":\"https:\/\/dearmee.com\/wp-content\/uploads\/2021\/05\/gif-arc-ocells.gif\",\"contentUrl\":\"https:\/\/dearmee.com\/wp-content\/uploads\/2021\/05\/gif-arc-ocells.gif\",\"width\":490,\"height\":379},{\"@type\":\"WebPage\",\"@id\":\"https:\/\/dearmee.com\/es\/sobre-nosotros\/#webpage\",\"url\":\"https:\/\/dearmee.com\/es\/sobre-nosotros\/\",\"name\":\"Dear Mee | Env\\u00eda una carta a tu yo del futuro | Nuestra historia\",\"isPartOf\":{\"@id\":\"https:\/\/dearmee.com\/#website\"},\"primaryImageOfPage\":{\"@id\":\"https:\/\/dearmee.com\/es\/sobre-nosotros\/#primaryimage\"},\"datePublished\":\"2021-04-21T17:11:05+00:00\",\"dateModified\":\"2021-11-17T18:49:14+00:00\",\"description\":\"Dear Mee nace para demostrar que una acci\\u00f3n peque\\u00f1a pero significativa puede ser revolucionaria. Env\\u00eda tu carta y ayuda a reforestar un bosque.\",\"breadcrumb\":{\"@id\":\"https:\/\/dearmee.com\/es\/sobre-nosotros\/#breadcrumb\"},\"inLanguage\":\"es\",\"potentialAction\":[{\"@type\":\"ReadAction\",\"target\":[\"https:\/\/dearmee.com\/es\/sobre-nosotros\/\"]}]},{\"@type\":\"BreadcrumbList\",\"@id\":\"https:\/\/dearmee.com\/es\/sobre-nosotros\/#breadcrumb\",\"itemListElement\":[{\"@type\":\"ListItem\",\"position\":1,\"item\":{\"@type\":\"WebPage\",\"@id\":\"https:\/\/dearmee.com\/es\/sobre-nosotros\/\",\"url\":\"https:\/\/dearmee.com\/es\/sobre-nosotros\/\",\"name\":\"Sobre nosotros\"}}]}]}<\/script>\n<!-- \/ Yoast SEO plugin. -->","_links":{"self":[{"href":"https:\/\/dearmee.com\/es\/wp-json\/wp\/v2\/pages\/706","targetHints":{"allow":["GET"]}}],"collection":[{"href":"https:\/\/dearmee.com\/es\/wp-json\/wp\/v2\/pages"}],"about":[{"href":"https:\/\/dearmee.com\/es\/wp-json\/wp\/v2\/types\/page"}],"author":[{"embeddable":true,"href":"https:\/\/dearmee.com\/es\/wp-json\/wp\/v2\/users\/1"}],"replies":[{"embeddable":true,"href":"https:\/\/dearmee.com\/es\/wp-json\/wp\/v2\/comments?post=706"}],"version-history":[{"count":37,"href":"https:\/\/dearmee.com\/es\/wp-json\/wp\/v2\/pages\/706\/revisions"}],"predecessor-version":[{"id":2045,"href":"https:\/\/dearmee.com\/es\/wp-json\/wp\/v2\/pages\/706\/revisions\/2045"}],"wp:attachment":[{"href":"https:\/\/dearmee.com\/es\/wp-json\/wp\/v2\/media?parent=706"}],"curies":[{"name":"wp","href":"https:\/\/api.w.org\/{rel}","templated":true}]}}