{"id":709,"date":"2021-04-19T19:08:49","date_gmt":"2021-04-19T19:08:49","guid":{"rendered":"https:\/\/dearmee.com\/contact-us\/"},"modified":"2021-08-03T13:59:40","modified_gmt":"2021-08-03T13:59:40","slug":"contacta","status":"publish","type":"page","link":"https:\/\/dearmee.com\/es\/contacta\/","title":{"rendered":"\u00a1Cont\u00e1ctanos!"},"content":{"rendered":"\n<br>\n<div class=\"is-flex is-justify-content-center\">\n<div class=\"wp-block-contact-form-7-contact-form-selector\"><div role=\"form\" class=\"wpcf7\" id=\"wpcf7-f773-o1\" lang=\"en-US\" dir=\"ltr\">\n<div class=\"screen-reader-response\"><p role=\"status\" aria-live=\"polite\" aria-atomic=\"true\"><\/p> <ul><\/ul><\/div>\n<form action=\"\/es\/wp-json\/wp\/v2\/pages\/709#wpcf7-f773-o1\" method=\"post\" class=\"wpcf7-form init\" novalidate=\"novalidate\" data-status=\"init\">\n<div style=\"display: none;\">\n<input type=\"hidden\" name=\"_wpcf7\" value=\"773\" \/>\n<input type=\"hidden\" name=\"_wpcf7_version\" value=\"5.4\" \/>\n<input type=\"hidden\" name=\"_wpcf7_locale\" value=\"en_US\" \/>\n<input type=\"hidden\" name=\"_wpcf7_unit_tag\" value=\"wpcf7-f773-o1\" \/>\n<input type=\"hidden\" name=\"_wpcf7_container_post\" value=\"0\" \/>\n<input type=\"hidden\" name=\"_wpcf7_posted_data_hash\" value=\"\" \/>\n<\/div>\n<p><span class=\"wpcf7-form-control-wrap your-name\"><input type=\"text\" name=\"your-name\" value=\"\" size=\"40\" class=\"wpcf7-form-control wpcf7-text wpcf7-validates-as-required\" aria-required=\"true\" aria-invalid=\"false\" placeholder=\"*Nombre\" \/><\/span><br \/>\n<span class=\"wpcf7-form-control-wrap your-surname\"><input type=\"text\" name=\"your-surname\" value=\"\" size=\"40\" class=\"wpcf7-form-control wpcf7-text\" aria-invalid=\"false\" placeholder=\"Apellido\" \/><\/span><br \/>\n<span class=\"wpcf7-form-control-wrap your-email\"><input type=\"email\" name=\"your-email\" value=\"\" size=\"40\" class=\"wpcf7-form-control wpcf7-text wpcf7-email wpcf7-validates-as-required wpcf7-validates-as-email\" aria-required=\"true\" aria-invalid=\"false\" placeholder=\"*Email\" \/><\/span><br \/>\n<span class=\"wpcf7-form-control-wrap your-phone\"><input type=\"text\" name=\"your-phone\" value=\"\" size=\"40\" class=\"wpcf7-form-control wpcf7-text\" aria-invalid=\"false\" placeholder=\"Tel\u00e9fono\" \/><\/span><\/p>\n<div class=\"field-notice\">Rellene este campo s\u00f3lo si prefiere que le contactemos v\u00eda telef\u00f3nica<\/div>\n<p><span class=\"wpcf7-form-control-wrap your-message\"><textarea name=\"your-message\" cols=\"40\" rows=\"10\" class=\"wpcf7-form-control wpcf7-textarea wpcf7-validates-as-required\" aria-required=\"true\" aria-invalid=\"false\" placeholder=\"*Mensaje\"><\/textarea><\/span><br \/>\n<span class=\"wpcf7-form-control-wrap my-optin\"><span class=\"wpcf7-form-control wpcf7-checkbox\"><span class=\"wpcf7-list-item first last\"><input type=\"checkbox\" name=\"my-optin[]\" value=\"Quiero recibir el newsletter de DearMee\" \/><span class=\"wpcf7-list-item-label\">Quiero recibir el newsletter de DearMee<\/span><\/span><\/span><\/span><br \/>\n<span id=\"wpcf7-69e910d8c76cf-wrapper\" class=\"wpcf7-form-control-wrap email-wrap\" style=\"display:none !important; visibility:hidden !important;\"><label for=\"wpcf7-69e910d8c76cf-field\" class=\"hp-message\">Por favor, deja este campo vac\u00edo.<\/label><input id=\"wpcf7-69e910d8c76cf-field\"  class=\"wpcf7-form-control wpcf7-text\" type=\"text\" name=\"email\" value=\"\" size=\"40\" tabindex=\"-1\" autocomplete=\"new-password\" \/><\/span><br \/>\n<input type=\"submit\" value=\"Enviar\" class=\"wpcf7-form-control wpcf7-submit\" \/><\/p>\n<div class=\"legal-notice\">Informaci\u00f3n b\u00e1sica de privacidad: Al rellenar el formulario y presionar \u201cenviar\u201d usted nos est\u00e1 dando su consentimiento para que en dearmee.com tratemos sus datos personales para poder atender su consulta. Adem\u00e1s, si usted marca la casilla de verificaci\u00f3n, tambi\u00e9n nos estar\u00e1 dando su consentimiento para enviarle nuestro Newsletter. Puede ejercer sus derechos en materia de protecci\u00f3n de datos y obtener informaci\u00f3n adicional consultando nuestra <a href=\"\/es\/politica-privacidad\/\">pol\u00edtica de privacidad<\/a>.<br><br\/><br\/><\/p>\n<p>Si desea m\u00e1s informaci\u00f3n sobre Contacto o Newsletter, consulte el <a href=\"\/es\/aviso-legal\/\">aviso legal<\/a>. <\/p>\n<p><i>* Datos obligatorios.<\/i>\n<\/div>\n<div class=\"wpcf7-response-output\" aria-hidden=\"true\"><\/div><\/form><\/div><\/div>\n<\/div>\n","protected":false},"excerpt":{"rendered":"","protected":false},"author":1,"featured_media":0,"parent":0,"menu_order":0,"comment_status":"closed","ping_status":"closed","template":"","meta":{"footnotes":""},"class_list":["post-709","page","type-page","status-publish","hentry"],"yoast_head":"<!-- This site is optimized with the Yoast SEO plugin v16.1.1 - https:\/\/yoast.com\/wordpress\/plugins\/seo\/ -->\n<title>Dear Mee | Env\u00eda una carta a tu yo del futuro | Contacta con nosotros<\/title>\n<meta name=\"description\" content=\"No dudes en contactar con Dear Mee para la resoluci\u00f3n de cualquier tipo de duda. Tambi\u00e9n puedes contactar con nosotros a trav\u00e9s de las redes sociales.\" \/>\n<link rel=\"canonical\" href=\"https:\/\/dearmee.com\/es\/contacta\/\" \/>\n<meta property=\"og:locale\" content=\"es_ES\" \/>\n<meta property=\"og:type\" content=\"article\" \/>\n<meta property=\"og:title\" content=\"Dear Mee | Env\u00eda una carta a tu yo del futuro | Contacta con nosotros\" \/>\n<meta property=\"og:description\" content=\"No dudes en contactar con Dear Mee para la resoluci\u00f3n de cualquier tipo de duda. Tambi\u00e9n puedes contactar con nosotros a trav\u00e9s de las redes sociales.\" \/>\n<meta property=\"og:url\" content=\"https:\/\/dearmee.com\/es\/contacta\/\" \/>\n<meta property=\"og:site_name\" content=\"Dear mee\" \/>\n<meta property=\"article:modified_time\" content=\"2021-08-03T13:59:40+00:00\" \/>\n<meta name=\"twitter:card\" content=\"summary_large_image\" \/>\n<meta name=\"twitter:label1\" content=\"Tiempo de lectura\">\n\t<meta name=\"twitter:data1\" content=\"1 minuto\">\n<script type=\"application\/ld+json\" class=\"yoast-schema-graph\">{\"@context\":\"https:\/\/schema.org\",\"@graph\":[{\"@type\":\"WebSite\",\"@id\":\"https:\/\/dearmee.com\/#website\",\"url\":\"https:\/\/dearmee.com\/\",\"name\":\"Dear mee\",\"description\":\"Otro sitio realizado con WordPress\",\"potentialAction\":[{\"@type\":\"SearchAction\",\"target\":\"https:\/\/dearmee.com\/?s={search_term_string}\",\"query-input\":\"required name=search_term_string\"}],\"inLanguage\":\"es\"},{\"@type\":\"WebPage\",\"@id\":\"https:\/\/dearmee.com\/es\/contacta\/#webpage\",\"url\":\"https:\/\/dearmee.com\/es\/contacta\/\",\"name\":\"Dear Mee | Env\\u00eda una carta a tu yo del futuro | Contacta con nosotros\",\"isPartOf\":{\"@id\":\"https:\/\/dearmee.com\/#website\"},\"datePublished\":\"2021-04-19T19:08:49+00:00\",\"dateModified\":\"2021-08-03T13:59:40+00:00\",\"description\":\"No dudes en contactar con Dear Mee para la resoluci\\u00f3n de cualquier tipo de duda. Tambi\\u00e9n puedes contactar con nosotros a trav\\u00e9s de las redes sociales.\",\"breadcrumb\":{\"@id\":\"https:\/\/dearmee.com\/es\/contacta\/#breadcrumb\"},\"inLanguage\":\"es\",\"potentialAction\":[{\"@type\":\"ReadAction\",\"target\":[\"https:\/\/dearmee.com\/es\/contacta\/\"]}]},{\"@type\":\"BreadcrumbList\",\"@id\":\"https:\/\/dearmee.com\/es\/contacta\/#breadcrumb\",\"itemListElement\":[{\"@type\":\"ListItem\",\"position\":1,\"item\":{\"@type\":\"WebPage\",\"@id\":\"https:\/\/dearmee.com\/es\/contacta\/\",\"url\":\"https:\/\/dearmee.com\/es\/contacta\/\",\"name\":\"\\u00a1Cont\\u00e1ctanos!\"}}]}]}<\/script>\n<!-- \/ Yoast SEO plugin. -->","_links":{"self":[{"href":"https:\/\/dearmee.com\/es\/wp-json\/wp\/v2\/pages\/709","targetHints":{"allow":["GET"]}}],"collection":[{"href":"https:\/\/dearmee.com\/es\/wp-json\/wp\/v2\/pages"}],"about":[{"href":"https:\/\/dearmee.com\/es\/wp-json\/wp\/v2\/types\/page"}],"author":[{"embeddable":true,"href":"https:\/\/dearmee.com\/es\/wp-json\/wp\/v2\/users\/1"}],"replies":[{"embeddable":true,"href":"https:\/\/dearmee.com\/es\/wp-json\/wp\/v2\/comments?post=709"}],"version-history":[{"count":10,"href":"https:\/\/dearmee.com\/es\/wp-json\/wp\/v2\/pages\/709\/revisions"}],"predecessor-version":[{"id":1064,"href":"https:\/\/dearmee.com\/es\/wp-json\/wp\/v2\/pages\/709\/revisions\/1064"}],"wp:attachment":[{"href":"https:\/\/dearmee.com\/es\/wp-json\/wp\/v2\/media?parent=709"}],"curies":[{"name":"wp","href":"https:\/\/api.w.org\/{rel}","templated":true}]}}