{"id":711,"date":"2021-04-22T17:10:46","date_gmt":"2021-04-22T17:10:46","guid":{"rendered":"https:\/\/dearmee.com\/cookie-policy\/"},"modified":"2021-08-03T14:13:28","modified_gmt":"2021-08-03T14:13:28","slug":"politica-de-cookies","status":"publish","type":"page","link":"https:\/\/dearmee.com\/es\/politica-de-cookies\/","title":{"rendered":"Pol\u00edtica de cookies"},"content":{"rendered":"\n<p>El sitio web <a href=\"https:\/\/dearmee.com\/\"><strong>dearmee.com<\/strong><\/a> usa cookies.<\/p>\n\n\n\n<p>Como las cookies tambi\u00e9n guardan relaci\u00f3n con su privacidad, queremos informarle de manera clara y detallada sobre las mismas.<\/p>\n\n\n\n<p>La normativa, nos permite almacenar en su dispositivo, sin su consentimiento previo, las llamadas cookies t\u00e9cnicas o necesarias para el correcto funcionamiento del sitio web o de cualquiera de sus servicios. Para todos los dem\u00e1s tipos de cookies que no sean necesarias, necesitaremos su consentimiento previo. Por ello, las cookies no necesarias estar\u00e1n inhabilitadas hasta que, si as\u00ed lo desea, nos de su consentimiento. As\u00ed mismo, si ya nos ha dado su consentimiento, puede retirarlo en cualquier momento, aunque ello no afectar\u00e1 al tratamiento que hayamos realizado antes de su retirada.<\/p>\n\n\n\n<p>Por \u00faltimo y con el objetivo de que pueda prestar un consentimiento plenamente informado, si as\u00ed lo desea, le detallamos la siguiente informaci\u00f3n.<\/p>\n\n\n\n<h2 class=\"wp-block-heading\">\u00bfQu\u00e9 es una Cookie?<\/h2>\n\n\n\n<p>Las cookies son un peque\u00f1o elemento de informaci\u00f3n que los sitios web o aplicaciones que visita enviamos a su navegador y se almacenan en su dispositivo, con el objetivo de permitirnos recordar aspectos sobre la actividad que haya tenido durante la visita.<\/p>\n\n\n\n<h2 class=\"wp-block-heading\">\u00bfC\u00f3mo podemos clasificar las Cookies?<\/h2>\n\n\n\n<ol class=\"wp-block-list\" type=\"A\"><li><strong>SEG\u00daN SU TIPOLOG\u00cdA Y FINALIDAD<\/strong><br><strong>Cookies t\u00e9cnicas o necesarias: <\/strong><br>Estas cookies permiten optimizar el funcionamiento del sitio web y sus servicios, como por ejemplo identificar la sesi\u00f3n, realizar un proceso de compra, detectar los riesgos de seguridad y prevenirlos, etc. Dado que son necesarias, usted no puede desactivarlas, pues el sitio web no puede funcionar adecuadamente sin estas cookies. El mero uso o navegaci\u00f3n por el sitio web o la utilizaci\u00f3n de cualquiera de sus servicios implican la aceptaci\u00f3n de las mismas. <br><strong><br>Cookies de preferencias o personalizaci\u00f3n: <\/strong><br>Estas cookies permiten recordar sus preferencias o ajustes y as\u00ed mejorar su experiencia en el sitio web, como por ejemplo el idioma. Y as\u00ed cada vez que usted nos visite, no tenga que volver a elegir el idioma u otro ajuste que hubiera realizado anteriormente. Si es usted mismo quien elige esas caracter\u00edsticas, por ejemplo, marcando la bandera del idioma, se considera un servicio expresamente solicitado siempre y cuando las cookies obedezcan exclusivamente a la finalidad seleccionada de personalizaci\u00f3n. <br><br><strong>Cookies Anal\u00edticas o de medici\u00f3n:<\/strong> <br>Estas cookies permiten recopilar informaci\u00f3n sobre c\u00f3mo usted usa el sitio web y as\u00ed poder mejorar el rendimiento en base a su experiencia. Por ejemplo, para saber m\u00e1s acerca de cu\u00e1les son las caracter\u00edsticas m\u00e1s populares entre los usuarios y cu\u00e1les podr\u00edan necesitar ciertas adecuaciones. <br><br><strong>Cookies de publicidad:<\/strong><br>Estas cookies permiten recopilar informaci\u00f3n sobre como usted navega por el sitio web y de esta forma, poder gestionar m\u00e1s eficazmente los espacios publicitarios. <br><br><strong>Cookies de publicidad comportamental <\/strong><br>Estas cookies permiten almacenar informaci\u00f3n de su comportamiento, obtenida a trav\u00e9s de la observaci\u00f3n continuada de sus h\u00e1bitos de navegaci\u00f3n, lo que permite desarrollar un perfil espec\u00edfico para mostrar anuncios relevantes y atractivos para usted, y por lo tanto, m\u00e1s valiosos para los terceros anunciantes.<br><br><\/li><li><strong>SEG\u00daN SU ORIGEN<\/strong><br><strong>Cookies propias:<\/strong> Son aqu\u00e9llas que se env\u00edan a su dispositivo desde un equipo o dominio gestionado por el propio editor. En este caso, <a href=\"https:\/\/dearmee.com\/\"><strong>dearmee.com<\/strong>.<\/a> <br><br><em>Ahora bien, en el caso de que las cookies sean instaladas desde un equipo o dominio gestionado por el propio editor pero la informaci\u00f3n que se recoja mediante \u00e9stas sea gestionada por un tercero, tambi\u00e9n tendr\u00e1n la consideraci\u00f3n de cookies de terceros. <br><\/em><br><strong>Cookies de terceros:<\/strong> Son aqu\u00e9llas que se env\u00edan a su dispositivo desde un equipo o dominio que no es gestionado por el editor, sino por otra entidad que trata los datos obtenidos trav\u00e9s de las cookies. Esto es, <strong>Nuestros Socios.<\/strong> <br><br><em>Efectivamente, si nos da su consentimiento, nuestros socios externos tambi\u00e9n pueden utilizar cookies para crear un perfil con sus intereses y proporcionarle publicidad relevante en otros sitios web. Estas empresas pueden recopilar informaci\u00f3n sobre c\u00f3mo utiliza nuestros servicios a lo largo del tiempo y combinarla con informaci\u00f3n similar de otros servicios y empresas. Entre otros, esta informaci\u00f3n se puede utilizar para analizar y rastrear datos, determinar la popularidad de ciertos contenidos y comprender mejor su actividad en l\u00ednea.<\/em><br><br><br><\/li><li><strong>SEG\u00daN SU DURACI\u00d3N<\/strong><br><strong>Cookies de sesi\u00f3n:<\/strong> <br>Son aquellas cookies que permanecen en el dispositivo para almacenar datos solo durante su sesi\u00f3n en el sitio web. Por ejemplo una lista de productos adquiridos. <br><br><strong>Cookies persistentes:<\/strong> Son aquellas cookies que permanecen en el dispositivo m\u00e1s all\u00e1 de la sesi\u00f3n del usuario en el sitio web y la informaci\u00f3n que recopilan, puede ser tratada durante un periodo definido de tiempo por el responsable de la cookie. Ese tiempo puede ir de unos minutos a varios a\u00f1os. <br><br><\/li><\/ol>\n\n\n\n<h3 class=\"wp-block-heading\">Cookies establecidas actualmente <a href=\"https:\/\/dearmee.com\/\">dearmee.com<\/a><\/h3>\n\n\n\n<h4 class=\"wp-block-heading\">Propias:<\/h4>\n\n\n\n<figure class=\"wp-block-table\"><table><tbody><tr><td><strong>NOMBRE<\/strong><\/td><td><strong>TIPO<\/strong><\/td><td><strong>FINALIDAD<\/strong><\/td><td><strong>CADUCIDAD<\/strong><\/td><\/tr><tr><td>wc_cart_hash_*<\/td><td>Necesarias<\/td><td>guardar art\u00edculos en el carrito de compras<\/td><td>Sesi\u00f3n<\/td><\/tr><tr><td>wc_fragments_*<\/td><td>Necesarias<\/td><td>Garantiza ciertas funcionalidades del carrito de la compra.<\/td><td>Persistente<\/td><\/tr><tr><td>woocommerce_items_in_cart<\/td><td>Necesarias<\/td><td>guardar art\u00edculos en el carrito de compras<\/td><td>Sesi\u00f3n<\/td><\/tr><tr><td>woocommerce_cart_hash<\/td><td>Necesarias<\/td><td>guardar art\u00edculos en el carrito de compras<\/td><td>1 d\u00eda<\/td><\/tr><tr><td>wp_woocommerce_session_*<\/td><td>Necesarias<\/td><td>guardar acciones hechas por usuarios en el sitio web<\/td><td>Sesi\u00f3n<\/td><\/tr><tr><td>wc_cart_created<\/td><td>Necesarias<\/td><td>guardar acciones hechas por usuarios en el sitio web<\/td><td>Sesi\u00f3n<\/td><\/tr><tr><td>acf<\/td><td>Necesarias<\/td><td>proporcionar funcionalidad entre p\u00e1ginas<\/td><td>1 a\u00f1o<\/td><\/tr><tr><td>PHPSESSID<\/td><td>Necesarias<\/td><td>proporcionar funcionalidad entre p\u00e1ginas<\/td><td>Sesi\u00f3n<\/td><\/tr><tr><td>wp-wpml_current_admin_language_*<\/td><td>Necesarias<\/td><td>guardar configuraciones de lenguaje<\/td><td>Sesi\u00f3n<\/td><\/tr><tr><td>wp-wpml_current_language<\/td><td>Necesarias<\/td><td>guardar configuraciones de lenguaje<\/td><td>1 d\u00eda<\/td><\/tr><tr><td>wordpress_*<\/td><td>Necesarias<\/td><td>guardar detalles de autentificaci\u00f3n<\/td><td>3 meses<\/td><\/tr><tr><td>wordpress_logged_in_*<\/td><td>Necesarias<\/td><td>mantener los usuarios logeados<\/td><td>Sesi\u00f3n<\/td><\/tr><\/tbody><\/table><\/figure>\n\n\n\n<p>Por \u00faltimo, se descarga tambi\u00e9n una cookie propia de tipo t\u00e9cnico denominada <strong>complianz_policy_id<\/strong> cuya finalidad es gestionar el consentimiento del usuario para el uso de las cookies que as\u00ed lo requieren, con el objeto de recordar aquellos usuarios que las han aceptado y aquellos que no.<\/p>\n\n\n\n<h4 class=\"wp-block-heading\">De terceros:<\/h4>\n\n\n\n<figure class=\"wp-block-table\"><table><tbody><tr><td><strong>TERCERO<\/strong><\/td><td><strong>NOMBRE<\/strong><\/td><td><strong>TIPO<\/strong><\/td><td><strong>FINALIDAD<\/strong><\/td><td><strong>CADUCIDAD<\/strong><\/td><\/tr><tr><td>Stripe<\/td><td>__stripe_mid<\/td><td>Necesarias<\/td><td>proporcionar prevenci\u00f3n de fraude<\/td><td>1 a\u00f1o<\/td><\/tr><tr><td>WooCommerce<\/td><td>tk_ai<\/td><td>Estad\u00edsticas<\/td><td>almacenar un ID de usuario \u00fanico<\/td><td>Sesi\u00f3n<\/td><\/tr><tr><td>Google Maps<\/td><td>Google Maps API<\/td><td>Marketing<\/td><td>solicitar la direcci\u00f3n IP del usuario<\/td><td>1 a\u00f1o<\/td><\/tr><\/tbody><\/table><\/figure>\n\n\n\n<h3 class=\"wp-block-heading\">Cookies en puntos de acceso a otros sitios web o redes sociales<\/h3>\n\n\n\n<p><strong>Adem\u00e1s de las cookies indicadas<\/strong>, en nuestro sitio web puede encontrar videos o puntos de acceso a otros sitios web o redes sociales, que tienen establecidas sus propias cookies y que al visionarlos o acceder a ellos, estar\u00e1 aceptando sus cookies t\u00e9cnicas o necesarias. E incluso, si se le requiere y usted da su consentimiento, otro tipo de cookies.<\/p>\n\n\n\n<h3 class=\"wp-block-heading\">\u00bfC\u00f3mo puede aceptar, configurar o deshabilitar las cookies?<\/h3>\n\n\n\n<p>Las Cookies t\u00e9cnicas o necesarias, estar\u00e1n habilitadas por defecto en <a href=\"https:\/\/dearmee.com\/\">dearmee.com.<\/a>. Como ya le hemos explicado, el sitio web no puede funcionar correctamente sin ellas. Por tanto, con la mera navegaci\u00f3n usted las estar\u00e1 aceptando.<\/p>\n\n\n\n<p>Adem\u00e1s, puede permitir, con su consentimiento, habilitar las cookies no necesarias si pulsa en el bot\u00f3n \u201cAceptar todas\u201d en el mensaje de informaci\u00f3n que se muestra (en el banner de cookies) al acceder a nuestra p\u00e1gina web; puede rechazar las cookies no necesarias presionando el bot\u00f3n \u201crechazar; o puede cambiar la configuraci\u00f3n de cookies en el bot\u00f3n \u201cpreferencias\u201d. Cuando usted haya elegido la opci\u00f3n que desee, el banner de cookies se reducir\u00e1 en el margen inferior izquierdo y podr\u00e1 a volver a expandirlo presionando \u201cgestionar consentimiento\u201d y modificar siempre que lo desee la configuraci\u00f3n.<\/p>\n\n\n\n<p>As\u00ed mismo puede permitir, bloquear o eliminar las cookies instaladas en su dispositivo a trav\u00e9s del men\u00fa de configuraci\u00f3n de su navegador de internet. Los siguientes enlaces proporcionan informaci\u00f3n para cada uno de los principales navegadores del mercado a fin de que el usuario pueda decidir si acepta o no el uso de cookies. Tambi\u00e9n puede consultarse el men\u00fa de Ayuda del navegador d\u00f3nde puede encontrar instrucciones.<\/p>\n\n\n\n<ul class=\"wp-block-list\"><li><a href=\"https:\/\/support.microsoft.com\/es-es\/help\/17442\/windows-internet-explorer-delete-manage-cookies\" target=\"_blank\" rel=\"noreferrer noopener\">Microsoft Internet Explorer<\/a>: men\u00fa Herramientas &gt; Opciones de Internet &gt; Privacidad &gt; Configuraci\u00f3n.<\/li><li><a href=\"https:\/\/support.mozilla.org\/es\/kb\/habilitar-y-deshabilitar-cookies-sitios-web-rastrear-preferencias?redirectlocale=es&amp;redirectslug=habilitar-y-deshabilitar-cookies-que-los-sitios-we\" target=\"_blank\" rel=\"noreferrer noopener\">Firefox<\/a>: men\u00fa Herramientas &gt; Opciones &gt; Privacidad &gt; Cookies.<\/li><li><a href=\"https:\/\/support.google.com\/accounts\/answer\/61416?hl=es\" target=\"_blank\" rel=\"noreferrer noopener\">Chrome<\/a>: men\u00fa Opciones &gt; Opciones avanzadas &gt; Privacidad.<\/li><li><a href=\"https:\/\/support.apple.com\/es-es\/guide\/safari\/sfri11471\/mac\" target=\"_blank\" rel=\"noreferrer noopener\">Safari<\/a>: men\u00fa Preferencias\/Privacidad.<\/li><li><a href=\"https:\/\/support.apple.com\/es-es\/HT201265\" target=\"_blank\" rel=\"noreferrer noopener\">Safari para IOS<\/a> (iPhone y iPad): Opci\u00f3n Ajuvstes &gt; Safari<\/li><li><a href=\"https:\/\/support.google.com\/chrome\/answer\/95647?co=GENIE.Platform%3DAndroid&amp;hl=es-419\" target=\"_blank\" rel=\"noreferrer noopener\">Chrome para Android<\/a>: Configuraci\u00f3n &gt; Configuraci\u00f3n de sitios web &gt; Cookies<\/li><\/ul>\n\n\n\n<h4 class=\"wp-block-heading\">Aviso:<\/h4>\n\n\n\n<p><strong>Si desactiva las cookies<\/strong>, podr\u00e1 seguir accediendo a la web pero puede que la navegaci\u00f3n por esta no sea \u00f3ptima y alguno de los servicios ofrecidos no funcionen correctamente.<\/p>\n\n\n\n<p><strong>Esta declaraci\u00f3n, puede ser modificada<\/strong> ante cualquier cambio en el tratamiento de datos o cambio normativo. Si en un futuro dearmee.com llegara a utilizar tipos de cookies diferentes a las contempladas en esta declaraci\u00f3n de Cookies para prestar nuevos servicios o fuera necesario adaptarla a nuevas exigencias legislativas, se lo notificaremos.<\/p>\n\n\n\n<p><strong>Para m\u00e1s informaci\u00f3n<\/strong> sobre privacidad consulte nuestra <a href=\"\/es\/politica-privacidad\/\"><u>pol\u00edtica de privacidad<\/u><\/a><\/p>\n\n\n\n<p><strong>Fecha \u00faltima actualizaci\u00f3n 16 de junio de 2021<\/strong><\/p>\n","protected":false},"excerpt":{"rendered":"<p>El sitio web dearmee.com usa cookies. Como las cookies tambi\u00e9n guardan relaci\u00f3n con su privacidad, queremos informarle de manera clara y detallada sobre las mismas. La normativa, nos permite almacenar en su dispositivo, sin su consentimiento previo, las llamadas cookies t\u00e9cnicas o necesarias para el correcto funcionamiento del sitio web o de cualquiera de sus [&hellip;]<\/p>\n","protected":false},"author":1,"featured_media":0,"parent":0,"menu_order":0,"comment_status":"closed","ping_status":"closed","template":"","meta":{"footnotes":""},"class_list":["post-711","page","type-page","status-publish","hentry"],"yoast_head":"<!-- This site is optimized with the Yoast SEO plugin v16.1.1 - https:\/\/yoast.com\/wordpress\/plugins\/seo\/ -->\n<title>Dear Mee | Env\u00eda una carta a tu yo del futuro | Pol\u00edtica de cookies<\/title>\n<meta name=\"description\" content=\"Pol\u00edtica de cookies de Dear Mee. Condiciones de uso. Limitaci\u00f3n de Responsabilidad. Derechos de Propiedad Intelectual. Protecci\u00f3n de datos.\" \/>\n<link rel=\"canonical\" href=\"https:\/\/dearmee.com\/es\/politica-de-cookies\/\" \/>\n<meta property=\"og:locale\" content=\"es_ES\" \/>\n<meta property=\"og:type\" content=\"article\" \/>\n<meta property=\"og:title\" content=\"Dear Mee | Env\u00eda una carta a tu yo del futuro | Pol\u00edtica de cookies\" \/>\n<meta property=\"og:description\" content=\"Pol\u00edtica de cookies de Dear Mee. Condiciones de uso. Limitaci\u00f3n de Responsabilidad. Derechos de Propiedad Intelectual. Protecci\u00f3n de datos.\" \/>\n<meta property=\"og:url\" content=\"https:\/\/dearmee.com\/es\/politica-de-cookies\/\" \/>\n<meta property=\"og:site_name\" content=\"Dear mee\" \/>\n<meta property=\"article:modified_time\" content=\"2021-08-03T14:13:28+00:00\" \/>\n<meta name=\"twitter:card\" content=\"summary_large_image\" \/>\n<meta name=\"twitter:label1\" content=\"Tiempo de lectura\">\n\t<meta name=\"twitter:data1\" content=\"7 minutos\">\n<script type=\"application\/ld+json\" class=\"yoast-schema-graph\">{\"@context\":\"https:\/\/schema.org\",\"@graph\":[{\"@type\":\"WebSite\",\"@id\":\"https:\/\/dearmee.com\/#website\",\"url\":\"https:\/\/dearmee.com\/\",\"name\":\"Dear mee\",\"description\":\"Otro sitio realizado con WordPress\",\"potentialAction\":[{\"@type\":\"SearchAction\",\"target\":\"https:\/\/dearmee.com\/?s={search_term_string}\",\"query-input\":\"required name=search_term_string\"}],\"inLanguage\":\"es\"},{\"@type\":\"WebPage\",\"@id\":\"https:\/\/dearmee.com\/es\/politica-de-cookies\/#webpage\",\"url\":\"https:\/\/dearmee.com\/es\/politica-de-cookies\/\",\"name\":\"Dear Mee | Env\\u00eda una carta a tu yo del futuro | Pol\\u00edtica de cookies\",\"isPartOf\":{\"@id\":\"https:\/\/dearmee.com\/#website\"},\"datePublished\":\"2021-04-22T17:10:46+00:00\",\"dateModified\":\"2021-08-03T14:13:28+00:00\",\"description\":\"Pol\\u00edtica de cookies de Dear Mee. Condiciones de uso. Limitaci\\u00f3n de Responsabilidad. Derechos de Propiedad Intelectual. Protecci\\u00f3n de datos.\",\"breadcrumb\":{\"@id\":\"https:\/\/dearmee.com\/es\/politica-de-cookies\/#breadcrumb\"},\"inLanguage\":\"es\",\"potentialAction\":[{\"@type\":\"ReadAction\",\"target\":[\"https:\/\/dearmee.com\/es\/politica-de-cookies\/\"]}]},{\"@type\":\"BreadcrumbList\",\"@id\":\"https:\/\/dearmee.com\/es\/politica-de-cookies\/#breadcrumb\",\"itemListElement\":[{\"@type\":\"ListItem\",\"position\":1,\"item\":{\"@type\":\"WebPage\",\"@id\":\"https:\/\/dearmee.com\/es\/politica-de-cookies\/\",\"url\":\"https:\/\/dearmee.com\/es\/politica-de-cookies\/\",\"name\":\"Pol\\u00edtica de cookies\"}}]}]}<\/script>\n<!-- \/ Yoast SEO plugin. -->","_links":{"self":[{"href":"https:\/\/dearmee.com\/es\/wp-json\/wp\/v2\/pages\/711","targetHints":{"allow":["GET"]}}],"collection":[{"href":"https:\/\/dearmee.com\/es\/wp-json\/wp\/v2\/pages"}],"about":[{"href":"https:\/\/dearmee.com\/es\/wp-json\/wp\/v2\/types\/page"}],"author":[{"embeddable":true,"href":"https:\/\/dearmee.com\/es\/wp-json\/wp\/v2\/users\/1"}],"replies":[{"embeddable":true,"href":"https:\/\/dearmee.com\/es\/wp-json\/wp\/v2\/comments?post=711"}],"version-history":[{"count":33,"href":"https:\/\/dearmee.com\/es\/wp-json\/wp\/v2\/pages\/711\/revisions"}],"predecessor-version":[{"id":1591,"href":"https:\/\/dearmee.com\/es\/wp-json\/wp\/v2\/pages\/711\/revisions\/1591"}],"wp:attachment":[{"href":"https:\/\/dearmee.com\/es\/wp-json\/wp\/v2\/media?parent=711"}],"curies":[{"name":"wp","href":"https:\/\/api.w.org\/{rel}","templated":true}]}}