{"id":712,"date":"2021-05-22T17:16:34","date_gmt":"2021-05-22T17:16:34","guid":{"rendered":"https:\/\/dearmee.com\/earn-money-with-us\/"},"modified":"2021-11-13T12:27:52","modified_gmt":"2021-11-13T11:27:52","slug":"gana-dinero-con-nosotros","status":"publish","type":"page","link":"https:\/\/dearmee.com\/es\/gana-dinero-con-nosotros\/","title":{"rendered":"Gana dinero con nosotros"},"content":{"rendered":"<div id=\"scrollInt\">\n<h2 class=\"caveat-font big-title\">Preguntas frecuentes<\/h2>\n<h4 class=\"collapseomatic \" id=\"id69e910a61d039\"  tabindex=\"0\" title=\"\u00bfC\u00f3mo funciona el Programa de Afiliados?\"    >\u00bfC\u00f3mo funciona el Programa de Afiliados?<\/h4><div id=\"target-id69e910a61d039\" class=\"collapseomatic_content \">Si eres afiliado, recibir\u00e1s un link por parte de Dear Mee. Este enlace podr\u00e1s compartirlo en tus redes o plataformas digitales. Te llevar\u00e1 a los productos de Dear Mee. Y por cada compra que se realice a trav\u00e9s de \u00e9ste, recibir\u00e1s una comisi\u00f3n.<\/p>\n<\/div> <h4 class=\"collapseomatic \" id=\"id69e910a61d0ee\"  tabindex=\"0\" title=\"\u00bfC\u00f3mo puedo participar en el programa?\"    >\u00bfC\u00f3mo puedo participar en el programa?<\/h4><div id=\"target-id69e910a61d0ee\" class=\"collapseomatic_content \">Todos los bloggers, editores y creadores de contenido con p\u00e1ginas web o aplicaciones m\u00f3viles pueden enviarnos un correo electr\u00f3nico solicitando m\u00e1s informaci\u00f3n. Si su perfil encaja con nuestros valores, estaremos m\u00e1s que encantados de colaborar juntos.<\/p>\n<\/div> <h4 class=\"collapseomatic \" id=\"id69e910a61d10f\"  tabindex=\"0\" title=\"\u00bfC\u00f3mo puedo ganar dinero a trav\u00e9s del programa?\"    >\u00bfC\u00f3mo puedo ganar dinero a trav\u00e9s del programa?<\/h4><div id=\"target-id69e910a61d10f\" class=\"collapseomatic_content \">Recibir\u00e1s ingresos por las compras realizadas. Los ingresos var\u00edan en funci\u00f3n de la cantidad de paquetes vendidos. \u00a1Para m\u00e1s informaci\u00f3n, contacta!<\/p>\n<\/div> <h4 class=\"collapseomatic \" id=\"id69e910a61d125\"  tabindex=\"0\" title=\"\u00bfC\u00f3mo me suscribo al programa?\"    >\u00bfC\u00f3mo me suscribo al programa?<\/h4><div id=\"target-id69e910a61d125\" class=\"collapseomatic_content \">Suscr\u00edbete al programa <a href=\"https:\/\/dearmee.com\/es\/tienda-de-afiliados\/ya-estas-registrado\/\"><strong>aqu\u00ed<\/strong><\/a>.<\/p>\n<p>Revisaremos tu solicitud y la aprobaremos si cumples con los criterios de adscripci\u00f3n.<\/p>\n<\/div>\n<\/div>\n","protected":false},"excerpt":{"rendered":"<p>Preguntas frecuentes<\/p>\n","protected":false},"author":1,"featured_media":0,"parent":0,"menu_order":0,"comment_status":"closed","ping_status":"closed","template":"","meta":{"footnotes":""},"class_list":["post-712","page","type-page","status-publish","hentry"],"yoast_head":"<!-- This site is optimized with the Yoast SEO plugin v16.1.1 - https:\/\/yoast.com\/wordpress\/plugins\/seo\/ -->\n<title>Dear Mee | Env\u00eda una carta a tu yo del futuro |Gana dinero con nosotros<\/title>\n<meta name=\"description\" content=\"\u00bfEres blogger y te gustar\u00eda ganar dinero a trav\u00e9s de nuestra web? Con nuestro programa de Afiliados te lo ponemos f\u00e1cil. \u00a1Contacta con nosotros!\" \/>\n<link rel=\"canonical\" href=\"https:\/\/dearmee.com\/es\/gana-dinero-con-nosotros\/\" \/>\n<meta property=\"og:locale\" content=\"es_ES\" \/>\n<meta property=\"og:type\" content=\"article\" \/>\n<meta property=\"og:title\" content=\"Dear Mee | Env\u00eda una carta a tu yo del futuro |Gana dinero con nosotros\" \/>\n<meta property=\"og:description\" content=\"\u00bfEres blogger y te gustar\u00eda ganar dinero a trav\u00e9s de nuestra web? Con nuestro programa de Afiliados te lo ponemos f\u00e1cil. \u00a1Contacta con nosotros!\" \/>\n<meta property=\"og:url\" content=\"https:\/\/dearmee.com\/es\/gana-dinero-con-nosotros\/\" \/>\n<meta property=\"og:site_name\" content=\"Dear mee\" \/>\n<meta property=\"article:modified_time\" content=\"2021-11-13T11:27:52+00:00\" \/>\n<meta name=\"twitter:card\" content=\"summary_large_image\" \/>\n<meta name=\"twitter:label1\" content=\"Tiempo de lectura\">\n\t<meta name=\"twitter:data1\" content=\"1 minuto\">\n<script type=\"application\/ld+json\" class=\"yoast-schema-graph\">{\"@context\":\"https:\/\/schema.org\",\"@graph\":[{\"@type\":\"WebSite\",\"@id\":\"https:\/\/dearmee.com\/#website\",\"url\":\"https:\/\/dearmee.com\/\",\"name\":\"Dear mee\",\"description\":\"Otro sitio realizado con WordPress\",\"potentialAction\":[{\"@type\":\"SearchAction\",\"target\":\"https:\/\/dearmee.com\/?s={search_term_string}\",\"query-input\":\"required name=search_term_string\"}],\"inLanguage\":\"es\"},{\"@type\":\"WebPage\",\"@id\":\"https:\/\/dearmee.com\/es\/gana-dinero-con-nosotros\/#webpage\",\"url\":\"https:\/\/dearmee.com\/es\/gana-dinero-con-nosotros\/\",\"name\":\"Dear Mee | Env\\u00eda una carta a tu yo del futuro |Gana dinero con nosotros\",\"isPartOf\":{\"@id\":\"https:\/\/dearmee.com\/#website\"},\"datePublished\":\"2021-05-22T17:16:34+00:00\",\"dateModified\":\"2021-11-13T11:27:52+00:00\",\"description\":\"\\u00bfEres blogger y te gustar\\u00eda ganar dinero a trav\\u00e9s de nuestra web? Con nuestro programa de Afiliados te lo ponemos f\\u00e1cil. \\u00a1Contacta con nosotros!\",\"breadcrumb\":{\"@id\":\"https:\/\/dearmee.com\/es\/gana-dinero-con-nosotros\/#breadcrumb\"},\"inLanguage\":\"es\",\"potentialAction\":[{\"@type\":\"ReadAction\",\"target\":[\"https:\/\/dearmee.com\/es\/gana-dinero-con-nosotros\/\"]}]},{\"@type\":\"BreadcrumbList\",\"@id\":\"https:\/\/dearmee.com\/es\/gana-dinero-con-nosotros\/#breadcrumb\",\"itemListElement\":[{\"@type\":\"ListItem\",\"position\":1,\"item\":{\"@type\":\"WebPage\",\"@id\":\"https:\/\/dearmee.com\/es\/gana-dinero-con-nosotros\/\",\"url\":\"https:\/\/dearmee.com\/es\/gana-dinero-con-nosotros\/\",\"name\":\"Gana dinero con nosotros\"}}]}]}<\/script>\n<!-- \/ Yoast SEO plugin. -->","_links":{"self":[{"href":"https:\/\/dearmee.com\/es\/wp-json\/wp\/v2\/pages\/712","targetHints":{"allow":["GET"]}}],"collection":[{"href":"https:\/\/dearmee.com\/es\/wp-json\/wp\/v2\/pages"}],"about":[{"href":"https:\/\/dearmee.com\/es\/wp-json\/wp\/v2\/types\/page"}],"author":[{"embeddable":true,"href":"https:\/\/dearmee.com\/es\/wp-json\/wp\/v2\/users\/1"}],"replies":[{"embeddable":true,"href":"https:\/\/dearmee.com\/es\/wp-json\/wp\/v2\/comments?post=712"}],"version-history":[{"count":20,"href":"https:\/\/dearmee.com\/es\/wp-json\/wp\/v2\/pages\/712\/revisions"}],"predecessor-version":[{"id":2025,"href":"https:\/\/dearmee.com\/es\/wp-json\/wp\/v2\/pages\/712\/revisions\/2025"}],"wp:attachment":[{"href":"https:\/\/dearmee.com\/es\/wp-json\/wp\/v2\/media?parent=712"}],"curies":[{"name":"wp","href":"https:\/\/api.w.org\/{rel}","templated":true}]}}