{"id":713,"date":"2021-04-22T16:49:12","date_gmt":"2021-04-22T16:49:12","guid":{"rendered":"https:\/\/dearmee.com\/gift\/"},"modified":"2021-11-13T12:30:50","modified_gmt":"2021-11-13T11:30:50","slug":"regala","status":"publish","type":"page","link":"https:\/\/dearmee.com\/es\/regala\/","title":{"rendered":"Regala"},"content":{"rendered":"\n<p><\/p>\n\n\n\n<p><strong>Regala mensajes para el futuro, \u00a1una experiencia \u00fanica!<\/strong><\/p>\n\n\n\n<p>Elige la opci\u00f3n que mejor encaje a tus destinatarios.<br> Env\u00edaselo a su correo electr\u00f3nico o imprime el vale para entregarlo en mano. \u00a1El resto est\u00e1 hecho!<\/p>\n\n\n\n<p><strong>\u00a1C\u00e1psulas de tiempo para eventos y d\u00edas especiales!<\/strong><\/p>\n\n\n\n<p>Si lo que quieres es regalar muchos packs b\u00e1sicos para invitados a eventos\u2026 \u00a1Cont\u00e1ctanos!<br>  Te ayudamos a regalar paquetes online e incluso offline. Adaptamos presupuesto a tus necesidades.<br> \u00a1Encaja perfectamente en bodas, cumplea\u00f1os, graduaciones escolares y universitarias, cenas de empresa o instituci\u00f3n, lotes navide\u00f1os y cualquier otra idea que tengas en mente!<\/p>\n\n\n\n<div class=\"wp-block-columns is-layout-flex wp-container-core-columns-is-layout-9d6595d7 wp-block-columns-is-layout-flex\">\n<div class=\"wp-block-column is-layout-flow wp-block-column-is-layout-flow\"><div class=\"wc-block-grid wp-block-handpicked-products wc-block-handpicked-products has-3-columns has-multiple-rows\"><ul class=\"wc-block-grid__products\"><li class=\"wc-block-grid__product\">\n\t\t\t\t<a href=\"https:\/\/dearmee.com\/es\/product\/gift-card-for-you\/\" class=\"wc-block-grid__product-link\">\n\t\t\t\t\t<div class=\"wc-block-grid__product-image\"><img loading=\"lazy\" decoding=\"async\" width=\"241\" height=\"144\" src=\"https:\/\/dearmee.com\/wp-content\/uploads\/2021\/07\/dear-mee-sin-precio-1.jpg\" class=\"attachment-woocommerce_thumbnail size-woocommerce_thumbnail\" alt=\"\" \/><\/div>\n\t\t\t\t\t<div class=\"wc-block-grid__product-title\">Tarjeta regalo digital Para ti o tu ser querido<\/div>\n\t\t\t\t<\/a>\n\t\t\t\t\n\t\t\t\t<div class=\"wc-block-grid__product-price price\"><span class=\"woocommerce-Price-amount amount\"><bdi><span class=\"woocommerce-Price-currencySymbol\">&euro;<\/span>4.99<\/bdi><\/span><br>*Impuestos incluidos<\/div>\n\t\t\t\t\n\t\t\t\t<div class=\"wp-block-button wc-block-grid__product-add-to-cart\"><a href=\"https:\/\/dearmee.com\/es\/product\/gift-card-for-you\/\" aria-label=\"Read more about &ldquo;Tarjeta regalo digital Para ti o tu ser querido&rdquo;\" data-quantity=\"1\" data-product_id=\"1304\" data-product_sku=\"\" rel=\"nofollow\" class=\"wp-block-button__link add_to_cart_button\">Send a gift voucher<\/a><\/div>\n\t\t\t<\/li><\/ul><\/div><\/div>\n\n\n\n<div class=\"wp-block-column is-layout-flow wp-block-column-is-layout-flow\"><div class=\"wc-block-grid wp-block-handpicked-products wc-block-handpicked-products has-3-columns has-multiple-rows\"><ul class=\"wc-block-grid__products\"><li class=\"wc-block-grid__product\">\n\t\t\t\t<a href=\"https:\/\/dearmee.com\/es\/product\/gift-card-family-friends\/\" class=\"wc-block-grid__product-link\">\n\t\t\t\t\t<div class=\"wc-block-grid__product-image\"><img loading=\"lazy\" decoding=\"async\" width=\"241\" height=\"144\" src=\"https:\/\/dearmee.com\/wp-content\/uploads\/2021\/07\/dear-mee-sin-precio-2.jpg\" class=\"attachment-woocommerce_thumbnail size-woocommerce_thumbnail\" alt=\"\" \/><\/div>\n\t\t\t\t\t<div class=\"wc-block-grid__product-title\">Tarjeta regalo digital Familia &#038; Amigos<\/div>\n\t\t\t\t<\/a>\n\t\t\t\t\n\t\t\t\t<div class=\"wc-block-grid__product-price price\"><span class=\"woocommerce-Price-amount amount\"><bdi><span class=\"woocommerce-Price-currencySymbol\">&euro;<\/span>14.99<\/bdi><\/span><br>*Impuestos incluidos<\/div>\n\t\t\t\t\n\t\t\t\t<div class=\"wp-block-button wc-block-grid__product-add-to-cart\"><a href=\"https:\/\/dearmee.com\/es\/product\/gift-card-family-friends\/\" aria-label=\"Read more about &ldquo;Tarjeta regalo digital Familia &amp; Amigos&rdquo;\" data-quantity=\"1\" data-product_id=\"1301\" data-product_sku=\"\" rel=\"nofollow\" class=\"wp-block-button__link add_to_cart_button\">Send a gift voucher<\/a><\/div>\n\t\t\t<\/li><\/ul><\/div><\/div>\n\n\n\n<div class=\"wp-block-column is-layout-flow wp-block-column-is-layout-flow\"><div class=\"wc-block-grid wp-block-handpicked-products wc-block-handpicked-products has-3-columns has-multiple-rows\"><ul class=\"wc-block-grid__products\"><li class=\"wc-block-grid__product\">\n\t\t\t\t<a href=\"https:\/\/dearmee.com\/es\/product\/tarjeta-regalo-communities\/\" class=\"wc-block-grid__product-link\">\n\t\t\t\t\t<div class=\"wc-block-grid__product-image\"><img loading=\"lazy\" decoding=\"async\" width=\"241\" height=\"144\" src=\"https:\/\/dearmee.com\/wp-content\/uploads\/2021\/07\/dear-mee-sin-precio-3.jpg\" class=\"attachment-woocommerce_thumbnail size-woocommerce_thumbnail\" alt=\"\" \/><\/div>\n\t\t\t\t\t<div class=\"wc-block-grid__product-title\">Tarjeta regalo digital Comunidades<\/div>\n\t\t\t\t<\/a>\n\t\t\t\t\n\t\t\t\t<div class=\"wc-block-grid__product-price price\"><span class=\"woocommerce-Price-amount amount\"><bdi><span class=\"woocommerce-Price-currencySymbol\">&euro;<\/span>29.99<\/bdi><\/span><br>*Impuestos incluidos<\/div>\n\t\t\t\t\n\t\t\t\t<div class=\"wp-block-button wc-block-grid__product-add-to-cart\"><a href=\"https:\/\/dearmee.com\/es\/product\/tarjeta-regalo-communities\/\" aria-label=\"Read more about &ldquo;Tarjeta regalo digital Comunidades&rdquo;\" data-quantity=\"1\" data-product_id=\"1303\" data-product_sku=\"\" rel=\"nofollow\" class=\"wp-block-button__link add_to_cart_button\">Send a gift voucher<\/a><\/div>\n\t\t\t<\/li><\/ul><\/div><\/div>\n<\/div>\n\n\n\n<p><\/p>\n","protected":false},"excerpt":{"rendered":"<p>Regala mensajes para el futuro, \u00a1una experiencia \u00fanica! Elige la opci\u00f3n que mejor encaje a tus destinatarios. Env\u00edaselo a su correo electr\u00f3nico o imprime el vale para entregarlo en mano. \u00a1El resto est\u00e1 hecho! \u00a1C\u00e1psulas de tiempo para eventos y d\u00edas especiales! Si lo que quieres es regalar muchos packs b\u00e1sicos para invitados a eventos\u2026 [&hellip;]<\/p>\n","protected":false},"author":1,"featured_media":0,"parent":0,"menu_order":0,"comment_status":"closed","ping_status":"closed","template":"page-gift.php","meta":{"footnotes":""},"class_list":["post-713","page","type-page","status-publish","hentry"],"yoast_head":"<!-- This site is optimized with the Yoast SEO plugin v16.1.1 - https:\/\/yoast.com\/wordpress\/plugins\/seo\/ -->\n<title>Dear Mee | Env\u00eda una carta a tu yo del futuro | Haz un regalo<\/title>\n<meta name=\"description\" content=\"Sorprende a tus seres queridos con los packs de Dear Mee. Un regalo simple y original que no olvidar\u00e1n. Regala mensajes para el futuro, \u00a1una experiencia m\u00e1gica!\" \/>\n<link rel=\"canonical\" href=\"https:\/\/dearmee.com\/es\/regala\/\" \/>\n<meta property=\"og:locale\" content=\"es_ES\" \/>\n<meta property=\"og:type\" content=\"article\" \/>\n<meta property=\"og:title\" content=\"Dear Mee | Env\u00eda una carta a tu yo del futuro | Haz un regalo\" \/>\n<meta property=\"og:description\" content=\"Sorprende a tus seres queridos con los packs de Dear Mee. Un regalo simple y original que no olvidar\u00e1n. Regala mensajes para el futuro, \u00a1una experiencia m\u00e1gica!\" \/>\n<meta property=\"og:url\" content=\"https:\/\/dearmee.com\/es\/regala\/\" \/>\n<meta property=\"og:site_name\" content=\"Dear mee\" \/>\n<meta property=\"article:modified_time\" content=\"2021-11-13T11:30:50+00:00\" \/>\n<meta name=\"twitter:card\" content=\"summary_large_image\" \/>\n<meta name=\"twitter:label1\" content=\"Tiempo de lectura\">\n\t<meta name=\"twitter:data1\" content=\"1 minuto\">\n<script type=\"application\/ld+json\" class=\"yoast-schema-graph\">{\"@context\":\"https:\/\/schema.org\",\"@graph\":[{\"@type\":\"WebSite\",\"@id\":\"https:\/\/dearmee.com\/#website\",\"url\":\"https:\/\/dearmee.com\/\",\"name\":\"Dear mee\",\"description\":\"Otro sitio realizado con WordPress\",\"potentialAction\":[{\"@type\":\"SearchAction\",\"target\":\"https:\/\/dearmee.com\/?s={search_term_string}\",\"query-input\":\"required name=search_term_string\"}],\"inLanguage\":\"es\"},{\"@type\":\"WebPage\",\"@id\":\"https:\/\/dearmee.com\/es\/regala\/#webpage\",\"url\":\"https:\/\/dearmee.com\/es\/regala\/\",\"name\":\"Dear Mee | Env\\u00eda una carta a tu yo del futuro | Haz un regalo\",\"isPartOf\":{\"@id\":\"https:\/\/dearmee.com\/#website\"},\"datePublished\":\"2021-04-22T16:49:12+00:00\",\"dateModified\":\"2021-11-13T11:30:50+00:00\",\"description\":\"Sorprende a tus seres queridos con los packs de Dear Mee. Un regalo simple y original que no olvidar\\u00e1n. Regala mensajes para el futuro, \\u00a1una experiencia m\\u00e1gica!\",\"breadcrumb\":{\"@id\":\"https:\/\/dearmee.com\/es\/regala\/#breadcrumb\"},\"inLanguage\":\"es\",\"potentialAction\":[{\"@type\":\"ReadAction\",\"target\":[\"https:\/\/dearmee.com\/es\/regala\/\"]}]},{\"@type\":\"BreadcrumbList\",\"@id\":\"https:\/\/dearmee.com\/es\/regala\/#breadcrumb\",\"itemListElement\":[{\"@type\":\"ListItem\",\"position\":1,\"item\":{\"@type\":\"WebPage\",\"@id\":\"https:\/\/dearmee.com\/es\/regala\/\",\"url\":\"https:\/\/dearmee.com\/es\/regala\/\",\"name\":\"Regala\"}}]}]}<\/script>\n<!-- \/ Yoast SEO plugin. -->","_links":{"self":[{"href":"https:\/\/dearmee.com\/es\/wp-json\/wp\/v2\/pages\/713","targetHints":{"allow":["GET"]}}],"collection":[{"href":"https:\/\/dearmee.com\/es\/wp-json\/wp\/v2\/pages"}],"about":[{"href":"https:\/\/dearmee.com\/es\/wp-json\/wp\/v2\/types\/page"}],"author":[{"embeddable":true,"href":"https:\/\/dearmee.com\/es\/wp-json\/wp\/v2\/users\/1"}],"replies":[{"embeddable":true,"href":"https:\/\/dearmee.com\/es\/wp-json\/wp\/v2\/comments?post=713"}],"version-history":[{"count":18,"href":"https:\/\/dearmee.com\/es\/wp-json\/wp\/v2\/pages\/713\/revisions"}],"predecessor-version":[{"id":2026,"href":"https:\/\/dearmee.com\/es\/wp-json\/wp\/v2\/pages\/713\/revisions\/2026"}],"wp:attachment":[{"href":"https:\/\/dearmee.com\/es\/wp-json\/wp\/v2\/media?parent=713"}],"curies":[{"name":"wp","href":"https:\/\/api.w.org\/{rel}","templated":true}]}}