{"id":716,"date":"2021-04-22T16:33:29","date_gmt":"2021-04-22T16:33:29","guid":{"rendered":"https:\/\/dearmee.com\/how-it-works\/"},"modified":"2021-11-10T21:17:11","modified_gmt":"2021-11-10T20:17:11","slug":"como-funciona","status":"publish","type":"page","link":"https:\/\/dearmee.com\/es\/como-funciona\/","title":{"rendered":"C\u00f3mo funciona"},"content":{"rendered":"\n<div class=\"wp-block-image\"><figure class=\"aligncenter size-large\"><img loading=\"lazy\" decoding=\"async\" width=\"856\" height=\"546\" src=\"https:\/\/dearmee.com\/wp-content\/uploads\/2021\/06\/pasos-como-funciona-dear-mee.png\" alt=\"\" class=\"wp-image-856\" srcset=\"https:\/\/dearmee.com\/wp-content\/uploads\/2021\/06\/pasos-como-funciona-dear-mee.png 856w, https:\/\/dearmee.com\/wp-content\/uploads\/2021\/06\/pasos-como-funciona-dear-mee-300x191.png 300w, https:\/\/dearmee.com\/wp-content\/uploads\/2021\/06\/pasos-como-funciona-dear-mee-768x490.png 768w\" sizes=\"auto, (max-width: 856px) 100vw, 856px\" \/><\/figure><\/div>\n\n\n\n<hr class=\"wp-block-separator\"\/>\n\n\n\n<figure class=\"wp-block-embed is-type-video is-provider-youtube wp-block-embed-youtube wp-embed-aspect-16-9 wp-has-aspect-ratio\"><div class=\"wp-block-embed__wrapper\">\n<iframe loading=\"lazy\" title=\"Co\u0301mo funciona Dear Mee\" width=\"640\" height=\"360\" src=\"https:\/\/www.youtube.com\/embed\/Lwu2M8IBurg?feature=oembed\" frameborder=\"0\" allow=\"accelerometer; autoplay; clipboard-write; encrypted-media; gyroscope; picture-in-picture; web-share\" referrerpolicy=\"strict-origin-when-cross-origin\" allowfullscreen><\/iframe>\n<\/div><\/figure>\n\n\n\n<div id=\"scrollInt\">\n<h2 class=\"caveat-font big-title\">\u00bfAlguna pregunta m\u00e1s?<\/h2>\n<h4 class=\"collapseomatic \" id=\"id69e9122c22949\"  tabindex=\"0\" title=\"\u00bfQu\u00e9 es Dear Mee y qu\u00e9 te puede aportar?\"    >\u00bfQu\u00e9 es Dear Mee y qu\u00e9 te puede aportar?<\/h4><div id=\"target-id69e9122c22949\" class=\"collapseomatic_content \"><p>Dear Mee es una plataforma digital que te permite mandar una carta, fotos, v\u00eddeos, audios al futuro para que&#8230;no olvides nada de lo que fuiste, o sentiste. \n<\/p><p>Puedes mand\u00e1rtela a ti mismo y\/o a terceras personas.\n<\/p><p><a href=\"https:\/\/dearmee.com\/es\/what-pack\/\"><strong>\u00a1Aqu\u00ed<\/strong><\/a>  puedes coger ideas para escribir cartas al futuro!\n<\/p><p><\/p><\/div>\n\n<h4 class=\"collapseomatic \" id=\"id69e9122c229cc\"  tabindex=\"0\" title=\"\u00bfPor qu\u00e9 deber\u00eda escribir una carta al futuro?\"    >\u00bfPor qu\u00e9 deber\u00eda escribir una carta al futuro?<\/h4><div id=\"target-id69e9122c229cc\" class=\"collapseomatic_content \"><p>Recibir un mensaje sorpresa del pasado es una experiencia incre\u00edble. Env\u00eda a tu futuro algunas palabras de inspiraci\u00f3n, agradecimiento, consuelo, alguna foto, v\u00eddeo, audio&#8230; O haced una predicci\u00f3n sobre vuestra vida, vuestra familia o el mundo. \u00bfC\u00f3mo ser\u00e1 el futuro en un a\u00f1o, cinco, veinte&#8230;?\n<\/p><p>Es un momento para ti o los tuyos que no olvidar\u00e1s.\n<\/p><p><\/p><\/div>\n\n<h4 class=\"collapseomatic \" id=\"id69e9122c229e2\"  tabindex=\"0\" title=\"\u00bfQui\u00e9n y para qu\u00e9 se escribe una carta al futuro?\"    >\u00bfQui\u00e9n y para qu\u00e9 se escribe una carta al futuro?<\/h4><div id=\"target-id69e9122c229e2\" class=\"collapseomatic_content \"><p>Lo mejor de escribir una carta es la satisfacci\u00f3n de quien la recibe.\n<\/p><p>Si te la dedicas a ti mism@, enhorabuena por ese autocuidado personal. \u00a1Si se la env\u00edas a alguien, seguro le  har\u00e1 much\u00edsima ilusi\u00f3n ver que pensaste en ell@s!\n<\/p><p><\/p><\/div>\n\n\n<h4 class=\"collapseomatic \" id=\"id69e9122c229f4\"  tabindex=\"0\" title=\"De acuerdo, pero \u00bfy si cambia el correo electr\u00f3nico desde el que mand\u00e9 la carta?\"    >De acuerdo, pero \u00bfy si cambia el correo electr\u00f3nico desde el que mand\u00e9 la carta?<\/h4><div id=\"target-id69e9122c229f4\" class=\"collapseomatic_content \">\n<p>Siempre vas a poder entrar a tu perfil de Dear Mee y cambiar tu correo electr\u00f3nico antes de que se env\u00ede la carta. \n<\/p><p>Es importante que recuerdes el correo con el que te diste de alta. \n<\/p><p>Podr\u00e1s darte de alta en Dear Mee, entrando a la web por primera vez o  en cuanto recibas el correo electr\u00f3nico en el que se te avisa de que alguien te ha mandado un mensaje para el futuro.\n<\/p><p><\/p><\/div>\n\n<h4 class=\"collapseomatic \" id=\"id69e9122c22a05\"  tabindex=\"0\" title=\"\u00bfY qu\u00e9 pasar\u00eda si cambiara el correo del destinatario?\"    >\u00bfY qu\u00e9 pasar\u00eda si cambiara el correo del destinatario?<\/h4><div id=\"target-id69e9122c22a05\" class=\"collapseomatic_content \">\n<p>Si cambia el correo del destinatario, tendr\u00e1s que mandar otra carta al nuevo correo. O confiar en que se haya registrado en Dear Mee para recibir la carta de todas formas.<\/p>\n<p><\/p><p><\/p><\/div>\n\n\n<h4 class=\"collapseomatic \" id=\"id69e9122c22a15\"  tabindex=\"0\" title=\"OK. Yo soy el destinatario. He recibido un correo conforme alguien me ha mandado una carta al futuro. \u00bfQu\u00e9 sucede si cambio el correo donde he recibido este aviso?\"    >OK. Yo soy el destinatario. He recibido un correo conforme alguien me ha mandado una carta al futuro. \u00bfQu\u00e9 sucede si cambio el correo donde he recibido este aviso?<\/h4><div id=\"target-id69e9122c22a15\" class=\"collapseomatic_content \">\n<p>Siempre podr\u00e1s acceder a tu perfil de Dear Mee para ver los mensajes recibidos. <\/p>\n<p>Para hacerlo, debes registrarte en Dear Mee. Puedes hacerlo cuando recibas el correo electr\u00f3nico que te informa de que alguien te ha enviado un mensaje para el futuro. <\/p>\n<p>Este correo te indica c\u00f3mo activar tu cuenta: Tu nombre de usuario ser\u00e1 el correo donde has recibido el aviso. Solo te quedar\u00e1 recuperar tu contrase\u00f1a. Una vez recibas el enlace para restablecer la contrase\u00f1a, y lo hagas, tendr\u00e1s la cuenta de Dear Mee lista para ver los mensajes recibidos, a partir de la fecha en la que fueron programados.<\/p>\n<p>Si no deseas tener un perfil de Dear Mee, guarda tu direcci\u00f3n de correo electr\u00f3nico durante mucho tiempo (gmail, hotmail, yahoo, etc.). <\/p>\n<p><\/p><p><\/p><\/div>\n\n\n\n<h4 class=\"collapseomatic \" id=\"id69e9122c22a25\"  tabindex=\"0\" title=\"\u00bfCu\u00e1nto cuesta usar Dear Mee?\"    >\u00bfCu\u00e1nto cuesta usar Dear Mee?<\/h4><div id=\"target-id69e9122c22a25\" class=\"collapseomatic_content \">\n<p><\/p><p>4\u201999\u20ac; 14\u201999\u20ac; 29\u201999\u20ac \n<\/p><p>Con esto se plantan \u00e1rboles, velamos por el funcionamiento de la plataforma, mantenemos la mensajer\u00eda a salvo.\n<\/p><p><\/p><\/div>\n\n<h4 class=\"collapseomatic \" id=\"id69e9122c22a33\"  tabindex=\"0\" title=\"Cuando compro un pack de cartas, veo en mi perfil que obtengo cr\u00e9ditos. \u00bfC\u00f3mo funciona exactamente?\"    >Cuando compro un pack de cartas, veo en mi perfil que obtengo cr\u00e9ditos. \u00bfC\u00f3mo funciona exactamente?<\/h4><div id=\"target-id69e9122c22a33\" class=\"collapseomatic_content \">\n<p><\/p><p>\u00a1Muy sencillo!\n<\/p><p>Con el primer pack, para ti o tu ser querido, adquieres un cr\u00e9dito y  puedes mandar una carta al futuro a un destinatario.\n<\/p><p>Con el segundo pack, adquieres 20 cr\u00e9ditos y puedes mandar hasta 20 cartas al futuro a distintos destinatarios.\n<\/p><p>Con el tercer pack, adquieres 50 cr\u00e9ditos, y puedes mandar hasta 50 cartas al futuro a varios destinatarios.\n<\/p><p><\/p><\/div>\n\n<h4 class=\"collapseomatic \" id=\"id69e9122c22a41\"  tabindex=\"0\" title=\"Sigo sin entender en qu\u00e9 consiste esto de los cr\u00e9ditos.\"    >Sigo sin entender en qu\u00e9 consiste esto de los cr\u00e9ditos.<\/h4><div id=\"target-id69e9122c22a41\" class=\"collapseomatic_content \">\n<p><\/p><p>Un cr\u00e9dito equivale a un correo electr\u00f3nico de destino.\n<\/p><p>1 cr\u00e9dito=1 destinatario=1 correo electr\u00f3nico=1 sello de sobre en la vida real\n<\/p><p>Imaginemos que compro el segundo pack, para amigos y familia, 14\u201999\u20ac. \n<\/p><p>Como hemos dicho, autom\u00e1ticamente, tendr\u00e9 20 cr\u00e9ditos.\n<\/p><p>Si escribes una carta (puedes a\u00f1adir fotos, video, audio\u2026) y la mandas a 20 personas a la vez, o lo que es lo mismo, a 20 correos electr\u00f3nicos distintos, habr\u00e1s consumido 20 cr\u00e9ditos. \n<\/p><p>\u00bfPor qu\u00e9? Si hacemos un paralelismo con el mundo offline, ser\u00edan 20 sellos. \n<\/p><p>Se la has mandado a 20 direcciones diferentes.\n<\/p><p>Veamos m\u00e1s ejemplos:\n<\/p><p>Si escribes una misma carta para 2 de tus amigas, habr\u00e1s consumido 2 cr\u00e9ditos (cada una tiene un correo electr\u00f3nico distinto).\n<\/p><p>Si escribes una misma carta y se la mandas a tus 3 hermanos, habr\u00e1s consumido 3 cr\u00e9ditos (cada uno tiene un correo electr\u00f3nico distinto).\n<\/p><\/div>\n\n<h4 class=\"collapseomatic \" id=\"id69e9122c22a50\"  tabindex=\"0\" title=\"\u00bfMensaje Privado y\/o p\u00fablico pero an\u00f3nimo?\"    >\u00bfMensaje Privado y\/o p\u00fablico pero an\u00f3nimo?<\/h4><div id=\"target-id69e9122c22a50\" class=\"collapseomatic_content \">\n<p><\/p><p>Si marcas tu correo electr\u00f3nico como \u201cp\u00fablico, pero an\u00f3nimo\u201d, se incluir\u00e1 en la secci\u00f3n de \u201cLEE\u201d, donde se pueden leer todas las cartas p\u00fablicas. \n<\/p><p>Tu direcci\u00f3n de correo electr\u00f3nico nunca se mostrar\u00e1 ni se compartir\u00e1, tampoco tus archivos. \n<\/p><p>Solo se mostrar\u00e1 el cuerpo de la carta y el asunto.\n<\/p><p>Abstente de mencionar a personas espec\u00edficas en una carta p\u00fablica (y si lo haces, nos reservamos el derecho de eliminar tu carta. Lee nuestros t\u00e9rminos de servicio para obtener m\u00e1s detalles). \n<\/p><p>No se puede cambiar el estado (p\u00fablico o an\u00f3nimo) de la carta una vez hayas clicado el bot\u00f3n.\n<\/p><p><\/p><\/div>\n\n<h4 class=\"collapseomatic \" id=\"id69e9122c22a5d\"  tabindex=\"0\" title=\"\u00bfPuedo modificar o cancelar un Dear Mee (mensaje al futuro)?\"    >\u00bfPuedo modificar o cancelar un Dear Mee (mensaje al futuro)?<\/h4><div id=\"target-id69e9122c22a5d\" class=\"collapseomatic_content \">\n<p><\/p><p>Desde la p\u00e1gina de tu cuenta de Dear Mee podr\u00e1s eliminar una carta (y pagar 0\u201999\u20ac por ello) pero no puedes cambiar la fecha en la que programaste el env\u00edo de la carta o ver o editar el contenido de la misma. Esto frustrar\u00eda el prop\u00f3sito de Dear Mee.\n<\/p><p><\/p><\/div>\n\n<h4 class=\"collapseomatic \" id=\"id69e9122c22a6a\"  tabindex=\"0\" title=\"\u00bfEst\u00e1n bien guardados mis datos?\"    >\u00bfEst\u00e1n bien guardados mis datos?<\/h4><div id=\"target-id69e9122c22a6a\" class=\"collapseomatic_content \">\n<p><\/p><p>Hemos hecho muchas inversiones en la seguridad del mantenimiento seguro de las cartas. Hemos seleccionado una compa\u00f1\u00eda del todo fiable: Nicalia.\n<\/p><p><\/p><\/div>\n\n<h4 class=\"collapseomatic \" id=\"id69e9122c22a79\"  tabindex=\"0\" title=\"Cu\u00e9ntame m\u00e1s sobre Treenation \u00bfPor cada carta enviada se planta un \u00e1rbol?\"    >Cu\u00e9ntame m\u00e1s sobre Treenation \u00bfPor cada carta enviada se planta un \u00e1rbol?<\/h4><div id=\"target-id69e9122c22a79\" class=\"collapseomatic_content \">\n<p><\/p><p>Por cada pack, se planta un \u00e1rbol.\n<\/p><p>El \u00e1rbol es de quien compra el pack, que a veces coincide con el destinatario del mensaje y otras no.\n<\/p><p>Puedes realizar el seguimiento del \u00e1rbol a trav\u00e9s de la web de tree nation. \n<\/p><p>En el momento de comprar el pack de cartas, se te mandar\u00e1 un correo con toda la informaci\u00f3n.\n<\/p><p><\/p><\/div><\/div>\n\n\n<p><\/p>\n<p><!-- \/wp:post-content --><\/p>","protected":false},"excerpt":{"rendered":"<p>\u00bfAlguna pregunta m\u00e1s?<\/p>\n","protected":false},"author":1,"featured_media":0,"parent":0,"menu_order":0,"comment_status":"closed","ping_status":"closed","template":"","meta":{"footnotes":""},"class_list":["post-716","page","type-page","status-publish","hentry"],"yoast_head":"<!-- This site is optimized with the Yoast SEO plugin v16.1.1 - https:\/\/yoast.com\/wordpress\/plugins\/seo\/ -->\n<title>Dear Mee | Env\u00eda una carta a tu yo del futuro | \u00bfC\u00f3mo funciona?<\/title>\n<meta name=\"description\" content=\"Tres simples pasos para crear tu c\u00e1psula del tiempo con \u00e9xito. En Dear Mee te lo ponemos f\u00e1cil para env\u00edar un mensaje muy especial. \u00a1Pru\u00e9balo ya!\" \/>\n<link rel=\"canonical\" href=\"https:\/\/dearmee.com\/es\/como-funciona\/\" \/>\n<meta property=\"og:locale\" content=\"es_ES\" \/>\n<meta property=\"og:type\" content=\"article\" \/>\n<meta property=\"og:title\" content=\"Dear Mee | Env\u00eda una carta a tu yo del futuro | \u00bfC\u00f3mo funciona?\" \/>\n<meta property=\"og:description\" content=\"Tres simples pasos para crear tu c\u00e1psula del tiempo con \u00e9xito. En Dear Mee te lo ponemos f\u00e1cil para env\u00edar un mensaje muy especial. \u00a1Pru\u00e9balo ya!\" \/>\n<meta property=\"og:url\" content=\"https:\/\/dearmee.com\/es\/como-funciona\/\" \/>\n<meta property=\"og:site_name\" content=\"Dear mee\" \/>\n<meta property=\"article:modified_time\" content=\"2021-11-10T20:17:11+00:00\" \/>\n<meta property=\"og:image\" content=\"https:\/\/dearmee.com\/wp-content\/uploads\/2021\/06\/pasos-como-funciona-dear-mee.png\" \/>\n<meta name=\"twitter:card\" content=\"summary_large_image\" \/>\n<meta name=\"twitter:label1\" content=\"Tiempo de lectura\">\n\t<meta name=\"twitter:data1\" content=\"5 minutos\">\n<script type=\"application\/ld+json\" class=\"yoast-schema-graph\">{\"@context\":\"https:\/\/schema.org\",\"@graph\":[{\"@type\":\"WebSite\",\"@id\":\"https:\/\/dearmee.com\/#website\",\"url\":\"https:\/\/dearmee.com\/\",\"name\":\"Dear mee\",\"description\":\"Otro sitio realizado con WordPress\",\"potentialAction\":[{\"@type\":\"SearchAction\",\"target\":\"https:\/\/dearmee.com\/?s={search_term_string}\",\"query-input\":\"required name=search_term_string\"}],\"inLanguage\":\"es\"},{\"@type\":\"ImageObject\",\"@id\":\"https:\/\/dearmee.com\/es\/como-funciona\/#primaryimage\",\"inLanguage\":\"es\",\"url\":\"https:\/\/dearmee.com\/wp-content\/uploads\/2021\/06\/pasos-como-funciona-dear-mee.png\",\"contentUrl\":\"https:\/\/dearmee.com\/wp-content\/uploads\/2021\/06\/pasos-como-funciona-dear-mee.png\",\"width\":856,\"height\":546},{\"@type\":\"WebPage\",\"@id\":\"https:\/\/dearmee.com\/es\/como-funciona\/#webpage\",\"url\":\"https:\/\/dearmee.com\/es\/como-funciona\/\",\"name\":\"Dear Mee | Env\\u00eda una carta a tu yo del futuro | \\u00bfC\\u00f3mo funciona?\",\"isPartOf\":{\"@id\":\"https:\/\/dearmee.com\/#website\"},\"primaryImageOfPage\":{\"@id\":\"https:\/\/dearmee.com\/es\/como-funciona\/#primaryimage\"},\"datePublished\":\"2021-04-22T16:33:29+00:00\",\"dateModified\":\"2021-11-10T20:17:11+00:00\",\"description\":\"Tres simples pasos para crear tu c\\u00e1psula del tiempo con \\u00e9xito. En Dear Mee te lo ponemos f\\u00e1cil para env\\u00edar un mensaje muy especial. \\u00a1Pru\\u00e9balo ya!\",\"breadcrumb\":{\"@id\":\"https:\/\/dearmee.com\/es\/como-funciona\/#breadcrumb\"},\"inLanguage\":\"es\",\"potentialAction\":[{\"@type\":\"ReadAction\",\"target\":[\"https:\/\/dearmee.com\/es\/como-funciona\/\"]}]},{\"@type\":\"BreadcrumbList\",\"@id\":\"https:\/\/dearmee.com\/es\/como-funciona\/#breadcrumb\",\"itemListElement\":[{\"@type\":\"ListItem\",\"position\":1,\"item\":{\"@type\":\"WebPage\",\"@id\":\"https:\/\/dearmee.com\/es\/como-funciona\/\",\"url\":\"https:\/\/dearmee.com\/es\/como-funciona\/\",\"name\":\"C\\u00f3mo funciona\"}}]}]}<\/script>\n<!-- \/ Yoast SEO plugin. -->","_links":{"self":[{"href":"https:\/\/dearmee.com\/es\/wp-json\/wp\/v2\/pages\/716","targetHints":{"allow":["GET"]}}],"collection":[{"href":"https:\/\/dearmee.com\/es\/wp-json\/wp\/v2\/pages"}],"about":[{"href":"https:\/\/dearmee.com\/es\/wp-json\/wp\/v2\/types\/page"}],"author":[{"embeddable":true,"href":"https:\/\/dearmee.com\/es\/wp-json\/wp\/v2\/users\/1"}],"replies":[{"embeddable":true,"href":"https:\/\/dearmee.com\/es\/wp-json\/wp\/v2\/comments?post=716"}],"version-history":[{"count":45,"href":"https:\/\/dearmee.com\/es\/wp-json\/wp\/v2\/pages\/716\/revisions"}],"predecessor-version":[{"id":2017,"href":"https:\/\/dearmee.com\/es\/wp-json\/wp\/v2\/pages\/716\/revisions\/2017"}],"wp:attachment":[{"href":"https:\/\/dearmee.com\/es\/wp-json\/wp\/v2\/media?parent=716"}],"curies":[{"name":"wp","href":"https:\/\/api.w.org\/{rel}","templated":true}]}}