{"id":719,"date":"2021-04-20T17:13:21","date_gmt":"2021-04-20T17:13:21","guid":{"rendered":"https:\/\/dearmee.com\/newsletter\/"},"modified":"2021-07-13T07:26:32","modified_gmt":"2021-07-13T07:26:32","slug":"newsletter","status":"publish","type":"page","link":"https:\/\/dearmee.com\/es\/newsletter\/","title":{"rendered":"Newsletter"},"content":{"rendered":"\n<br>\n<div class=\"newsletter-form container\">\n<div class=\"wp-block-contact-form-7-contact-form-selector\"><div role=\"form\" class=\"wpcf7\" id=\"wpcf7-f774-o1\" lang=\"en-US\" dir=\"ltr\">\n<div class=\"screen-reader-response\"><p role=\"status\" aria-live=\"polite\" aria-atomic=\"true\"><\/p> <ul><\/ul><\/div>\n<form action=\"\/es\/wp-json\/wp\/v2\/pages\/719#wpcf7-f774-o1\" method=\"post\" class=\"wpcf7-form init\" novalidate=\"novalidate\" data-status=\"init\">\n<div style=\"display: none;\">\n<input type=\"hidden\" name=\"_wpcf7\" value=\"774\" \/>\n<input type=\"hidden\" name=\"_wpcf7_version\" value=\"5.4\" \/>\n<input type=\"hidden\" name=\"_wpcf7_locale\" value=\"en_US\" \/>\n<input type=\"hidden\" name=\"_wpcf7_unit_tag\" value=\"wpcf7-f774-o1\" \/>\n<input type=\"hidden\" name=\"_wpcf7_container_post\" value=\"0\" \/>\n<input type=\"hidden\" name=\"_wpcf7_posted_data_hash\" value=\"\" \/>\n<\/div>\n<p><span class=\"wpcf7-form-control-wrap your-email\"><input type=\"email\" name=\"your-email\" value=\"\" size=\"40\" class=\"wpcf7-form-control wpcf7-text wpcf7-email wpcf7-validates-as-required wpcf7-validates-as-email\" aria-required=\"true\" aria-invalid=\"false\" placeholder=\"*Tu direcci\u00f3n de Email\" \/><\/span><br \/>\n<span id=\"wpcf7-6a0385385febf-wrapper\" class=\"wpcf7-form-control-wrap email-wrap\" style=\"display:none !important; visibility:hidden !important;\"><label for=\"wpcf7-6a0385385febf-field\" class=\"hp-message\">Por favor, deja este campo vac\u00edo.<\/label><input id=\"wpcf7-6a0385385febf-field\"  class=\"wpcf7-form-control wpcf7-text\" type=\"text\" name=\"email\" value=\"\" size=\"40\" tabindex=\"-1\" autocomplete=\"new-password\" \/><\/span><br \/>\n<input type=\"submit\" value=\"Suscr\u00edbete\" class=\"wpcf7-form-control wpcf7-submit\" \/><\/p>\n<div class=\"wpcf7-response-output\" aria-hidden=\"true\"><\/div><\/form><\/div><\/div>\n<div class=\"legal-notice\" style=\"font-size:13px\"><strong>Informaci\u00f3n b\u00e1sica de privacidad:<\/strong> Al rellenar el formulario y presionar \u201cSuscr\u00edbete\u201d usted nos est\u00e1 dando su consentimiento para que en dearmee.com tratemos sus datos personales para enviarle nuestro Newsletter. Puede ejercer sus derechos en materia de protecci\u00f3n de datos y obtener informaci\u00f3n adicional consultando nuestra <a href=\"\/es\/politica-privacidad\/\" style=\"color:#FF0000;\">pol\u00edtica de privacidad<\/a>. <br><br>\nSi desea m\u00e1s informaci\u00f3n sobre Newsletter, consulte el <a href=\"\/es\/aviso-legal\/\">aviso legal<\/a>.\n<\/div>\n<\/div>\n","protected":false},"excerpt":{"rendered":"<p>Informaci\u00f3n b\u00e1sica de privacidad: Al rellenar el formulario y presionar \u201cSuscr\u00edbete\u201d usted nos est\u00e1 dando su consentimiento para que en dearmee.com tratemos sus datos personales para enviarle nuestro Newsletter. Puede ejercer sus derechos en materia de protecci\u00f3n de datos y obtener informaci\u00f3n adicional consultando nuestra pol\u00edtica de privacidad. Si desea m\u00e1s informaci\u00f3n sobre Newsletter, consulte [&hellip;]<\/p>\n","protected":false},"author":1,"featured_media":0,"parent":0,"menu_order":0,"comment_status":"closed","ping_status":"closed","template":"page-full.php","meta":{"footnotes":""},"class_list":["post-719","page","type-page","status-publish","hentry"],"yoast_head":"<!-- This site is optimized with the Yoast SEO plugin v16.1.1 - https:\/\/yoast.com\/wordpress\/plugins\/seo\/ -->\n<title>Dear Mee | Env\u00eda una carta a tu yo del futuro | \u00daltimas Novedades<\/title>\n<meta name=\"description\" content=\"Mantente al tanto de las \u00faltimas novedades, e informaciones sobre Dear Mee subscrib\u00edendote a nuestra Newsletter. Consulta las publicaciones.\" \/>\n<link rel=\"canonical\" href=\"https:\/\/dearmee.com\/es\/newsletter\/\" \/>\n<meta property=\"og:locale\" content=\"es_ES\" \/>\n<meta property=\"og:type\" content=\"article\" \/>\n<meta property=\"og:title\" content=\"Dear Mee | Env\u00eda una carta a tu yo del futuro | \u00daltimas Novedades\" \/>\n<meta property=\"og:description\" content=\"Mantente al tanto de las \u00faltimas novedades, e informaciones sobre Dear Mee subscrib\u00edendote a nuestra Newsletter. Consulta las publicaciones.\" \/>\n<meta property=\"og:url\" content=\"https:\/\/dearmee.com\/es\/newsletter\/\" \/>\n<meta property=\"og:site_name\" content=\"Dear mee\" \/>\n<meta property=\"article:modified_time\" content=\"2021-07-13T07:26:32+00:00\" \/>\n<meta name=\"twitter:card\" content=\"summary_large_image\" \/>\n<meta name=\"twitter:label1\" content=\"Tiempo de lectura\">\n\t<meta name=\"twitter:data1\" content=\"1 minuto\">\n<script type=\"application\/ld+json\" class=\"yoast-schema-graph\">{\"@context\":\"https:\/\/schema.org\",\"@graph\":[{\"@type\":\"WebSite\",\"@id\":\"https:\/\/dearmee.com\/#website\",\"url\":\"https:\/\/dearmee.com\/\",\"name\":\"Dear mee\",\"description\":\"Otro sitio realizado con WordPress\",\"potentialAction\":[{\"@type\":\"SearchAction\",\"target\":\"https:\/\/dearmee.com\/?s={search_term_string}\",\"query-input\":\"required name=search_term_string\"}],\"inLanguage\":\"es\"},{\"@type\":\"WebPage\",\"@id\":\"https:\/\/dearmee.com\/es\/newsletter\/#webpage\",\"url\":\"https:\/\/dearmee.com\/es\/newsletter\/\",\"name\":\"Dear Mee | Env\\u00eda una carta a tu yo del futuro | \\u00daltimas Novedades\",\"isPartOf\":{\"@id\":\"https:\/\/dearmee.com\/#website\"},\"datePublished\":\"2021-04-20T17:13:21+00:00\",\"dateModified\":\"2021-07-13T07:26:32+00:00\",\"description\":\"Mantente al tanto de las \\u00faltimas novedades, e informaciones sobre Dear Mee subscrib\\u00edendote a nuestra Newsletter. Consulta las publicaciones.\",\"breadcrumb\":{\"@id\":\"https:\/\/dearmee.com\/es\/newsletter\/#breadcrumb\"},\"inLanguage\":\"es\",\"potentialAction\":[{\"@type\":\"ReadAction\",\"target\":[\"https:\/\/dearmee.com\/es\/newsletter\/\"]}]},{\"@type\":\"BreadcrumbList\",\"@id\":\"https:\/\/dearmee.com\/es\/newsletter\/#breadcrumb\",\"itemListElement\":[{\"@type\":\"ListItem\",\"position\":1,\"item\":{\"@type\":\"WebPage\",\"@id\":\"https:\/\/dearmee.com\/es\/newsletter\/\",\"url\":\"https:\/\/dearmee.com\/es\/newsletter\/\",\"name\":\"Newsletter\"}}]}]}<\/script>\n<!-- \/ Yoast SEO plugin. -->","_links":{"self":[{"href":"https:\/\/dearmee.com\/es\/wp-json\/wp\/v2\/pages\/719","targetHints":{"allow":["GET"]}}],"collection":[{"href":"https:\/\/dearmee.com\/es\/wp-json\/wp\/v2\/pages"}],"about":[{"href":"https:\/\/dearmee.com\/es\/wp-json\/wp\/v2\/types\/page"}],"author":[{"embeddable":true,"href":"https:\/\/dearmee.com\/es\/wp-json\/wp\/v2\/users\/1"}],"replies":[{"embeddable":true,"href":"https:\/\/dearmee.com\/es\/wp-json\/wp\/v2\/comments?post=719"}],"version-history":[{"count":20,"href":"https:\/\/dearmee.com\/es\/wp-json\/wp\/v2\/pages\/719\/revisions"}],"predecessor-version":[{"id":1263,"href":"https:\/\/dearmee.com\/es\/wp-json\/wp\/v2\/pages\/719\/revisions\/1263"}],"wp:attachment":[{"href":"https:\/\/dearmee.com\/es\/wp-json\/wp\/v2\/media?parent=719"}],"curies":[{"name":"wp","href":"https:\/\/api.w.org\/{rel}","templated":true}]}}