{"id":721,"date":"2021-02-12T17:56:09","date_gmt":"2021-02-12T17:56:09","guid":{"rendered":"https:\/\/dearmee.com\/politica-privacidad\/"},"modified":"2023-05-10T11:36:57","modified_gmt":"2023-05-10T09:36:57","slug":"politica-privacidad","status":"publish","type":"page","link":"https:\/\/dearmee.com\/es\/politica-privacidad\/","title":{"rendered":"Pol\u00edtica de privacidad"},"content":{"rendered":"\n<p>La presente pol\u00edtica de privacidad est\u00e1 redactada bajo los est\u00e1ndares establecidos por el Reglamento Europeo de Protecci\u00f3n de Datos (RGPD) y m\u00e1s concretamente para dar cumplimiento al deber de informaci\u00f3n que tiene todo responsable del tratamiento frente a los interesados.<\/p>\n\n\n\n<p><strong>Responsable del Tratamiento<\/strong><br><strong>Identidad:<\/strong> Paula Santolalla de Pedro<br><strong>Nombre Comercial \/Marca: <\/strong>Dear Mee<br><strong>Email:<\/strong> <a href=\"mailto:hello@dearmee.com\">hello@dearmee.com<\/a><br><strong>Sitio Web: <\/strong><a href=\"https:\/\/dearmee.com\/es\/terminos-y-condiciones\/\">dearmee.com<\/a><\/p>\n\n\n\n<p><\/p>\n\n\n\n<p>Debido a que en <strong><a href=\"http:\/\/www.dearmee.com\">dearmee.com<\/a><\/strong> tratamos datos para distintas finalidades, hemos clasificado parte de la informaci\u00f3n en los siguientes apartados, de modo que le haga m\u00e1s simple y f\u00e1cil su comprensi\u00f3n. Le informaremos de: las finalidades por las cuales tratamos sus datos personales; donde los hemos obtenido; la obligatoriedad o necesidad de que nos comunique los datos para la finalidad en cuesti\u00f3n; la base jur\u00eddica que nos legitima para el tratamiento; y el plazo de conservaci\u00f3n por el que trataremos los datos.<\/p>\n\n\n\n<p>Sus datos personales no ser\u00e1n tratados para otras finalidades de las aqu\u00ed contempladas.<\/p>\n\n\n\n<p><\/p>\n\n\n\n<ol class=\"wp-block-list\">\n<li><strong>REGISTRO WEB<\/strong><\/li>\n<\/ol>\n\n\n\n<ul class=\"wp-block-list\">\n<li><strong>Finalidad<\/strong> (Para que tratamos sus datos)<\/li>\n<\/ul>\n\n\n\n<p>El usuario registrado en dearmee.com tendr\u00e1 un \u00e1rea personal, donde podr\u00e1 acceder y rectificar sus datos de usuario y direcci\u00f3n de facturaci\u00f3n; enviar cartas o mensajes al futuro; realizar un seguimiento de su actividad; y contratar productos o servicios; etc.<\/p>\n\n\n\n<p><strong>Nota<\/strong>: Si al registrarse marca la casilla de verificaci\u00f3n Newsletter situada bajo el formulario, consulte \u201cpunto 4 Newsletter\u201d.<\/p>\n\n\n\n<ul class=\"wp-block-list\">\n<li><strong>Obtenci\u00f3n<\/strong> (C\u00f3mo los obtenemos)<\/li>\n<\/ul>\n\n\n\n<p>Del propio usuario al rellenar con sus datos y enviar el formulario de registro web<\/p>\n\n\n\n<ul class=\"wp-block-list\">\n<li><strong>Base Jur\u00eddica <\/strong>(Qu\u00e9 nos legitima a tratarlos)<\/li>\n<\/ul>\n\n\n\n<p>Consentimiento informado del usuario al rellenar el formulario y presionar el bot\u00f3n \u201cregistrarse\u201d.<\/p>\n\n\n\n<ul class=\"wp-block-list\">\n<li><strong>Obligatoriedad<\/strong> (Qu\u00e9 sucede si no nos lo facilita)<\/li>\n<\/ul>\n\n\n\n<p>Los datos que pedimos en el formulario de Registro web marcados como obligatorios, son necesarios para que podamos realizar correctamente el Registro. Si no nos los facilita, no podremos procesar su alta. Si hay campos opcionales, no tiene obligaci\u00f3n de facilit\u00e1rnoslos para la prestaci\u00f3n del servicio.<\/p>\n\n\n\n<ul class=\"wp-block-list\">\n<li><strong>Plazo Conservaci\u00f3n<\/strong> (Durante cu\u00e1nto tiempo los trataremos)<\/li>\n<\/ul>\n\n\n\n<p>Hasta la retirada del consentimiento mediante la eliminaci\u00f3n de la cuenta, que puede realizar usted mismo des de su \u00e1rea personal.<\/p>\n\n\n\n<p><strong>2. CONTRATACI\u00d3N<\/strong><\/p>\n\n\n\n<ul class=\"wp-block-list\">\n<li><strong>Finalidad<\/strong> (Para que tratamos sus datos)<\/li>\n<\/ul>\n\n\n\n<p>El cliente podr\u00e1 contratar productos y servicios ofrecidos por el titular.<\/p>\n\n\n\n<p><strong>Nota<\/strong>: Las pasarelas de pago son empresas externas al responsable, por lo que el responsable no tratar\u00e1 datos bancarios de sus clientes.<\/p>\n\n\n\n<ul class=\"wp-block-list\">\n<li><strong>Obtenci\u00f3n<\/strong> (C\u00f3mo los obtenemos)<\/li>\n<\/ul>\n\n\n\n<p>Del propio cliente al rellenar sus datos de facturaci\u00f3n y enviar el formulario de compra. Advertencia: Los datos de facturaci\u00f3n se guardan autom\u00e1ticamente en su aria personal al enviar el formulario de compra. Tambi\u00e9n puede rellenarlos directamente des de su \u00e1rea personal. Si no desea que se guarden sus datos, no realice ninguna compra.<\/p>\n\n\n\n<ul class=\"wp-block-list\">\n<li><strong>Base Jur\u00eddica<\/strong> (Qu\u00e9 nos legitima a tratarlos)<\/li>\n<\/ul>\n\n\n\n<p>Ejecuci\u00f3n de un contrato entre el cliente y el responsable.<\/p>\n\n\n\n<ul class=\"wp-block-list\">\n<li><strong>Obligatoriedad<\/strong> (Qu\u00e9 sucede si no nos lo facilita)<\/li>\n<\/ul>\n\n\n\n<p>Los datos que pedimos en el formulario de compra, son necesarios para que podamos prestar correctamente el servicio. Si no nos los facilita, no podremos procesar su pedido. Si hay campos opcionales, no tiene obligaci\u00f3n de facilit\u00e1rnoslos para la prestaci\u00f3n del servicio.<\/p>\n\n\n\n<ul class=\"wp-block-list\">\n<li><strong>Plazo Conservaci\u00f3n<\/strong> (Durante cu\u00e1nto tiempo los trataremos)<\/li>\n<\/ul>\n\n\n\n<p>Hasta la prestaci\u00f3n del servicio. Cumplido el servicio, se conservaran sus datos durante los plazos legalmente establecidos para atender a responsabilidades.<\/p>\n\n\n\n<p><strong>3. FORMULARIO &#8220;ESCRIBE&#8221;<\/strong><\/p>\n\n\n\n<ul class=\"wp-block-list\">\n<li><strong>Finalidad<\/strong> (Para que tratamos sus datos)<\/li>\n<\/ul>\n\n\n\n<p>Para enviar cartas o mensajes al futuro. La localizaci\u00f3n (pa\u00eds) solo se utilizar\u00e1 para mostrar un punto (an\u00f3nimo) en el mapa de Dear Mee des de donde se envi\u00f3 la carta. Si la cata es p\u00fablica no se mostraran los datos ni del remitente ni de los destinatarios, ni tampoco de los archivos adjuntos, solo el texto.<\/p>\n\n\n\n<p><strong>Nota<\/strong>: Aseg\u00farese de no introducir datos que hagan identificadas o identificables a personas en el texto de la carta o mensaje p\u00fablico.<\/p>\n\n\n\n<ul class=\"wp-block-list\">\n<li><strong>Obtenci\u00f3n<\/strong> (C\u00f3mo los obtenemos)<\/li>\n<\/ul>\n\n\n\n<p>Al rellenar el formulario de env\u00edo de cartas o mensajes al futuro.<\/p>\n\n\n\n<ul class=\"wp-block-list\">\n<li><strong>Base Jur\u00eddica<\/strong> (Qu\u00e9 nos legitima a tratarlos)<\/li>\n<\/ul>\n\n\n\n<p>Ejecuci\u00f3n de un contrato entre el cliente y el responsable.<\/p>\n\n\n\n<ul class=\"wp-block-list\">\n<li><strong>Obligatoriedad<\/strong> (Qu\u00e9 sucede si no nos lo facilita)<\/li>\n<\/ul>\n\n\n\n<p>Los datos que pedimos en el formulario de \u201cescribe\u201d, son necesarios para que podamos prestar correctamente el servicio. Si no nos los facilita, no podremos procesar su pedido.<\/p>\n\n\n\n<p>Si hay campos opcionales, no tiene obligaci\u00f3n de facilit\u00e1rnoslos para la prestaci\u00f3n del servicio.<\/p>\n\n\n\n<ul class=\"wp-block-list\">\n<li><strong>Plazo Conservaci\u00f3n<\/strong> (Durante cu\u00e1nto tiempo los trataremos)<\/li>\n<\/ul>\n\n\n\n<p>Hasta la prestaci\u00f3n del servicio. Cumplido el servicio, se conservaran sus datos durante los plazos legalmente establecidos para atender a responsabilidades.<\/p>\n\n\n\n<p><strong>4. DATOS DE LOS DESTINATARIOS DE LAS CARTAS O TARJETAS DE REGALO<\/strong><\/p>\n\n\n\n<ul class=\"wp-block-list\">\n<li><strong>Finalidad<\/strong> (Para que tratamos sus datos)<\/li>\n<\/ul>\n\n\n\n<p>Para poder enviar las cartas o mensajes o las tarjetas de regalo, necesitaremos el e-mail del destinatario\/s.<\/p>\n\n\n\n<ul class=\"wp-block-list\">\n<li><strong>Obtenci\u00f3n<\/strong> (C\u00f3mo los obtenemos)<\/li>\n<\/ul>\n\n\n\n<p>Los facilita tambi\u00e9n el cliente (remitente de la carta, mensaje o tarjeta de regalo) al rellenar el formulario de env\u00edo al futuro e indicar mail del destinatario\/s.<\/p>\n\n\n\n<ul class=\"wp-block-list\">\n<li><strong>Base Jur\u00eddica<\/strong> (Qu\u00e9 nos legitima a tratarlos)<\/li>\n<\/ul>\n\n\n\n<p>Ejecuci\u00f3n del contrato de prestaci\u00f3n de servicios entre el cliente y el responsable.<\/p>\n\n\n\n<p>*El cliente (remitente) declara por contrato que est\u00e1 autorizado a facilitarnos los datos del destinatario\/s.<\/p>\n\n\n\n<ul class=\"wp-block-list\">\n<li><strong>Obligatoriedad<\/strong> (Qu\u00e9 sucede si no nos lo facilita)<\/li>\n<\/ul>\n\n\n\n<p>Los datos que pedimos al cliente (remitente) del destinatario\/s, son necesarios para que podamos prestar correctamente el servicio.<\/p>\n\n\n\n<p>Si no nos los facilita, no podremos procesarlo correctamente.<\/p>\n\n\n\n<ul class=\"wp-block-list\">\n<li><strong>Plazo Conservaci\u00f3n<\/strong> (Durante cu\u00e1nto tiempo los trataremos)<\/li>\n<\/ul>\n\n\n\n<p>Hasta el env\u00edo de la carta o mensaje al destinatario. Cumplido el servicio, se conservaran sus datos durante los plazos legalmente establecidos para atender a responsabilidades.<\/p>\n\n\n\n<p><strong>Nota<\/strong>: Si el destinatario opta por registrarse en dearmee.com, consulte el punto 1&nbsp;<strong>\u201cRegistro sitio web dearmee.com\u201d<\/strong><\/p>\n\n\n\n<p><strong>5. SUSCRIPCI\u00d3N NEWSLETTER<\/strong><\/p>\n\n\n\n<ul class=\"wp-block-list\">\n<li><strong>Finalidad<\/strong> (Para que tratamos sus datos)<\/li>\n<\/ul>\n\n\n\n<p>El suscriptor recibir\u00e1 las \u00faltimas novedades en nuestros servicios y dem\u00e1s noticias de inter\u00e9s relacionadas con DEAR MEE<\/p>\n\n\n\n<ul class=\"wp-block-list\">\n<li><strong>Obtenci\u00f3n<\/strong> (C\u00f3mo los obtenemos)<\/li>\n<\/ul>\n\n\n\n<p>Del propio suscriptor mediante el formulario de suscripci\u00f3n.<\/p>\n\n\n\n<p>Tambi\u00e9n puede habilitarse una casilla de verificaci\u00f3n debajo de otros formularios (como contacto o Registro). En tal caso, no se solicitar\u00e1n datos adicionales a los solicitados en el formulario, para esta finalidad.<\/p>\n\n\n\n<ul class=\"wp-block-list\">\n<li><strong>Base Jur\u00eddica<\/strong> (Qu\u00e9 nos legitima a tratarlos)<\/li>\n<\/ul>\n\n\n\n<p>Consentimiento informado del interesado al rellenar los campos habilitados en el formulario de suscripci\u00f3n y presionar \u201csuscr\u00edbete\u201d;<\/p>\n\n\n\n<p>Consentimiento informado al marcar afirmativamente la casilla de verificaci\u00f3n relativa a la suscripci\u00f3n al Newsletter habilitada bajo otros formularios.<\/p>\n\n\n\n<ul class=\"wp-block-list\">\n<li><strong>Obligatoriedad<\/strong> (Qu\u00e9 sucede si no nos lo facilita)<\/li>\n<\/ul>\n\n\n\n<p>Los datos que pedimos en el formulario, son necesarios para que podamos realizar correctamente tu suscripci\u00f3n. Si no nos los facilita, no podremos procesar su alta.<\/p>\n\n\n\n<p>Marcar la casilla de verificaci\u00f3n habilitada bajo otros formularios (como contacto o registro), no es obligatorio. La \u00fanica consecuencia para usted ser\u00e1 no recibir la Newsletter.<\/p>\n\n\n\n<ul class=\"wp-block-list\">\n<li><strong>Plazo Conservaci\u00f3n<\/strong> (Durante cu\u00e1nto tiempo los trataremos)<\/li>\n<\/ul>\n\n\n\n<p>Hasta que cancele su suscripci\u00f3n, mediante el link habilitado en cada Newsletter que reciba.<\/p>\n\n\n\n<p><strong>6. FORMULARIO DE CONTACTO<\/strong><\/p>\n\n\n\n<ul class=\"wp-block-list\">\n<li><strong>Finalidad<\/strong> (Para que tratamos sus datos)<\/li>\n<\/ul>\n\n\n\n<p>Cualquier usuario podr\u00e1 contactarnos para una solicitud de informaci\u00f3n, duda, aclaraci\u00f3n o incidencia.<\/p>\n\n\n\n<p><strong>Nota<\/strong>: Si se habilita casilla de verificaci\u00f3n de Newsletter bajo este formulario, consulte \u201cpunto 4 Newsletter\u201d<\/p>\n\n\n\n<ul class=\"wp-block-list\">\n<li><strong>Obtenci\u00f3n<\/strong> (C\u00f3mo los obtenemos)<\/li>\n<\/ul>\n\n\n\n<p>Del propio interesado mediante el formulario de contacto.<\/p>\n\n\n\n<ul class=\"wp-block-list\">\n<li><strong>Base Jur\u00eddica<\/strong> (Qu\u00e9 nos legitima a tratarlos)<\/li>\n<\/ul>\n\n\n\n<p>Consentimiento informado del interesado al rellenar los campos del formulario de contacto y presionar \u201cenviar\u201d.<\/p>\n\n\n\n<ul class=\"wp-block-list\">\n<li><strong>Obligatoriedad<\/strong> (Qu\u00e9 sucede si no nos lo facilita)<\/li>\n<\/ul>\n\n\n\n<p>Los datos que le pedimos en el formulario como obligatorios, son necesarios para poder atenderle correctamente. Si no nos los facilita, no podremos atender su solicitud. Si hay campos opcionales, no tiene obligaci\u00f3n de facilit\u00e1rnoslos para la prestaci\u00f3n del servicio.<\/p>\n\n\n\n<ul class=\"wp-block-list\">\n<li><strong>Plazo Conservaci\u00f3n<\/strong> (Durante cu\u00e1nto tiempo los trataremos)<\/li>\n<\/ul>\n\n\n\n<p>Hasta la atenci\u00f3n de la solicitud.<\/p>\n\n\n\n<p><strong>7. FORMULARIO AFILIADOS (Gana dinero con nosotros)<\/strong><\/p>\n\n\n\n<ul class=\"wp-block-list\">\n<li><strong>Finalidad<\/strong> (Para que tratamos sus datos)<\/li>\n<\/ul>\n\n\n\n<p>Cualquier usuario podr\u00e1 contactarnos para solicitarnos una colaboraci\u00f3n.<\/p>\n\n\n\n<ul class=\"wp-block-list\">\n<li><strong>Obtenci\u00f3n<\/strong> (C\u00f3mo los obtenemos)<\/li>\n<\/ul>\n\n\n\n<p>Del propio interesado mediante el formulario de afiliados.<\/p>\n\n\n\n<ul class=\"wp-block-list\">\n<li><strong>Base Jur\u00eddica<\/strong> (Qu\u00e9 nos legitima a tratarlos)<\/li>\n<\/ul>\n\n\n\n<p>Solicitudes: Ejecuci\u00f3n de medidas precontractuales a solicitud del interesado.<\/p>\n\n\n\n<p>Colaboraciones (Cuando el responsable acepte la solicitud de colaboraci\u00f3n): Ejecuci\u00f3n del contrato entre el responsable y el colaborador.<\/p>\n\n\n\n<ul class=\"wp-block-list\">\n<li><strong>Obligatoriedad<\/strong> (Qu\u00e9 sucede si no nos lo facilita)<\/li>\n<\/ul>\n\n\n\n<p>Los datos que le pedimos en el formulario como obligatorios, son necesarios para poder atenderle correctamente. Si no nos los facilita, no podremos atender su solicitud.<\/p>\n\n\n\n<p>Si hay campos opcionales, no tiene obligaci\u00f3n de facilit\u00e1rnoslos para la prestaci\u00f3n del servicio.<\/p>\n\n\n\n<ul class=\"wp-block-list\">\n<li><strong>Plazo Conservaci\u00f3n<\/strong> (Durante cu\u00e1nto tiempo los trataremos)<\/li>\n<\/ul>\n\n\n\n<p>Hasta la atenci\u00f3n de la solicitud, si la misma es rehusada por el responsable.<\/p>\n\n\n\n<p>Hasta el fin de la colaboraci\u00f3n, en el caso de que sea aceptada por el responsable. Terminada la relaci\u00f3n contractual, se conservaran sus datos durante los plazos legalmente establecidos para atender a responsabilidades.<\/p>\n\n\n\n<p><strong>8. COOKIES PROPIAS O DE TERCEROS<\/strong><\/p>\n\n\n\n<ul class=\"wp-block-list\">\n<li><strong>Finalidad<\/strong> (Para que tratamos sus datos)<\/li>\n<\/ul>\n\n\n\n<p>Para optimizar nuestros servicios, recordar sus preferencias y mostrarte publicidad relacionada con sus h\u00e1bitos de navegaci\u00f3n.<\/p>\n\n\n\n<ul class=\"wp-block-list\">\n<li><strong>Obtenci\u00f3n<\/strong> (C\u00f3mo los obtenemos)<\/li>\n<\/ul>\n\n\n\n<p>Del propio usuario mediante las cookies que se almacenan en su dispositivo y recogen la informaci\u00f3n que genera su actividad en la red<\/p>\n\n\n\n<ul class=\"wp-block-list\">\n<li><strong>Base Jur\u00eddica<\/strong> (Qu\u00e9 nos legitima a tratarlos)<\/li>\n<\/ul>\n\n\n\n<p>T\u00e9cnicas \/Necesarias: Condiciones de uso del sitio web que el usuario acepta con la mera navegaci\u00f3n.<\/p>\n\n\n\n<p><strong>Otras&nbsp;<\/strong>(Preferencias, Anal\u00edticas, Publicidad, Publicidad comportamental): Consentimiento informado del interesado mediante el banner de cookies.<\/p>\n\n\n\n<ul class=\"wp-block-list\">\n<li><strong>Obligatoriedad<\/strong> (Qu\u00e9 sucede si no nos lo facilita)<\/li>\n<\/ul>\n\n\n\n<p>T\u00e9cnicas \/ Necesarias: Son necesarias para el correcto funcionamiento del sitio, si las deshabilita des de su navegador es probable que servicios no funcionen correctamente.<\/p>\n\n\n\n<p><strong>Otras<\/strong>: No tiene obligaci\u00f3n de consentir\u00e1s. Si no da su consentimiento, simplemente no se le instalar\u00e1n las cookies que no ha consentido.<\/p>\n\n\n\n<ul class=\"wp-block-list\">\n<li><strong>Plazo Conservaci\u00f3n<\/strong> (Durante cu\u00e1nto tiempo los trataremos)<\/li>\n<\/ul>\n\n\n\n<p>T\u00e9cnicas: Hasta su caducidad (ver tabla de caducidad y restante informaci\u00f3n de cookies en la&nbsp;<a href=\"https:\/\/dearmee.com\/es\/politica-de-cookies\/\">pol\u00edtica de cookies<\/a>.<\/p>\n\n\n\n<p><strong>Otras<\/strong>: Hasta la retirada del consentimiento o caducidad.<\/p>\n\n\n\n<hr class=\"wp-block-separator has-css-opacity\"\/>\n\n\n\n<p><strong>Informaci\u00f3n Com\u00fan a las distintas finalidades:<\/strong><\/p>\n\n\n\n<ul class=\"wp-block-list\">\n<li><strong>Destinatarios<\/strong><\/li>\n<\/ul>\n\n\n\n<p>El Responsable, no comunicar\u00e1\/ceder\u00e1 sus datos personales de nuestros usuarios o clientes a ning\u00fan tercero, salvo por obligaci\u00f3n legal.<\/p>\n\n\n\n<p>No obstante y aunque no se trata de una comunicaci\u00f3n\/cesi\u00f3n de datos, para prestarle alguno de nuestros servicios, precisaremos de la colaboraci\u00f3n de algunas empresas externas, con las que hemos firmado un contrato de encargado del tratamiento. En particular queremos ampliarle la informaci\u00f3n relacionada con nuestro encargado del tratamiento \u201cTree-Nation\u201d que tratar\u00e1 por nuestra cuenta los datos de nuestros clientes, para comunicarles y hacer una recolecta de los \u00e1rboles plantados.&nbsp; Si desea m\u00e1s informaci\u00f3n consulte la pol\u00edtica de privacidad de <a href=\"https:\/\/tree-nation.com\/legal\/privacy-policy\"><u>tree-nation.com\/legal\/privacy-policy<\/u><\/a>.&nbsp;<\/p>\n\n\n\n<p>Asimismo, su informaci\u00f3n personal estar\u00e1 a disposici\u00f3n de las Administraciones P\u00fablicas, Jueces y Tribunales, para la atenci\u00f3n de posibles responsabilidades nacidas del tratamiento.<\/p>\n\n\n\n<ul class=\"wp-block-list\">\n<li><strong>Transferencias Internacionales<\/strong><\/li>\n<\/ul>\n\n\n\n<p>Con car\u00e1cter&nbsp;general no se realizar\u00e1n transferencias internacionales con sus datos personales, salvo con nuestro proveedor de mailing&nbsp;&#8220;mailchimp&#8221; con el que se cuenta con un instrumento jur\u00eddico adecuado que puede consultar en el siguiente enlace&nbsp;<a href=\"https:\/\/mailchimp.com\/legal\/data-processing-addendum\/\"><strong>https:\/\/mailchimp.com\/legal\/data-processing-addendum\/<\/strong><\/a><\/p>\n\n\n\n<ul class=\"wp-block-list\">\n<li><strong>Elaboraci\u00f3n de perfiles<\/strong><\/li>\n<\/ul>\n\n\n\n<p>No tenemos establecidos mecanismos de elaboraci\u00f3n de perfiles en el tratamiento de sus datos personales.<\/p>\n\n\n\n<p>Ahora bien, s\u00ed podemos establecer cookies propias o de terceros del tipo \u201ccomportamentales\u201d que efectivamente podr\u00edan elaborar un perfil en base a su navegaci\u00f3n en nuestro sitio web. Pero para poder habilitarlas, necesitaremos su consentimiento previo. Para m\u00e1s informaci\u00f3n consulte nuestra <a href=\"https:\/\/dearmee.com\/es\/politica-de-cookies\/\"><u>pol\u00edtica de cookies<\/u><\/a>.<\/p>\n\n\n\n<ul class=\"wp-block-list\">\n<li><strong>Medidas de Seguridad:<\/strong><\/li>\n<\/ul>\n\n\n\n<p>Nos preocupa la seguridad de sus datos, por ello hemos establecido una serie de medidas t\u00e9cnicas y organizativas adecuadas para garantizar la disponibilidad, integridad y confidencialidad de sus datos ante tratamientos no autorizados o il\u00edcitos, as\u00ed como ante la p\u00e9rdida, destrucci\u00f3n o da\u00f1o accidental de los mismos. Sin embargo, la seguridad absoluta no se puede garantizar y no existe ning\u00fan sistema de seguridad que sea impenetrable por lo que, en el caso de cualquier informaci\u00f3n objeto de tratamiento y bajo nuestro control se viese comprometida como consecuencia de una brecha de seguridad, tomaremos las medidas adecuadas para investigar el incidente, notificarlo a la Autoridad de Control y, en su caso, a aquellos usuarios que se hubieran podido ver afectados para que tomen las medidas adecuadas.<\/p>\n\n\n\n<ul class=\"wp-block-list\">\n<li><strong>Sus derechos<\/strong><\/li>\n<\/ul>\n\n\n\n<p>Tiene derecho a ser informado sobre las actividades de tratamiento que se realizan por el responsablecon sus datos personales, as\u00ed como tiene derecho a acceder, rectificar, suprimir, limitar, ejercer la portabilidad y oponerse al tratamiento de sus datos personales ante el responsable mediante la siguiente direcci\u00f3n de correo electr\u00f3nico <a href=\"mailto:hola@dearmee.com\"><u>hello@dearmee.com<\/u><\/a>, acreditando debidamente su identidad y siguiendo las instrucciones que se le indiquen. Aunque, los usuarios registrados, podr\u00e1n <strong>acceder<\/strong> directamente, <strong>rectificar y suprimir <\/strong>algunos desus datos des de su \u00e1rea personal.<\/p>\n\n\n\n<p>Tiene derecho a retirar su consentimiento para aquellas finalidades que lo hubiere prestado. La retirada de su consentimiento, no afectar\u00e1 a la licitud del tratamiento basado en el consentimiento previo a su retirada.<\/p>\n\n\n\n<p>En caso de disconformidad, puede interponer una reclamaci\u00f3n ante la autoridad de control de su pa\u00eds. &nbsp;<\/p>\n\n\n\n<p>Puede obtener m\u00e1s informaci\u00f3n sobre sus derechos en el sitio web del CEPD <u><a href=\"https:\/\/edpb.europa.eu\/about-edpb\/about-edpb_es\">edpb.europa.eu\/a<\/a><\/u> o en el sitio web de la autoridad de control de su pa\u00eds.<\/p>\n\n\n\n<ul class=\"wp-block-list\">\n<li><strong>Responsabilidad del usuario:<\/strong><\/li>\n<\/ul>\n\n\n\n<p>Al facilitarnos sus datos a trav\u00e9s de canales electr\u00f3nicos, el usuario garantiza que es mayor de 16 a\u00f1os y que los datos facilitados son verdaderos, exactos, completos y actualizados. A estos efectos, el usuario confirma que responde de la veracidad de los datos comunicados y que mantendr\u00e1 convenientemente actualizada dicha informaci\u00f3n de modo que responda a su situaci\u00f3n real, haci\u00e9ndose responsable de los datos falsos e inexactos que pudiera proporcionar, as\u00ed como de los da\u00f1os y perjuicios, directos o indirectos, que pudieran derivarse.<\/p>\n\n\n\n<p><strong>Aviso: <\/strong>Esta pol\u00edtica puede ser modificada ante cualquier cambio en el tratamiento de datos o cambio&nbsp; normativo. Si ello sucede, se lo comunicaremos.<strong>&nbsp; &nbsp;&nbsp;&nbsp;&nbsp;&nbsp;&nbsp;&nbsp;&nbsp;&nbsp;&nbsp;&nbsp;&nbsp;&nbsp;&nbsp;&nbsp;&nbsp;&nbsp;<\/strong><br>Ante cualquier cuesti\u00f3n o incidencia no dude en contactarnos, estaremos encantados de atenderle en <a href=\"mailto:hello@dearmee.com\"><u>hello@dearmee.com<\/u><\/a><\/p>\n\n\n\n<p><strong>Fecha \u00faltima actualizaci\u00f3n 1 de Julio de 2021<\/strong><\/p>\n","protected":false},"excerpt":{"rendered":"<p>La presente pol\u00edtica de privacidad est\u00e1 redactada bajo los est\u00e1ndares establecidos por el Reglamento Europeo de Protecci\u00f3n de Datos (RGPD) y m\u00e1s concretamente para dar cumplimiento al deber de informaci\u00f3n que tiene todo responsable del tratamiento frente a los interesados. Responsable del TratamientoIdentidad: Paula Santolalla de PedroNombre Comercial \/Marca: Dear MeeEmail: hello@dearmee.comSitio Web: dearmee.com Debido [&hellip;]<\/p>\n","protected":false},"author":1,"featured_media":0,"parent":0,"menu_order":0,"comment_status":"closed","ping_status":"closed","template":"","meta":{"footnotes":""},"class_list":["post-721","page","type-page","status-publish","hentry"],"yoast_head":"<!-- This site is optimized with the Yoast SEO plugin v16.1.1 - https:\/\/yoast.com\/wordpress\/plugins\/seo\/ -->\n<title>Dear Mee | Env\u00eda una carta a tu yo del futuro | Pol\u00edtica de privacidad<\/title>\n<meta name=\"description\" content=\"Pol\u00edtica de privacidad de Dear Mee. Condiciones de uso. Limitaci\u00f3n de Responsabilidad. Derechos de Propiedad Intelectual. Protecci\u00f3n de datos.\" \/>\n<link rel=\"canonical\" href=\"https:\/\/dearmee.com\/es\/politica-privacidad\/\" \/>\n<meta property=\"og:locale\" content=\"es_ES\" \/>\n<meta property=\"og:type\" content=\"article\" \/>\n<meta property=\"og:title\" content=\"Dear Mee | Env\u00eda una carta a tu yo del futuro | Pol\u00edtica de privacidad\" \/>\n<meta property=\"og:description\" content=\"Pol\u00edtica de privacidad de Dear Mee. Condiciones de uso. Limitaci\u00f3n de Responsabilidad. Derechos de Propiedad Intelectual. Protecci\u00f3n de datos.\" \/>\n<meta property=\"og:url\" content=\"https:\/\/dearmee.com\/es\/politica-privacidad\/\" \/>\n<meta property=\"og:site_name\" content=\"Dear mee\" \/>\n<meta property=\"article:modified_time\" content=\"2023-05-10T09:36:57+00:00\" \/>\n<meta name=\"twitter:card\" content=\"summary_large_image\" \/>\n<meta name=\"twitter:label1\" content=\"Tiempo de lectura\">\n\t<meta name=\"twitter:data1\" content=\"10 minutos\">\n<script type=\"application\/ld+json\" class=\"yoast-schema-graph\">{\"@context\":\"https:\/\/schema.org\",\"@graph\":[{\"@type\":\"WebSite\",\"@id\":\"https:\/\/dearmee.com\/#website\",\"url\":\"https:\/\/dearmee.com\/\",\"name\":\"Dear mee\",\"description\":\"Otro sitio realizado con WordPress\",\"potentialAction\":[{\"@type\":\"SearchAction\",\"target\":\"https:\/\/dearmee.com\/?s={search_term_string}\",\"query-input\":\"required name=search_term_string\"}],\"inLanguage\":\"es\"},{\"@type\":\"WebPage\",\"@id\":\"https:\/\/dearmee.com\/es\/politica-privacidad\/#webpage\",\"url\":\"https:\/\/dearmee.com\/es\/politica-privacidad\/\",\"name\":\"Dear Mee | Env\\u00eda una carta a tu yo del futuro | Pol\\u00edtica de privacidad\",\"isPartOf\":{\"@id\":\"https:\/\/dearmee.com\/#website\"},\"datePublished\":\"2021-02-12T17:56:09+00:00\",\"dateModified\":\"2023-05-10T09:36:57+00:00\",\"description\":\"Pol\\u00edtica de privacidad de Dear Mee. Condiciones de uso. Limitaci\\u00f3n de Responsabilidad. Derechos de Propiedad Intelectual. Protecci\\u00f3n de datos.\",\"breadcrumb\":{\"@id\":\"https:\/\/dearmee.com\/es\/politica-privacidad\/#breadcrumb\"},\"inLanguage\":\"es\",\"potentialAction\":[{\"@type\":\"ReadAction\",\"target\":[\"https:\/\/dearmee.com\/es\/politica-privacidad\/\"]}]},{\"@type\":\"BreadcrumbList\",\"@id\":\"https:\/\/dearmee.com\/es\/politica-privacidad\/#breadcrumb\",\"itemListElement\":[{\"@type\":\"ListItem\",\"position\":1,\"item\":{\"@type\":\"WebPage\",\"@id\":\"https:\/\/dearmee.com\/es\/politica-privacidad\/\",\"url\":\"https:\/\/dearmee.com\/es\/politica-privacidad\/\",\"name\":\"Pol\\u00edtica de privacidad\"}}]}]}<\/script>\n<!-- \/ Yoast SEO plugin. -->","_links":{"self":[{"href":"https:\/\/dearmee.com\/es\/wp-json\/wp\/v2\/pages\/721","targetHints":{"allow":["GET"]}}],"collection":[{"href":"https:\/\/dearmee.com\/es\/wp-json\/wp\/v2\/pages"}],"about":[{"href":"https:\/\/dearmee.com\/es\/wp-json\/wp\/v2\/types\/page"}],"author":[{"embeddable":true,"href":"https:\/\/dearmee.com\/es\/wp-json\/wp\/v2\/users\/1"}],"replies":[{"embeddable":true,"href":"https:\/\/dearmee.com\/es\/wp-json\/wp\/v2\/comments?post=721"}],"version-history":[{"count":32,"href":"https:\/\/dearmee.com\/es\/wp-json\/wp\/v2\/pages\/721\/revisions"}],"predecessor-version":[{"id":2233,"href":"https:\/\/dearmee.com\/es\/wp-json\/wp\/v2\/pages\/721\/revisions\/2233"}],"wp:attachment":[{"href":"https:\/\/dearmee.com\/es\/wp-json\/wp\/v2\/media?parent=721"}],"curies":[{"name":"wp","href":"https:\/\/api.w.org\/{rel}","templated":true}]}}