{"id":723,"date":"2021-04-11T16:06:51","date_gmt":"2021-04-11T16:06:51","guid":{"rendered":"https:\/\/dearmee.com\/read\/"},"modified":"2021-09-21T16:24:00","modified_gmt":"2021-09-21T16:24:00","slug":"lee","status":"publish","type":"page","link":"https:\/\/dearmee.com\/es\/lee\/","title":{"rendered":"Lee"},"content":{"rendered":"","protected":false},"excerpt":{"rendered":"","protected":false},"author":1,"featured_media":0,"parent":0,"menu_order":0,"comment_status":"closed","ping_status":"closed","template":"page-read.php","meta":{"footnotes":""},"class_list":["post-723","page","type-page","status-publish","hentry"],"yoast_head":"<!-- This site is optimized with the Yoast SEO plugin v16.1.1 - https:\/\/yoast.com\/wordpress\/plugins\/seo\/ -->\n<title>Dear Mee | Env\u00eda una carta a tu yo del futuro | Lee nuestras cartas<\/title>\n<meta name=\"description\" content=\"\u00bfQu\u00e9 le dir\u00edas a tu yo del futuro? Encuentra la inspiraci\u00f3n leyendo las cartas del resto de dearmeers de todo el mundo enviadas desde el pasado.\" \/>\n<link rel=\"canonical\" href=\"https:\/\/dearmee.com\/es\/lee\/\" \/>\n<meta property=\"og:locale\" content=\"es_ES\" \/>\n<meta property=\"og:type\" content=\"article\" \/>\n<meta property=\"og:title\" content=\"Dear Mee | Env\u00eda una carta a tu yo del futuro | Lee nuestras cartas\" \/>\n<meta property=\"og:description\" content=\"\u00bfQu\u00e9 le dir\u00edas a tu yo del futuro? Encuentra la inspiraci\u00f3n leyendo las cartas del resto de dearmeers de todo el mundo enviadas desde el pasado.\" \/>\n<meta property=\"og:url\" content=\"https:\/\/dearmee.com\/es\/lee\/\" \/>\n<meta property=\"og:site_name\" content=\"Dear mee\" \/>\n<meta property=\"article:modified_time\" content=\"2021-09-21T16:24:00+00:00\" \/>\n<meta name=\"twitter:card\" content=\"summary_large_image\" \/>\n<script type=\"application\/ld+json\" class=\"yoast-schema-graph\">{\"@context\":\"https:\/\/schema.org\",\"@graph\":[{\"@type\":\"WebSite\",\"@id\":\"https:\/\/dearmee.com\/#website\",\"url\":\"https:\/\/dearmee.com\/\",\"name\":\"Dear mee\",\"description\":\"Otro sitio realizado con WordPress\",\"potentialAction\":[{\"@type\":\"SearchAction\",\"target\":\"https:\/\/dearmee.com\/?s={search_term_string}\",\"query-input\":\"required name=search_term_string\"}],\"inLanguage\":\"es\"},{\"@type\":\"WebPage\",\"@id\":\"https:\/\/dearmee.com\/es\/lee\/#webpage\",\"url\":\"https:\/\/dearmee.com\/es\/lee\/\",\"name\":\"Dear Mee | Env\\u00eda una carta a tu yo del futuro | Lee nuestras cartas\",\"isPartOf\":{\"@id\":\"https:\/\/dearmee.com\/#website\"},\"datePublished\":\"2021-04-11T16:06:51+00:00\",\"dateModified\":\"2021-09-21T16:24:00+00:00\",\"description\":\"\\u00bfQu\\u00e9 le dir\\u00edas a tu yo del futuro? Encuentra la inspiraci\\u00f3n leyendo las cartas del resto de dearmeers de todo el mundo enviadas desde el pasado.\",\"breadcrumb\":{\"@id\":\"https:\/\/dearmee.com\/es\/lee\/#breadcrumb\"},\"inLanguage\":\"es\",\"potentialAction\":[{\"@type\":\"ReadAction\",\"target\":[\"https:\/\/dearmee.com\/es\/lee\/\"]}]},{\"@type\":\"BreadcrumbList\",\"@id\":\"https:\/\/dearmee.com\/es\/lee\/#breadcrumb\",\"itemListElement\":[{\"@type\":\"ListItem\",\"position\":1,\"item\":{\"@type\":\"WebPage\",\"@id\":\"https:\/\/dearmee.com\/es\/lee\/\",\"url\":\"https:\/\/dearmee.com\/es\/lee\/\",\"name\":\"Lee\"}}]}]}<\/script>\n<!-- \/ Yoast SEO plugin. -->","_links":{"self":[{"href":"https:\/\/dearmee.com\/es\/wp-json\/wp\/v2\/pages\/723","targetHints":{"allow":["GET"]}}],"collection":[{"href":"https:\/\/dearmee.com\/es\/wp-json\/wp\/v2\/pages"}],"about":[{"href":"https:\/\/dearmee.com\/es\/wp-json\/wp\/v2\/types\/page"}],"author":[{"embeddable":true,"href":"https:\/\/dearmee.com\/es\/wp-json\/wp\/v2\/users\/1"}],"replies":[{"embeddable":true,"href":"https:\/\/dearmee.com\/es\/wp-json\/wp\/v2\/comments?post=723"}],"version-history":[{"count":6,"href":"https:\/\/dearmee.com\/es\/wp-json\/wp\/v2\/pages\/723\/revisions"}],"predecessor-version":[{"id":1722,"href":"https:\/\/dearmee.com\/es\/wp-json\/wp\/v2\/pages\/723\/revisions\/1722"}],"wp:attachment":[{"href":"https:\/\/dearmee.com\/es\/wp-json\/wp\/v2\/media?parent=723"}],"curies":[{"name":"wp","href":"https:\/\/api.w.org\/{rel}","templated":true}]}}