{"id":725,"date":"2021-04-22T17:11:11","date_gmt":"2021-04-22T17:11:11","guid":{"rendered":"https:\/\/dearmee.com\/terms-and-conditions\/"},"modified":"2021-10-30T19:39:48","modified_gmt":"2021-10-30T17:39:48","slug":"terminos-y-condiciones","status":"publish","type":"page","link":"https:\/\/dearmee.com\/es\/terminos-y-condiciones\/","title":{"rendered":"T\u00e9rminos y condiciones"},"content":{"rendered":"\n<p><strong>\u00cdNDICE<\/strong><\/p>\n\n\n\n<p><strong><u>A) CONDICIONES GENERALES<\/u><\/strong><\/p>\n\n\n\n<p><strong>1 Identidad del prestador del servicio (el titular)<\/strong><br><strong>2 Objeto<\/strong><br><strong>3 Idioma<\/strong><br><strong>4 Condici\u00f3n de Cliente<\/strong><br><strong>5 Servicios Ofrecidos<\/strong><br><strong>6 Precio<\/strong><br><strong>&nbsp;&nbsp;&nbsp;&nbsp;&nbsp;&nbsp;&nbsp;&nbsp;&nbsp;&nbsp;&nbsp;&nbsp;&nbsp; 6.1 Promociones<\/strong><br><strong>7 Contrataci\u00f3n<\/strong><br><strong>8 Facturaci\u00f3n<\/strong><br><strong>9 &nbsp;M\u00e9todos de pago<\/strong><br><strong>10 &nbsp;Derecho de Desistimiento del cliente<\/strong><br><strong>11 Modificaci\u00f3n de los servicios<\/strong><br><strong>12 Cancelaci\u00f3n de los servicios<\/strong><br><strong>13 Privacidad<\/strong><br><strong>14 Condiciones de uso del sitio web<\/strong><br><strong>15&nbsp;Fuero y legislaci\u00f3n aplicable<\/strong><br><strong>16 Contacto<\/strong><\/p>\n\n\n\n<p><strong><u>B)<\/u><\/strong> <strong><u>CONDICIONES PARTICULARES<\/u><\/strong><br><br><strong>Objeto<\/strong><br><strong>&#8211; Cartas o Mensajes al Futuro<\/strong><\/p>\n\n\n\n<p class=\"has-text-align-center\"><strong><u>A)&nbsp; CONDICIONES GENERALES<\/u><\/strong><\/p>\n\n\n\n<p><strong>1 Identidad del prestador del servicio (el titular):<\/strong><br>Paula Santolalla de Pedro<br>Nombre Comercial\/Marca: Dear Mee<br>NIF:&nbsp;47592988P<br>Email: hello@dearmee.com<br>El sitio web: dearmee.com<\/p>\n\n\n\n<p><strong>2 Objeto:<\/strong><\/p>\n\n\n\n<p>Las presentes condiciones generales de contrataci\u00f3n, regularan todas las transacciones realizadas en el sitio web <strong>dearmee.com <\/strong>(en adelante, el sitio web).<\/p>\n\n\n\n<p>Adem\u00e1s de las presentes condiciones generales, pueden establecerse condiciones particulares de contrataci\u00f3n para alg\u00fan determinado producto o servicio. Cons\u00faltelas en cada caso.<\/p>\n\n\n\n<p>Si usted no est\u00e1 de acuerdo con las presentes condiciones, o en su caso, con alguna de las particulares, no contrate ning\u00fan servicio ni realice ninguna otra transacci\u00f3n.<\/p>\n\n\n\n<p>El titular se reserva el derecho a modificar las presentes condiciones, y si se establecieran, cualquiera de las particulares. Si el cliente realiza una nueva transacci\u00f3n con posterioridad a la publicaci\u00f3n de la &nbsp;modificaci\u00f3n, se entiende que acepta la modificaci\u00f3n.<\/p>\n\n\n\n<p>Cualquier condici\u00f3n o cl\u00e1usula que proponga el cliente y represente una adici\u00f3n o contradiga estas condiciones generales o cualquiera de las particulares, no ser\u00e1 tenida en cuenta porel titulary no tendr\u00e1 ning\u00fan efecto o vigencia entre las partes.<\/p>\n\n\n\n<p><strong>3 Idioma:<\/strong><\/p>\n\n\n\n<p>El idioma de interpretaci\u00f3n de las presentes condiciones y dem\u00e1s informaci\u00f3n que aparezca en el sitio web, ser\u00e1n los textos en espa\u00f1ol ofrecidos en el sitio web. Cualquier otra traducci\u00f3n que pueda ofrecerle su navegador u otros, carecer\u00e1 de validez y no ser\u00e1 tenida en cuenta. &nbsp;<\/p>\n\n\n\n<p><strong>4 Condici\u00f3n de Cliente:<\/strong><\/p>\n\n\n\n<p>Tendr\u00e1 la condici\u00f3n de cliente todo usuario del sitio web que haya contratado un producto o servicio con el titular.<\/p>\n\n\n\n<p>La contrataci\u00f3n de los servicios debe ser realizada por un adulto. Es responsabilidad de los padres o tutores del menor o persona&nbsp; incapacitada legalmente, hacer un control parental de los sitios web y acciones que realizan los mismos. El titular del sitio web, no se hace responsable ante el uso del sitio web o de cualquiera de sus servicios realizados por parte de menores o incapacitados legalmente.<\/p>\n\n\n\n<p>Podr\u00e1n tener la condici\u00f3n de cliente tanto particulares como&nbsp; empresas u entidades.<\/p>\n\n\n\n<p><strong>5 Servicios Ofrecidos:<\/strong><\/p>\n\n\n\n<p>Los servicios ofrecidos por el titular ser\u00e1n los que en cada momento se publiciten en el sitio web.<\/p>\n\n\n\n<p><strong>6 Precio:<\/strong><\/p>\n\n\n\n<p>El precio ser\u00e1 el que en cada momento figure publicado en el sitio web.<\/p>\n\n\n\n<p>El precio publicado ser\u00e1 el precio final, esto es, incluidos los impuestos que procedan.<\/p>\n\n\n\n<p>El precio ser\u00e1 determinado en euros.<\/p>\n\n\n\n<p><strong>6.1 Promociones<\/strong><\/p>\n\n\n\n<p>El titular podr\u00e1 establecer cupones u otras &nbsp;ofertas, que estar\u00e1n sometidas a la vigencia y dem\u00e1s condiciones que se indiquen en cada promoci\u00f3n. &nbsp;<\/p>\n\n\n\n<p>El cliente podr\u00e1 canjear dichas ofertas o cupones cuando vaya a realizar un pedido. <strong><\/strong><\/p>\n\n\n\n<p><strong>7 Contrataci\u00f3n:<\/strong><\/p>\n\n\n\n<p>Para poder contratar cualquier producto o servicio en dearmee.com, debe de estar registrado como usuario. Si desea m\u00e1s informaci\u00f3n sobre registro, consulte nuestro <a href=\"https:\/\/dearmee.com\/es\/aviso-legal\/\"><u>aviso legal<\/u><\/a>.<\/p>\n\n\n\n<p>Si ya est\u00e1 registrado, debe seleccionar el producto o servicio a contratar, rellenar con sus datos el formulario de compra, leer y aceptar las presentes condiciones y presionar el bot\u00f3n para enviar. Cuando el proceso de compra haya finalizado correctamente y se haya verificado el pago, recibir\u00e1 un correo electr\u00f3nico de confirmaci\u00f3n con el resumen de compra dentro de las 24 horas siguientes a la realizaci\u00f3n del pedido. Si no recibe el correo o tiene alguna incidencia, p\u00f3ngase en contacto con nosotros en nuestras v\u00edas de contacto.<\/p>\n\n\n\n<p>Al realizar el proceso de contrataci\u00f3n, se guardar\u00e1n sus datos de facturaci\u00f3n de forma autom\u00e1tica en su \u00e1rea personal. Si no quiere que se guarden, no realice ning\u00fan pedido.<\/p>\n\n\n\n<p>Si no est\u00e1 previamente registrado como usuario al realizar la contrataci\u00f3n, podr\u00e1 realizar igualmente todo el proceso indicado, pero tenga en cuenta que al terminar el proceso, se le crear\u00e1 por defecto una cuenta de usuario donde se guardaran sus datos de usuario y de facturaci\u00f3n. Si no desea crear una cuenta ni que se guarden sus datos, no realice ning\u00fan pedido.<\/p>\n\n\n\n<p>La fecha de contrataci\u00f3n ser\u00e1 en la que se haya verificado correctamente todo el proceso indicado.&nbsp;<\/p>\n\n\n\n<p><strong>8 Facturaci\u00f3n<\/strong><\/p>\n\n\n\n<p>Usted al contratar, acepta que la facturaci\u00f3n sea mediante factura electr\u00f3nica. Si desea una copia de la factura, puede solicit\u00e1rnosla en nuestras v\u00edas de contacto acreditando su identidad.<\/p>\n\n\n\n<p><strong>9 M\u00e9todos de pago<\/strong><\/p>\n\n\n\n<p>Los m\u00e9todos de pago ser\u00e1n los que en cada momento figuren en el sitio web.<\/p>\n\n\n\n<p>Los procedimientos de pago se realizaran mediante plataformas o pasarelas de pago ajenas al titular, por lo que el titular no ser\u00e1 responsable de sus datos bancarios. &nbsp;Sus datos bancarios, ser\u00e1n tratados directamente por la pasarela de pago.<\/p>\n\n\n\n<p><strong>10 Derecho de Desistimiento<\/strong><\/p>\n\n\n\n<p>Usted tendr\u00e1 derecho de desistir de su compra en los casos que la ley establezca.<\/p>\n\n\n\n<p>Puede ejercer su derecho dirigi\u00e9ndose a nuestras v\u00edas de contacto acreditando su identidad.<\/p>\n\n\n\n<p>Si desea saber si para el producto o servicio que ha contratado goza del derecho de desistimiento consulte las condiciones particulares del servicio en cuesti\u00f3n al final de este documento.<\/p>\n\n\n\n<p><strong>11 Modificaci\u00f3n de los servicios<\/strong><\/p>\n\n\n\n<p>El titular se reserva el derecho a modificar los servicios ofrecidos en cualquier momento y sin asumir por ello responsabilidad alguna. La contrataci\u00f3n de los servicios realizada con posterioridad a la publicaci\u00f3n de las modificaciones, supone la aceptaci\u00f3n de las mismas.<\/p>\n\n\n\n<p>Las modificaciones de los servicios ya contratados, ser\u00e1n comunicadas al cliente y no supondr\u00e1 la restituci\u00f3n del precio al mismo, salvo que la modificaci\u00f3n fuere de tal alcance que supusiera un cambio sustancial en el objeto del contrato. En ese caso, el cliente podr\u00e1 aceptar la modificaci\u00f3n o rechazarla. Si la acepta, las nuevas condiciones sustituir\u00e1n a las anteriores y si las rechaza se le devolver\u00e1 el precio.<\/p>\n\n\n\n<p><strong>12 Cancelaci\u00f3n de los servicios<\/strong><\/p>\n\n\n\n<p>El titular se reserva el derecho a cancelar los servicios ofrecidos, en cualquier momento y sin&nbsp; responsabilidad alguna. En su caso, se le comunicar\u00eda al cliente y&nbsp; restituir\u00eda el precio que hubiere pagado si el servicio que contrat\u00f3 a\u00fan estuviera pendiente de ejecutarse.&nbsp;<\/p>\n\n\n\n<p><strong>13 Privacidad<\/strong><\/p>\n\n\n\n<p>Cuando realice una contrataci\u00f3n en dearmee.com, el titular tratar\u00e1 sus datos personales para poder prestarle el servicio contratado. Si desea m\u00e1s informaci\u00f3n sobre nuestra pol\u00edtica de privacidad o quiere saber c\u00f3mo ejercer sus derechos en la materia, consulte nuestra <a href=\"https:\/\/dearmee.com\/es\/politica-privacidad\/\"><u>pol\u00edtica de privacidad.<\/u><\/a><\/p>\n\n\n\n<p><strong>14 Condiciones de uso del sitio web<\/strong><\/p>\n\n\n\n<p>Adem\u00e1s de las presentes condiciones de contrataci\u00f3n, usted debe atender a nuestro <a href=\"https:\/\/dearmee.com\/es\/aviso-legal\"><u>aviso legal<\/u><\/a> para un correcto uso del sitio web y de sus servicios.<\/p>\n\n\n\n<p><strong>15 Fuero y legislaci\u00f3n aplicable<\/strong><\/p>\n\n\n\n<p>Si se produjese cualquier diferencia entre las partes en lo que se refiere a la interpretaci\u00f3n, cumplimiento y efectos de las presentes condiciones, siempre que no se llegue a un acuerdo aceptado por ambas partes para resolverla, las partes se someten a la legislaci\u00f3n espa\u00f1ola y a los juzgados y tribunales del domicilio del cliente. En el caso de que el cliente tenga su domicilio fuera de Espa\u00f1ael prestador de los servicios y el cliente, se someten, con renuncia expresa a cualquier otro fuero, a los juzgados y tribunales del domicilio del prestador de los servicios.<\/p>\n\n\n\n<p><strong>16 Contacto<\/strong><\/p>\n\n\n\n<p>El prestador de los servicios, ha establecido en el sitio web un formulario de contacto.<\/p>\n\n\n\n<p>Puede usarlo para contactar o dirigirse mediante correo electr\u00f3nico <strong>hello@dearmee.com<\/strong> donde estaremos encantados de atenderle.<strong>&nbsp;<\/strong><\/p>\n\n\n\n<p class=\"has-text-align-center\"><strong><u>B)&nbsp; CONDICIONES PARTICULARES<\/u><\/strong><\/p>\n\n\n\n<p><strong>Objeto<\/strong><\/p>\n\n\n\n<p>Las presentes condiciones tienen por objeto regular aspectos concretos en la contrataci\u00f3n de determinados servicios:<\/p>\n\n\n\n<p><strong><u>&#8211; Env\u00edo de cartas o mensajes al futuro<\/u><\/strong><\/p>\n\n\n\n<p><strong>Compra de paquetes (Cr\u00e9ditos + \u00e1rbol)<\/strong><\/p>\n\n\n\n<p>Para enviar mensajes o cartas al futuro, usted deber\u00e1 comprar un paquete de cr\u00e9ditos, de acuerdo con el proceso de contrataci\u00f3n indicado en las condiciones generales, en el apartado \u201cA\u201d de este documento.<\/p>\n\n\n\n<p>Todos los paquetes de cr\u00e9ditos incluyen tambi\u00e9n la plantaci\u00f3n de un \u00e1rbol. No se permite disociar la compra.<\/p>\n\n\n\n<p><strong>Compra de tarjetas regalo<\/strong><\/p>\n\n\n\n<p>Del mismo modo, usted podr\u00e1 comprar tarjetas de regalo canjeables por uno de los paquetes (cr\u00e9dito + \u00e1rbol) disponibles. &nbsp;<\/p>\n\n\n\n<p><strong>Derecho de Desistimiento<\/strong><\/p>\n\n\n\n<p>Cuando usted compre un paquete de cr\u00e9ditos, tendr\u00e1 14 d\u00edas naturales para desistir de su compra, sin tener que justificar el motivo. Pero si usted usa alguno de los cr\u00e9ditos del paquete que ha comprado y&nbsp; env\u00eda cartas o mensajes al futuro antes del cumplimiento del plazo de 14 d\u00edas, estar\u00e1 aceptando la ejecuci\u00f3n inmediata del servicio y se entender\u00e1 que renuncia a su derecho a desistir.<\/p>\n\n\n\n<p>Si usted compra una tarjeta de regalo, tendr\u00e1 14 d\u00edas naturales para desistir de su compra, sin tener que justificar el motivo. Pero si usted, o la persona a quien regale la tarjeta, usan el c\u00f3digo de regalo canjeable para adquirir el paquete correspondiente antes del cumplimiento del plazo de 14 d\u00edas, estar\u00e1 aceptando la ejecuci\u00f3n inmediata del servicio y se entender\u00e1 que renuncia a su derecho a desistir.<\/p>\n\n\n\n<p>De la plantaci\u00f3n del \u00e1rbol, que incluye cada paquete que puede comprar en el sitio web, usted no podr\u00e1 desistir, pues la orden de plantaci\u00f3n es inmediata a la compra y de forma autom\u00e1tica con la ONG encargada de la plantaci\u00f3n. Por lo que en caso de desistimiento de un paquete, el valor del \u00e1rbol no se le devolver\u00e1.&nbsp;<\/p>\n\n\n\n<p>Puede ejercer su derecho solicit\u00e1ndolo en las v\u00edas de contacto de dearmee.com acreditando su identidad.<\/p>\n\n\n\n<p><strong>Eliminaci\u00f3n del env\u00edo<\/strong><\/p>\n\n\n\n<p>Si usted ya enviado la carta o mensaje al futuro pero todav\u00eda no ha llegado la fecha de entrega y ya no quiere que el destinatario\/s la reciba, podr\u00e1 eliminar el env\u00edo des de su \u00e1rea personal, hasta un d\u00eda antes de la entrega, pagando el importe de eliminaci\u00f3n que se indique. <strong><\/strong><\/p>\n\n\n\n<p>La eliminaci\u00f3n del env\u00edo no conllevar\u00e1 la devoluci\u00f3n del dinero ni de los cr\u00e9ditos usados.<\/p>\n\n\n\n<p><strong>Negaci\u00f3n de recepci\u00f3n del Destinatario\/s&nbsp;<\/strong><\/p>\n\n\n\n<p>Cuando usted env\u00ede la carta o mensaje al futuro, el destinatario recibir\u00e1 autom\u00e1ticamente un aviso de que \u201calguien\u201d sin desvelar quien, le quiere mandar un mensaje en una fecha futura.<\/p>\n\n\n\n<p>En el caso de que alg\u00fan destinatario comunique al titular, expresamente, que no quiere recibir la carta del futuro o que no quiere que tratemos sus datos personales hasta la fecha de entrega, no podremos entregarle la carta enviada por usted. En tal caso, se entender\u00e1 cumplido el servicio por el titular y ello no conllevar\u00e1 en ning\u00fan caso la devoluci\u00f3n del precio ni de los cr\u00e9ditos, pues se habr\u00e1 cumplido la obligaci\u00f3n del titular de comunicaci\u00f3n con el destinatario\/s y habr\u00e1 sido este, quien libremente nos comunic\u00f3 su voluntad de no recibirla.<\/p>\n\n\n\n<p><strong>Imposibilidad de Prestaci\u00f3n del Servicio<\/strong><\/p>\n\n\n\n<p>Si usted introduce datos incorrectos para el env\u00edo de la carta, regalo o mensaje al futuro; o el destinatario modifica su email de forma incorrecta; o este tiene su bandeja de correo llena el d\u00eda de la entrega; &nbsp;o cualquier otra circunstancia ajena al titular que haga imposible la prestaci\u00f3n del servicio, el mismo se entender\u00e1 cumplido y ello no conllevar\u00e1 en ning\u00fan caso la devoluci\u00f3n del precio ni de los cr\u00e9ditos, pues nosotros habremos cumplido con nuestra obligaci\u00f3n de comunicaci\u00f3n con el destinatario\/s. No se realizaran segundos intentos.<\/p>\n\n\n\n<p>Aseg\u00farese de introducir correctamente los datos en los formularios.<\/p>\n\n\n\n<p><strong>Datos del destinatario de la carta o tarjeta regalo<\/strong><\/p>\n\n\n\n<p>Para poder prestar el servicio de env\u00edo de cartas al futuro, el cliente (remitente) ha de facilitar al titular la direcci\u00f3n electr\u00f3nica del destinatario\/s de la carta o mensaje al futuro. Es por ello, que en los casos que el destinatario\/s de la carta no sea el propio cliente (que se env\u00eda la carta a s\u00ed mismo), sino uno o varios terceros, el cliente declara expresamente que tiene la debida autorizaci\u00f3n para ello. <\/p>\n\n\n\n<p>Del mismo modo, cuando quiera que enviemos la tarjeta de regalo a su destinatario, nos deber\u00e1 facilitar el nombre y correo electr\u00f3nico del destinatario\/s de la misma, para lo cual usted declara expresamente estar autorizado.<\/p>\n\n\n\n<p><strong><u>Eliminaci\u00f3n de la cuenta<\/u><\/strong><\/p>\n\n\n\n<p>Si usted elimina su cuenta de usuario, las cartas o mensajes ya enviados se entregar\u00e1n en la fecha correspondiente al destinatario. Pero ya no podr\u00e1 hacer un seguimiento de las cartas o mensajes que ha enviado, recibido o pendientes de entregar al destinatario y perder\u00e1 los cr\u00e9ditos que tenga sin usar. &nbsp;<\/p>\n\n\n\n<p><strong>Si desea m\u00e1s informaci\u00f3n sobre el funcionamiento del servicio, consulte el <u><a href=\"https:\/\/dearmee.com\/es\/aviso-legal\/\">aviso legal<\/a><\/u> o las preguntas frecuentes del sitio web.<\/strong><\/p>\n\n\n\n<p><strong>Fecha de actualizaci\u00f3n: <\/strong>1 de Julio de 2021<\/p>\n\n\n\n<p><strong>Puede descargar e imprimir este documento, <a href=\"javascript:if(window.print)window.print()\"><u>presionando aqu\u00ed<\/u><\/a><\/strong>.<\/p>\n\n\n\n<p><strong>&nbsp;&nbsp;&nbsp;&nbsp;&nbsp;&nbsp;&nbsp;&nbsp;&nbsp;&nbsp;&nbsp;&nbsp;&nbsp;&nbsp;<\/strong><\/p>\n\n\n\n<p><br><\/p>\n","protected":false},"excerpt":{"rendered":"<p>\u00cdNDICE A) CONDICIONES GENERALES 1 Identidad del prestador del servicio (el titular)2 Objeto3 Idioma4 Condici\u00f3n de Cliente5 Servicios Ofrecidos6 Precio&nbsp;&nbsp;&nbsp;&nbsp;&nbsp;&nbsp;&nbsp;&nbsp;&nbsp;&nbsp;&nbsp;&nbsp;&nbsp; 6.1 Promociones7 Contrataci\u00f3n8 Facturaci\u00f3n9 &nbsp;M\u00e9todos de pago10 &nbsp;Derecho de Desistimiento del cliente11 Modificaci\u00f3n de los servicios12 Cancelaci\u00f3n de los servicios13 Privacidad14 Condiciones de uso del sitio web15&nbsp;Fuero y legislaci\u00f3n aplicable16 Contacto B) CONDICIONES PARTICULARES Objeto&#8211; [&hellip;]<\/p>\n","protected":false},"author":1,"featured_media":0,"parent":0,"menu_order":0,"comment_status":"closed","ping_status":"closed","template":"","meta":{"footnotes":""},"class_list":["post-725","page","type-page","status-publish","hentry"],"yoast_head":"<!-- This site is optimized with the Yoast SEO plugin v16.1.1 - https:\/\/yoast.com\/wordpress\/plugins\/seo\/ -->\n<title>Dear Mee | Env\u00eda una carta a tu yo del futuro | T\u00e9rminos y condiciones<\/title>\n<meta name=\"description\" content=\"T\u00e9rminos y condiciones de Dear Mee. Condiciones de uso. Limitaci\u00f3n de Responsabilidad. Derechos de Propiedad Intelectual. Protecci\u00f3n de datos.\" \/>\n<link rel=\"canonical\" href=\"https:\/\/dearmee.com\/es\/terminos-y-condiciones\/\" \/>\n<meta property=\"og:locale\" content=\"es_ES\" \/>\n<meta property=\"og:type\" content=\"article\" \/>\n<meta property=\"og:title\" content=\"Dear Mee | Env\u00eda una carta a tu yo del futuro | T\u00e9rminos y condiciones\" \/>\n<meta property=\"og:description\" content=\"T\u00e9rminos y condiciones de Dear Mee. Condiciones de uso. Limitaci\u00f3n de Responsabilidad. Derechos de Propiedad Intelectual. Protecci\u00f3n de datos.\" \/>\n<meta property=\"og:url\" content=\"https:\/\/dearmee.com\/es\/terminos-y-condiciones\/\" \/>\n<meta property=\"og:site_name\" content=\"Dear mee\" \/>\n<meta property=\"article:modified_time\" content=\"2021-10-30T17:39:48+00:00\" \/>\n<meta name=\"twitter:card\" content=\"summary_large_image\" \/>\n<meta name=\"twitter:label1\" content=\"Tiempo de lectura\">\n\t<meta name=\"twitter:data1\" content=\"10 minutos\">\n<script type=\"application\/ld+json\" class=\"yoast-schema-graph\">{\"@context\":\"https:\/\/schema.org\",\"@graph\":[{\"@type\":\"WebSite\",\"@id\":\"https:\/\/dearmee.com\/#website\",\"url\":\"https:\/\/dearmee.com\/\",\"name\":\"Dear mee\",\"description\":\"Otro sitio realizado con WordPress\",\"potentialAction\":[{\"@type\":\"SearchAction\",\"target\":\"https:\/\/dearmee.com\/?s={search_term_string}\",\"query-input\":\"required name=search_term_string\"}],\"inLanguage\":\"es\"},{\"@type\":\"WebPage\",\"@id\":\"https:\/\/dearmee.com\/es\/terminos-y-condiciones\/#webpage\",\"url\":\"https:\/\/dearmee.com\/es\/terminos-y-condiciones\/\",\"name\":\"Dear Mee | Env\\u00eda una carta a tu yo del futuro | T\\u00e9rminos y condiciones\",\"isPartOf\":{\"@id\":\"https:\/\/dearmee.com\/#website\"},\"datePublished\":\"2021-04-22T17:11:11+00:00\",\"dateModified\":\"2021-10-30T17:39:48+00:00\",\"description\":\"T\\u00e9rminos y condiciones de Dear Mee. Condiciones de uso. Limitaci\\u00f3n de Responsabilidad. Derechos de Propiedad Intelectual. Protecci\\u00f3n de datos.\",\"breadcrumb\":{\"@id\":\"https:\/\/dearmee.com\/es\/terminos-y-condiciones\/#breadcrumb\"},\"inLanguage\":\"es\",\"potentialAction\":[{\"@type\":\"ReadAction\",\"target\":[\"https:\/\/dearmee.com\/es\/terminos-y-condiciones\/\"]}]},{\"@type\":\"BreadcrumbList\",\"@id\":\"https:\/\/dearmee.com\/es\/terminos-y-condiciones\/#breadcrumb\",\"itemListElement\":[{\"@type\":\"ListItem\",\"position\":1,\"item\":{\"@type\":\"WebPage\",\"@id\":\"https:\/\/dearmee.com\/es\/terminos-y-condiciones\/\",\"url\":\"https:\/\/dearmee.com\/es\/terminos-y-condiciones\/\",\"name\":\"T\\u00e9rminos y condiciones\"}}]}]}<\/script>\n<!-- \/ Yoast SEO plugin. -->","_links":{"self":[{"href":"https:\/\/dearmee.com\/es\/wp-json\/wp\/v2\/pages\/725","targetHints":{"allow":["GET"]}}],"collection":[{"href":"https:\/\/dearmee.com\/es\/wp-json\/wp\/v2\/pages"}],"about":[{"href":"https:\/\/dearmee.com\/es\/wp-json\/wp\/v2\/types\/page"}],"author":[{"embeddable":true,"href":"https:\/\/dearmee.com\/es\/wp-json\/wp\/v2\/users\/1"}],"replies":[{"embeddable":true,"href":"https:\/\/dearmee.com\/es\/wp-json\/wp\/v2\/comments?post=725"}],"version-history":[{"count":28,"href":"https:\/\/dearmee.com\/es\/wp-json\/wp\/v2\/pages\/725\/revisions"}],"predecessor-version":[{"id":1981,"href":"https:\/\/dearmee.com\/es\/wp-json\/wp\/v2\/pages\/725\/revisions\/1981"}],"wp:attachment":[{"href":"https:\/\/dearmee.com\/es\/wp-json\/wp\/v2\/media?parent=725"}],"curies":[{"name":"wp","href":"https:\/\/api.w.org\/{rel}","templated":true}]}}