{"id":726,"date":"2021-04-20T18:29:25","date_gmt":"2021-04-20T18:29:25","guid":{"rendered":"https:\/\/dearmee.com\/what-pack\/"},"modified":"2021-11-13T12:25:00","modified_gmt":"2021-11-13T11:25:00","slug":"what-pack","status":"publish","type":"page","link":"https:\/\/dearmee.com\/es\/what-pack\/","title":{"rendered":"What pack"},"content":{"rendered":"\n<div class=\"what-pack-content pack\">\n<div class=\"left content\">\n<h2 class=\"title caveat-font\">Para ti o tu querid@<\/h2>\n<p>Escr\u00edbete un mensaje al futuro para no olvidar ese viaje que te hizo tan feliz, esa graduaci\u00f3n, ese d\u00eda tan especial. Para recordar tus sue\u00f1os\u2026<\/p>\n<p>Escribe tus prop\u00f3sitos para el pr\u00f3ximo a\u00f1o.<\/p>\n<p>\u00a1Escribe qu\u00e9 esperas de la experiencia que est\u00e1s a punto de comenzar y cuando la termines comprueba si coincide algo!<\/p>\n<p>\u00a1Escribe cu\u00e1les son tus miedos y revisa si ya los has superado al cabo de un tiempo!<\/p>\n<p>\u00a1Env\u00eda fotos, escritos, audios, v\u00eddeos a tu madre, a tu padre, a tu pareja, a tu hij@, a tu mejor amig@\u2026! A quien quieras y recu\u00e9rdale lo mucho que te importa.\n\u00a1Ser\u00e1 una sorpresa inesperada preciosa!<\/p>\n<p>\u00a1Escribe aquello que no le quieres decir en persona&#8230;y m\u00e1ndaselo en un futuro!<\/p>\n<\/div>\t\n<div class=\"right\">\n<img loading=\"lazy\" decoding=\"async\" width=\"325\" height=\"296\" class=\"wp-image-353\" style=\"\" src=\"https:\/\/dearmee.com\/wp-content\/uploads\/2021\/04\/basic-pack-dear-mee-1.png\" alt=\"\" srcset=\"https:\/\/dearmee.com\/wp-content\/uploads\/2021\/04\/basic-pack-dear-mee-1.png 325w, https:\/\/dearmee.com\/wp-content\/uploads\/2021\/04\/basic-pack-dear-mee-1-300x273.png 300w\" sizes=\"auto, (max-width: 325px) 100vw, 325px\" \/>\n<\/div>\n<\/div>\n\n\n\n<div class=\"what-pack-content pack\">\n<div class=\"right content\">\n<h2 class=\"title caveat-font\">Para amigos y familia<\/h2>\n<p>Para mandarte a ti, a amigos y familiares.<\/p>\n<p>Pod\u00e9is escribir una carta conjunta con vuestr@s amig@s recordando los momentos compartidos, hacer promesas, predicciones de c\u00f3mo estar\u00e9is&#8230; Y mand\u00e1rosla cada un@ a vuestro correo.<\/p>\n<p>\u00a1Manda cartas a tus hij@s!<\/p>\n<p>Puedes escribir cartas o hacer v\u00eddeos, fotos, audios&#8230;para cuando tus hijos sean mayores de edad. Env\u00edatelo a tu correo y reg\u00e1laselo el d\u00eda de su 18 cumplea\u00f1os!<\/p>\n<p>\u00a1M\u00e1ndale un mensaje a tu padre\/madre para cuando cumpla los 60!<\/p>\n<p>M\u00e1ndale una carta a tu amig@ para cuando cumpla los 30! \u00a1Recu\u00e9rdale c\u00f3mo era con 20!<\/p>\n<p>\u00a1A tus padres por su 25 aniversario!<\/p>\n<p>\u00a1A tu pareja por el vuestro!<\/p>\n<p>\u00a1Escribid vuestros  prop\u00f3sitos\/sue\u00f1os como pareja para de aqu\u00ed a un a\u00f1o, tres, cinco\u2026!<\/p>\n<p>Manda una carta al futuro a tus familiares.Tambi\u00e9n pod\u00e9is escribir una carta conjunta y hacer predicciones, recordar momentos en familia\u2026<\/p>\n<p>Mandaros una carta hoy y recibirla en 10 a\u00f1os. \u00bfHabr\u00e1 cambiado mucho el mundo?<\/p>\n<p>Escribe aquello que no te atreves a decir en vida\u2026<\/p>\n<p>Y hazles llegar el mensaje en un tiempo.<\/p>\n<\/div>\n<div class=\"left\">\n<img decoding=\"async\" class=\"wp-image-353\" src=\"https:\/\/dearmee.com\/wp-content\/uploads\/2021\/04\/standard-pack.png\" alt=\"\">\n<\/div>\n<\/div>\n\n\n\n<div class=\"what-pack-content pack\">\n<div class=\"left content\">\n<h2 class=\"title caveat-font\">Para comunidades<\/h2>\n<p>Para din\u00e1micas de equipo, team building, evaluaci\u00f3n conjunta\/individual.<\/p>\n<p>Ejemplo: Se crea un perfil de departamento en una empresa de comunicaci\u00f3n.<\/p>\n<p>El jefe comparte contrase\u00f1a y usuario con sus trabajadores.<\/p>\n<p>Din\u00e1mica anual: Escribir objetivos (an\u00f3nimos) individuales para el bien grupal.<\/p>\n<p>Cada trabajador, desde el usuario de Dear Mee que se ha creado, manda una carta al email que se haya dicho (el del departamento, por ejemplo).<\/p>\n<p>El d\u00eda de la din\u00e1mica anual, todo el mundo podr\u00e1 leerlas para saber si los objetivos se cumplieron.<\/p>\n<p>Se enviar\u00e1n y se recibir\u00e1n en la fecha marcada previamente por el organizador de la actividad.<\/p>\n<p>Se puede hacer con otros objetivos. Por ejemplo con grupos de yoga, equipos deportivos, grupos de idiomas para ver la evoluci\u00f3n en un a\u00f1o (escribir una redacci\u00f3n al inicio de a\u00f1o y otra al final), alumnos ( mandar una carta al inicio del curso y al final o al final de un ciclo), en bodas (escribir dedicatorias para el primer aniversario de los novios)&#8230;<\/p>\n<\/div>\n<div class=\"right\">\n<img decoding=\"async\" class=\"wp-image-353\" src=\"https:\/\/dearmee.com\/wp-content\/uploads\/2021\/04\/premium-pack.png\" alt=\"\">\n<\/div>\n<\/div>\n","protected":false},"excerpt":{"rendered":"<p>Para ti o tu querid@ Escr\u00edbete un mensaje al futuro para no olvidar ese viaje que te hizo tan feliz, esa graduaci\u00f3n, ese d\u00eda tan especial. Para recordar tus sue\u00f1os\u2026 Escribe tus prop\u00f3sitos para el pr\u00f3ximo a\u00f1o. \u00a1Escribe qu\u00e9 esperas de la experiencia que est\u00e1s a punto de comenzar y cuando la termines comprueba si [&hellip;]<\/p>\n","protected":false},"author":1,"featured_media":0,"parent":0,"menu_order":0,"comment_status":"closed","ping_status":"closed","template":"","meta":{"footnotes":""},"class_list":["post-726","page","type-page","status-publish","hentry"],"yoast_head":"<!-- This site is optimized with the Yoast SEO plugin v16.1.1 - https:\/\/yoast.com\/wordpress\/plugins\/seo\/ -->\n<title>Dear Mee | Env\u00eda una carta a tu yo del futuro | \u00bfQu\u00e9 pack escoger?<\/title>\n<meta name=\"description\" content=\"\u00bfNo sabes que pack escoger? Para ti o tu querid@, para amigos y familia o para comunidades. Una amplia variedad de opciones para adaptarnos a tus necesidades.\" \/>\n<link rel=\"canonical\" href=\"https:\/\/dearmee.com\/es\/what-pack\/\" \/>\n<meta property=\"og:locale\" content=\"es_ES\" \/>\n<meta property=\"og:type\" content=\"article\" \/>\n<meta property=\"og:title\" content=\"Dear Mee | Env\u00eda una carta a tu yo del futuro | \u00bfQu\u00e9 pack escoger?\" \/>\n<meta property=\"og:description\" content=\"\u00bfNo sabes que pack escoger? Para ti o tu querid@, para amigos y familia o para comunidades. Una amplia variedad de opciones para adaptarnos a tus necesidades.\" \/>\n<meta property=\"og:url\" content=\"https:\/\/dearmee.com\/es\/what-pack\/\" \/>\n<meta property=\"og:site_name\" content=\"Dear mee\" \/>\n<meta property=\"article:modified_time\" content=\"2021-11-13T11:25:00+00:00\" \/>\n<meta property=\"og:image\" content=\"https:\/\/dearmee.com\/wp-content\/uploads\/2021\/04\/basic-pack-dear-mee-1.png\" \/>\n<meta name=\"twitter:card\" content=\"summary_large_image\" \/>\n<meta name=\"twitter:label1\" content=\"Tiempo de lectura\">\n\t<meta name=\"twitter:data1\" content=\"3 minutos\">\n<script type=\"application\/ld+json\" class=\"yoast-schema-graph\">{\"@context\":\"https:\/\/schema.org\",\"@graph\":[{\"@type\":\"WebSite\",\"@id\":\"https:\/\/dearmee.com\/#website\",\"url\":\"https:\/\/dearmee.com\/\",\"name\":\"Dear mee\",\"description\":\"Otro sitio realizado con WordPress\",\"potentialAction\":[{\"@type\":\"SearchAction\",\"target\":\"https:\/\/dearmee.com\/?s={search_term_string}\",\"query-input\":\"required name=search_term_string\"}],\"inLanguage\":\"es\"},{\"@type\":\"ImageObject\",\"@id\":\"https:\/\/dearmee.com\/es\/what-pack\/#primaryimage\",\"inLanguage\":\"es\",\"url\":\"https:\/\/dearmee.com\/wp-content\/uploads\/2021\/04\/basic-pack-dear-mee-1.png\",\"contentUrl\":\"https:\/\/dearmee.com\/wp-content\/uploads\/2021\/04\/basic-pack-dear-mee-1.png\",\"width\":325,\"height\":296},{\"@type\":\"WebPage\",\"@id\":\"https:\/\/dearmee.com\/es\/what-pack\/#webpage\",\"url\":\"https:\/\/dearmee.com\/es\/what-pack\/\",\"name\":\"Dear Mee | Env\\u00eda una carta a tu yo del futuro | \\u00bfQu\\u00e9 pack escoger?\",\"isPartOf\":{\"@id\":\"https:\/\/dearmee.com\/#website\"},\"primaryImageOfPage\":{\"@id\":\"https:\/\/dearmee.com\/es\/what-pack\/#primaryimage\"},\"datePublished\":\"2021-04-20T18:29:25+00:00\",\"dateModified\":\"2021-11-13T11:25:00+00:00\",\"description\":\"\\u00bfNo sabes que pack escoger? Para ti o tu querid@, para amigos y familia o para comunidades. Una amplia variedad de opciones para adaptarnos a tus necesidades.\",\"breadcrumb\":{\"@id\":\"https:\/\/dearmee.com\/es\/what-pack\/#breadcrumb\"},\"inLanguage\":\"es\",\"potentialAction\":[{\"@type\":\"ReadAction\",\"target\":[\"https:\/\/dearmee.com\/es\/what-pack\/\"]}]},{\"@type\":\"BreadcrumbList\",\"@id\":\"https:\/\/dearmee.com\/es\/what-pack\/#breadcrumb\",\"itemListElement\":[{\"@type\":\"ListItem\",\"position\":1,\"item\":{\"@type\":\"WebPage\",\"@id\":\"https:\/\/dearmee.com\/es\/what-pack\/\",\"url\":\"https:\/\/dearmee.com\/es\/what-pack\/\",\"name\":\"What pack\"}}]}]}<\/script>\n<!-- \/ Yoast SEO plugin. -->","_links":{"self":[{"href":"https:\/\/dearmee.com\/es\/wp-json\/wp\/v2\/pages\/726","targetHints":{"allow":["GET"]}}],"collection":[{"href":"https:\/\/dearmee.com\/es\/wp-json\/wp\/v2\/pages"}],"about":[{"href":"https:\/\/dearmee.com\/es\/wp-json\/wp\/v2\/types\/page"}],"author":[{"embeddable":true,"href":"https:\/\/dearmee.com\/es\/wp-json\/wp\/v2\/users\/1"}],"replies":[{"embeddable":true,"href":"https:\/\/dearmee.com\/es\/wp-json\/wp\/v2\/comments?post=726"}],"version-history":[{"count":23,"href":"https:\/\/dearmee.com\/es\/wp-json\/wp\/v2\/pages\/726\/revisions"}],"predecessor-version":[{"id":2022,"href":"https:\/\/dearmee.com\/es\/wp-json\/wp\/v2\/pages\/726\/revisions\/2022"}],"wp:attachment":[{"href":"https:\/\/dearmee.com\/es\/wp-json\/wp\/v2\/media?parent=726"}],"curies":[{"name":"wp","href":"https:\/\/api.w.org\/{rel}","templated":true}]}}