{"id":752,"date":"2021-04-10T15:24:00","date_gmt":"2021-04-10T15:24:00","guid":{"rendered":"https:\/\/dearmee.com\/write\/"},"modified":"2021-11-09T00:04:09","modified_gmt":"2021-11-08T23:04:09","slug":"escribe","status":"publish","type":"page","link":"https:\/\/dearmee.com\/es\/escribe\/","title":{"rendered":"Escribe"},"content":{"rendered":"\n<p class=\"has-text-align-center\">Dear Mee es la primera plataforma que te permite enviar v\u00eddeos, fotos, audios al futuro a la vez que reforestamos nuestro planeta. <\/p>\n\n\n\n<p class=\"has-text-align-center\">Cuando alguien reciba el Dear Mee que preparaste\u2026 se convertir\u00e1 en un momento irrepetible.<\/p>\n\n\n\n<p class=\"has-text-align-center caveat-font\" style=\"font-size:38px; line-height:40px\">\u00a1Prepara tu c\u00e1psula del tiempo y disfruta de esta experiencia m\u00e1gica!<\/p>\n\n\n\n<p class=\"has-text-align-center\"><em>Si no sabes c\u00f3mo funciona exactamente este proyecto\u2026<\/em><br><strong><a href=\"\/es\/como-funciona\/\">\u00a1Clica aqu\u00ed!<\/a><\/strong><\/p>\n","protected":false},"excerpt":{"rendered":"<p>Dear Mee es la primera plataforma que te permite enviar v\u00eddeos, fotos, audios al futuro a la vez que reforestamos nuestro planeta. Cuando alguien reciba el Dear Mee que preparaste\u2026 se convertir\u00e1 en un momento irrepetible. \u00a1Prepara tu c\u00e1psula del tiempo y disfruta de esta experiencia m\u00e1gica! Si no sabes c\u00f3mo funciona exactamente este proyecto\u2026\u00a1Clica [&hellip;]<\/p>\n","protected":false},"author":1,"featured_media":0,"parent":0,"menu_order":0,"comment_status":"closed","ping_status":"closed","template":"page-write.php","meta":{"footnotes":""},"class_list":["post-752","page","type-page","status-publish","hentry"],"yoast_head":"<!-- This site is optimized with the Yoast SEO plugin v16.1.1 - https:\/\/yoast.com\/wordpress\/plugins\/seo\/ -->\n<title>Dear Mee | Env\u00eda una carta a tu yo del futuro | Escribe tu mensaje<\/title>\n<meta name=\"description\" content=\"Dear Mee permite adjuntar videos, audio e im\u00e1genes junto a tu carta para enviarlo al futuro mientras reforesta el planeta. \u00a1Escribe tu carta ahora!\" \/>\n<link rel=\"canonical\" href=\"https:\/\/dearmee.com\/es\/escribe\/\" \/>\n<meta property=\"og:locale\" content=\"es_ES\" \/>\n<meta property=\"og:type\" content=\"article\" \/>\n<meta property=\"og:title\" content=\"Dear Mee | Env\u00eda una carta a tu yo del futuro | Escribe tu mensaje\" \/>\n<meta property=\"og:description\" content=\"Dear Mee permite adjuntar videos, audio e im\u00e1genes junto a tu carta para enviarlo al futuro mientras reforesta el planeta. \u00a1Escribe tu carta ahora!\" \/>\n<meta property=\"og:url\" content=\"https:\/\/dearmee.com\/es\/escribe\/\" \/>\n<meta property=\"og:site_name\" content=\"Dear mee\" \/>\n<meta property=\"article:modified_time\" content=\"2021-11-08T23:04:09+00:00\" \/>\n<meta name=\"twitter:card\" content=\"summary_large_image\" \/>\n<meta name=\"twitter:label1\" content=\"Tiempo de lectura\">\n\t<meta name=\"twitter:data1\" content=\"1 minuto\">\n<script type=\"application\/ld+json\" class=\"yoast-schema-graph\">{\"@context\":\"https:\/\/schema.org\",\"@graph\":[{\"@type\":\"WebSite\",\"@id\":\"https:\/\/dearmee.com\/#website\",\"url\":\"https:\/\/dearmee.com\/\",\"name\":\"Dear mee\",\"description\":\"Otro sitio realizado con WordPress\",\"potentialAction\":[{\"@type\":\"SearchAction\",\"target\":\"https:\/\/dearmee.com\/?s={search_term_string}\",\"query-input\":\"required name=search_term_string\"}],\"inLanguage\":\"es\"},{\"@type\":\"WebPage\",\"@id\":\"https:\/\/dearmee.com\/es\/escribe\/#webpage\",\"url\":\"https:\/\/dearmee.com\/es\/escribe\/\",\"name\":\"Dear Mee | Env\\u00eda una carta a tu yo del futuro | Escribe tu mensaje\",\"isPartOf\":{\"@id\":\"https:\/\/dearmee.com\/#website\"},\"datePublished\":\"2021-04-10T15:24:00+00:00\",\"dateModified\":\"2021-11-08T23:04:09+00:00\",\"description\":\"Dear Mee permite adjuntar videos, audio e im\\u00e1genes junto a tu carta para enviarlo al futuro mientras reforesta el planeta. \\u00a1Escribe tu carta ahora!\",\"breadcrumb\":{\"@id\":\"https:\/\/dearmee.com\/es\/escribe\/#breadcrumb\"},\"inLanguage\":\"es\",\"potentialAction\":[{\"@type\":\"ReadAction\",\"target\":[\"https:\/\/dearmee.com\/es\/escribe\/\"]}]},{\"@type\":\"BreadcrumbList\",\"@id\":\"https:\/\/dearmee.com\/es\/escribe\/#breadcrumb\",\"itemListElement\":[{\"@type\":\"ListItem\",\"position\":1,\"item\":{\"@type\":\"WebPage\",\"@id\":\"https:\/\/dearmee.com\/es\/escribe\/\",\"url\":\"https:\/\/dearmee.com\/es\/escribe\/\",\"name\":\"Escribe\"}}]}]}<\/script>\n<!-- \/ Yoast SEO plugin. -->","_links":{"self":[{"href":"https:\/\/dearmee.com\/es\/wp-json\/wp\/v2\/pages\/752","targetHints":{"allow":["GET"]}}],"collection":[{"href":"https:\/\/dearmee.com\/es\/wp-json\/wp\/v2\/pages"}],"about":[{"href":"https:\/\/dearmee.com\/es\/wp-json\/wp\/v2\/types\/page"}],"author":[{"embeddable":true,"href":"https:\/\/dearmee.com\/es\/wp-json\/wp\/v2\/users\/1"}],"replies":[{"embeddable":true,"href":"https:\/\/dearmee.com\/es\/wp-json\/wp\/v2\/comments?post=752"}],"version-history":[{"count":14,"href":"https:\/\/dearmee.com\/es\/wp-json\/wp\/v2\/pages\/752\/revisions"}],"predecessor-version":[{"id":2012,"href":"https:\/\/dearmee.com\/es\/wp-json\/wp\/v2\/pages\/752\/revisions\/2012"}],"wp:attachment":[{"href":"https:\/\/dearmee.com\/es\/wp-json\/wp\/v2\/media?parent=752"}],"curies":[{"name":"wp","href":"https:\/\/api.w.org\/{rel}","templated":true}]}}